{"id":38527,"date":"2023-07-17T20:54:18","date_gmt":"2023-07-17T18:54:18","guid":{"rendered":"https:\/\/www.raschvin.com\/produkt\/glen-scotia-double-cask-rum-cask-finish-70-cl-46\/"},"modified":"2023-07-17T20:54:18","modified_gmt":"2023-07-17T18:54:18","slug":"glen-scotia-double-cask-rum-cask-finish-70-cl-46","status":"publish","type":"product","link":"https:\/\/www.raschvin.com\/sv\/produkt\/glen-scotia-double-cask-rum-cask-finish-70-cl-46\/","title":{"rendered":"Glen Scotia &#8211; Double Cask Rum Cask Finish 70 cl. 46%"},"content":{"rendered":"<p>Om du gillar sm\u00e4lt m\u00f6rkt socker, m\u00f6rka melasstoner, tropisk frukt som rostad kokos, banan och s\u00f6ta persikor s\u00e5 \u00e4r det h\u00e4r f\u00f6r dig! L\u00e4gg till detta den klassiska Campbeltown whiskykarakt\u00e4ren, som \u00e4r &#8221;en oljig munk\u00e4nsla&#8221;, saltad karamell, mogen frukt, krispig kornmalt, m\u00f6rka kryddor och en svag torvr\u00f6k.<\/p>\n<p>L\u00e5ter v\u00e4l ganska bra? Det \u00e4r!<\/p>\n<p>En annorlunda version av v\u00e5r st\u00e4ndigt popul\u00e4ra Glen Scotia Double Cask, v\u00e5r romfinish har inspirerats av Campbeltowns viktorianska f\u00f6rflutna som en av de mest internationellt anslutna hamnarna med handelsv\u00e4gar som str\u00e4cker sig \u00f6ver hela v\u00e4rlden.<\/p>\n<p>Double Cask \u00e4r kanske den perfekta f\u00f6rkroppsligandet av Campbeltown-andan, d\u00e4r v\u00e4ldigt olika personligheter och stilar m\u00f6ts i perfekt enhet f\u00f6r att skapa n\u00e5got extraordin\u00e4rt. N\u00e4r det g\u00e4ller Double Cask Rum Cask Finish visar rekord s\u00e5 l\u00e5ngt tillbaka som 1815, f\u00f6re Glen Scotias grundande, fat med rom som finns och \u00e4r till salu i stan.<\/p>\n<p>Denna whisky hyllar inte bara denna historia, utan h\u00e4mtar sin inspiration fr\u00e5n en av v\u00e5ra mest distinkta och ber\u00f6mda Limited Edition Malt Festival Buttlings.<\/p>\n<p>N\u00c4SA<br \/>\nKokt socker, havsspray och tropiska frukter.<\/p>\n<p>SMAK<br \/>\nRik och exotisk. S\u00f6ta toner av kokt socker och melass balanseras av tropiska frukter av kokos, banan och s\u00f6t persika.<\/p>\n<p>UTG\u00c5NG<br \/>\nV\u00e4rmande kryddor och maritima toner dr\u00f6jer sig kvar.<\/p>\n","protected":false},"excerpt":{"rendered":"<p>Campbeltown Single Malt Scotch Whisky<\/p>\n","protected":false},"featured_media":38535,"template":"","meta":{"_acf_changed":false,"rs_blank_template":"","rs_page_bg_color":"","slide_template_v7":""},"product_brand":[],"product_cat":[2387,2392,4651],"product_tag":[],"class_list":{"0":"post-38527","1":"product","2":"type-product","3":"status-publish","4":"has-post-thumbnail","6":"product_cat-avec-sv","7":"product_cat-whisky-sv","8":"product_cat-single-malt-sv","9":"pa_land-skottland","10":"pa_procent-46-sv","11":"pa_producent-glen-scotia-sv","12":"pa_region-campbeltown-sv","13":"pa_traefad-rum-sv","14":"pa_volume-70-sv-2","16":"first","17":"instock","18":"sale","19":"taxable","20":"shipping-taxable","21":"purchasable","22":"product-type-simple"},"bundled_by":[],"bundle_stock_status":"instock","bundle_stock_quantity":null,"bundle_virtual":false,"bundle_layout":"","bundle_add_to_cart_form_location":"","bundle_editable_in_cart":false,"bundle_sold_individually_context":"","bundle_item_grouping":"","bundle_min_size":"","bundle_max_size":"","bundle_price":[],"bundled_items":[],"bundle_sell_ids":[],"acf":[],"_links":{"self":[{"href":"https:\/\/www.raschvin.com\/sv\/wp-json\/wp\/v2\/product\/38527","targetHints":{"allow":["GET"]}}],"collection":[{"href":"https:\/\/www.raschvin.com\/sv\/wp-json\/wp\/v2\/product"}],"about":[{"href":"https:\/\/www.raschvin.com\/sv\/wp-json\/wp\/v2\/types\/product"}],"wp:featuredmedia":[{"embeddable":true,"href":"https:\/\/www.raschvin.com\/sv\/wp-json\/wp\/v2\/media\/38535"}],"wp:attachment":[{"href":"https:\/\/www.raschvin.com\/sv\/wp-json\/wp\/v2\/media?parent=38527"}],"wp:term":[{"taxonomy":"product_brand","embeddable":true,"href":"https:\/\/www.raschvin.com\/sv\/wp-json\/wp\/v2\/product_brand?post=38527"},{"taxonomy":"product_cat","embeddable":true,"href":"https:\/\/www.raschvin.com\/sv\/wp-json\/wp\/v2\/product_cat?post=38527"},{"taxonomy":"product_tag","embeddable":true,"href":"https:\/\/www.raschvin.com\/sv\/wp-json\/wp\/v2\/product_tag?post=38527"}],"curies":[{"name":"wp","href":"https:\/\/api.w.org\/{rel}","templated":true}]}}