{"id":38096,"date":"2023-07-15T08:39:18","date_gmt":"2023-07-15T06:39:18","guid":{"rendered":"https:\/\/www.raschvin.com\/produkt\/gavioli-lambrusco-amabile-doc-bio-75-cl\/"},"modified":"2023-07-15T08:39:18","modified_gmt":"2023-07-15T06:39:18","slug":"gavioli-lambrusco-amabile-doc-bio-75-cl","status":"publish","type":"product","link":"https:\/\/www.raschvin.com\/sv\/produkt\/gavioli-lambrusco-amabile-doc-bio-75-cl\/","title":{"rendered":"Gavioli Lambrusco Amabile DOC (BIO) 75 cl."},"content":{"rendered":"<p>Gl\u00f6m alla f\u00f6rdomar och l\u00e4s vidare: det h\u00e4r \u00e4r en r\u00f6d kvalitets Lambrusco med en l\u00e4tt s\u00f6tma, och inte den likgiltiga konfirmationsfesten som brutalt f\u00f6r in f\u00f6rsvarsl\u00f6sa ton\u00e5ringar i de vuxnas led.<\/p>\n<p>Gavioli Lambrusco tillverkas av 85% lambrusco di grasparossa di castelvetro, 10% lambrusco di sorbara, 5% malbo gentile. Amabile betyder \u00e4lskv\u00e4rd\/v\u00e4nlig p\u00e5 italienska; ett uttryck som passar bra till dessa utg\u00e5vor med en l\u00e4tt fruktig s\u00f6tma,; allts\u00e5 INTE dessert-s\u00f6t!<br \/>\nBubblorna f\u00e5ngas upp via charmatmetoden (trycktank), som imiterar en klassisk andraj\u00e4sning, men i en stor tank ist\u00e4llet f\u00f6r den enskilda flaskan. Hela tanken buteljeras sedan under tryck. Detta resulterar i ett betydligt mer prisv\u00e4rt vin som \u00e4nd\u00e5 lyckas presentera sig med fina, ih\u00e5llande bubblor.<\/p>\n<p>Denna lambrusco h\u00e5lls i en fr\u00e4sch, lite s\u00f6t stil. S\u00f6t som i vad? S\u00f6tman har ett fr\u00e4scht och delikat uttryck med en unken kvalitet som \u00e4r v\u00e4ldigt uppfriskande.<\/p>\n<p>F\u00e4rgen \u00e4r djup med lila nyanser, men doften och smaken \u00e4r packad med hallon, bj\u00f6rnb\u00e4r och fullmogna svarta vinb\u00e4r. Det finns en bra balans i smaken, d\u00e4r den lilla inslaget av fruktsyra h\u00e5ller s\u00f6tman perfekt under kontroll.<\/p>\n<p>Den passar utm\u00e4rkt som aperitif, men prova \u00e4ven med frukt, en sk\u00e5l med b\u00e4r ev marinerad med lite socker och ev en skv\u00e4tt balsamvin\u00e4ger.<\/p>\n<p>Avnjuts kylt i kylen i sin ungdom &#8211; det h\u00e4r \u00e4r inte vinet som ska sitta i tv\u00e5 \u00e5r i vink\u00e4llaren.<\/p>\n","protected":false},"excerpt":{"rendered":"<p>Grasparossa di Castelvetro \u2013 Italy<\/p>\n","protected":false},"featured_media":38268,"template":"","meta":{"_acf_changed":false,"rs_blank_template":"","rs_page_bg_color":"","slide_template_v7":""},"product_brand":[],"product_cat":[2779,2776],"product_tag":[],"class_list":{"0":"post-38096","1":"product","2":"type-product","3":"status-publish","4":"has-post-thumbnail","6":"product_cat-andra","7":"product_cat-mousserende-sv","8":"pa_drue-lambrusco-di-grasparossa-di-castelvetro-sv","9":"pa_drue-lambrusco-di-sorbara-sv","10":"pa_drue-malbo-gentile-sv","11":"pa_land-italien-sv","12":"pa_oekologisk-ja-sv","13":"pa_procent-11-sv","14":"pa_producent-gavioli-sv","15":"pa_region-modena-sv","16":"pa_serveringstemperatur-10-12-sv-2","17":"pa_volume-75-sv","19":"first","20":"instock","21":"taxable","22":"shipping-taxable","23":"purchasable","24":"product-type-simple"},"bundled_by":[],"bundle_stock_status":"instock","bundle_stock_quantity":null,"bundle_virtual":false,"bundle_layout":"","bundle_add_to_cart_form_location":"","bundle_editable_in_cart":false,"bundle_sold_individually_context":"","bundle_item_grouping":"","bundle_min_size":"","bundle_max_size":"","bundle_price":[],"bundled_items":[],"bundle_sell_ids":[],"acf":[],"_links":{"self":[{"href":"https:\/\/www.raschvin.com\/sv\/wp-json\/wp\/v2\/product\/38096","targetHints":{"allow":["GET"]}}],"collection":[{"href":"https:\/\/www.raschvin.com\/sv\/wp-json\/wp\/v2\/product"}],"about":[{"href":"https:\/\/www.raschvin.com\/sv\/wp-json\/wp\/v2\/types\/product"}],"wp:featuredmedia":[{"embeddable":true,"href":"https:\/\/www.raschvin.com\/sv\/wp-json\/wp\/v2\/media\/38268"}],"wp:attachment":[{"href":"https:\/\/www.raschvin.com\/sv\/wp-json\/wp\/v2\/media?parent=38096"}],"wp:term":[{"taxonomy":"product_brand","embeddable":true,"href":"https:\/\/www.raschvin.com\/sv\/wp-json\/wp\/v2\/product_brand?post=38096"},{"taxonomy":"product_cat","embeddable":true,"href":"https:\/\/www.raschvin.com\/sv\/wp-json\/wp\/v2\/product_cat?post=38096"},{"taxonomy":"product_tag","embeddable":true,"href":"https:\/\/www.raschvin.com\/sv\/wp-json\/wp\/v2\/product_tag?post=38096"}],"curies":[{"name":"wp","href":"https:\/\/api.w.org\/{rel}","templated":true}]}}