{"id":38093,"date":"2023-07-15T08:12:05","date_gmt":"2023-07-15T06:12:05","guid":{"rendered":"https:\/\/www.raschvin.com\/produkt\/ricossa-barbaresco-docg-2015-75-cl\/"},"modified":"2025-01-29T11:20:54","modified_gmt":"2025-01-29T10:20:54","slug":"ricossa-barbaresco-docg-2015-75-cl","status":"publish","type":"product","link":"https:\/\/www.raschvin.com\/sv\/produkt\/ricossa-barbaresco-docg-2015-75-cl\/","title":{"rendered":"Ricossa Barbaresco DOCG 2020 75 cl."},"content":{"rendered":"<p>Ricossa Barbaresco kommer fr\u00e5n f\u00e4lt runt staden med samma namn som ligger n\u00e4ra Alba i hisnande Piemonte med sina b\u00f6ljande kullar och utsikt \u00f6ver de sn\u00f6iga Alperna. Liksom sin kollega Barolo produceras detta vin uteslutande p\u00e5 Nebbiolo, handsk\u00f6rdat tidigt p\u00e5 h\u00f6sten.<\/p>\n<p>Efter en temperaturkontrollerad vinifiering lagras vinet ett bra \u00e5r p\u00e5 stora ekfat innan ytterligare flasklagring i svala k\u00e4llare nedanf\u00f6r staden Priocca: det tar tid att mjuka upp Nebbiolo-druvans temperament.<br \/>\nRicossa Barbaresco \u00e4r p\u00e5 den modernistiska\/traditionalistiska skalan (\u00e4lskad och hatad&#8230;) n\u00e5gonstans bekv\u00e4mt d\u00e4remellan. H\u00e4r sker vinifiering med modern utrustning, men snabb, intensiv utvinning och sm\u00e5, nya fat undviks, s\u00e5 att vinet beh\u00e5ller sin druvidentitet och platsk\u00e4nsla.<\/p>\n<p>Trots en krispig struktur \u00e4r detta inget m\u00f6rkt, dystert vin. Nebbiolo producerar inte djupt f\u00e4rgade viner, men lyckas kombinera kraft och elegans. Arom och smak uppvisar ett mycket komplext utbud av r\u00f6d frukt, l\u00e4der, torkade blommor och svart te. Torrhet balanseras av fyllighet och druvmaterialets mognad.<\/p>\n<p>Ricossa Barbaresco \u00e4r ett klassiskt matvin som \u00e4r som b\u00e4st n\u00e4r det serveras till k\u00e4rleksfullt tillagat k\u00f6tt; som k\u00f6ttgrytor som tillbringar timmar snarare \u00e4n minuter p\u00e5 spisen; sjudr\u00e4tter fr\u00e5n det piemontesiska k\u00f6ket \u00e4r sj\u00e4lvskrivna.<\/p>\n<p>Vi rekommenderar ett rymligt &#8217;burgunderglas&#8217; och en serveringstemperatur p\u00e5 cirka 17-18\u00b0.<\/p>\n","protected":false},"excerpt":{"rendered":"<p>Prodotto In Italia<\/p>\n","protected":false},"featured_media":38280,"template":"","meta":{"_acf_changed":false,"rs_blank_template":"","rs_page_bg_color":"","slide_template_v7":""},"product_brand":[],"product_cat":[2788,2798],"product_tag":[],"class_list":{"0":"post-38093","1":"product","2":"type-product","3":"status-publish","4":"has-post-thumbnail","6":"product_cat-vin-sv","7":"product_cat-roedvin-sv","8":"pa_aargang-2020-sv","9":"pa_drue-nebbiolo-sv","10":"pa_land-italien-sv","11":"pa_procent-13-5-sv","12":"pa_producent-ricossa-sv","13":"pa_region-piemonte-sv","14":"pa_serveringstemperatur-17-18-sv","15":"pa_volume-75-sv","17":"first","18":"instock","19":"taxable","20":"shipping-taxable","21":"purchasable","22":"product-type-simple"},"bundled_by":[],"bundle_stock_status":"instock","bundle_stock_quantity":null,"bundle_virtual":false,"bundle_layout":"","bundle_add_to_cart_form_location":"","bundle_editable_in_cart":false,"bundle_sold_individually_context":"","bundle_item_grouping":"","bundle_min_size":"","bundle_max_size":"","bundle_price":[],"bundled_items":[],"bundle_sell_ids":[],"acf":[],"_links":{"self":[{"href":"https:\/\/www.raschvin.com\/sv\/wp-json\/wp\/v2\/product\/38093","targetHints":{"allow":["GET"]}}],"collection":[{"href":"https:\/\/www.raschvin.com\/sv\/wp-json\/wp\/v2\/product"}],"about":[{"href":"https:\/\/www.raschvin.com\/sv\/wp-json\/wp\/v2\/types\/product"}],"wp:featuredmedia":[{"embeddable":true,"href":"https:\/\/www.raschvin.com\/sv\/wp-json\/wp\/v2\/media\/38280"}],"wp:attachment":[{"href":"https:\/\/www.raschvin.com\/sv\/wp-json\/wp\/v2\/media?parent=38093"}],"wp:term":[{"taxonomy":"product_brand","embeddable":true,"href":"https:\/\/www.raschvin.com\/sv\/wp-json\/wp\/v2\/product_brand?post=38093"},{"taxonomy":"product_cat","embeddable":true,"href":"https:\/\/www.raschvin.com\/sv\/wp-json\/wp\/v2\/product_cat?post=38093"},{"taxonomy":"product_tag","embeddable":true,"href":"https:\/\/www.raschvin.com\/sv\/wp-json\/wp\/v2\/product_tag?post=38093"}],"curies":[{"name":"wp","href":"https:\/\/api.w.org\/{rel}","templated":true}]}}