{"id":38057,"date":"2023-07-13T07:45:42","date_gmt":"2023-07-13T05:45:42","guid":{"rendered":"https:\/\/www.raschvin.com\/produkt\/silverboom-shiraz-merlot-special-reserve-75-cl\/"},"modified":"2023-07-13T07:45:42","modified_gmt":"2023-07-13T05:45:42","slug":"silverboom-shiraz-merlot-special-reserve-75-cl","status":"publish","type":"product","link":"https:\/\/www.raschvin.com\/sv\/produkt\/silverboom-shiraz-merlot-special-reserve-75-cl\/","title":{"rendered":"Silverboom Shiraz Merlot Special Reserve 75 cl."},"content":{"rendered":"<p>Mjukt och fylligt vin med mycket av Sydafrikas sol och v\u00e4rme. En s\u00e4ker vinnare!<\/p>\n<p>Bra p\u00e5:<br \/>\nGrill, biff, ost &#8211; stark, ost &#8211; mild<\/p>\n<p>MJUK, FULL OCH IDRAGANDE<\/p>\n<p>Silverboom Shiraz-Merlot \u00e4r ett s\u00e4rskilt mjukt och fylligt vin med mycket Sydafrikas sol och v\u00e4rme i glaset. I doften finns en m\u00e4ngd vilda b\u00e4r och lakrits samt en fin ton av kryddor. I smaken m\u00f6ts man av samma toner som i doften och h\u00e4r kompletteras det komplexa smakintrycket av peppar och fina fasta tanniner samt en l\u00e5ng ih\u00e5llande eftersmak. Silverboom kan b\u00e4st avnjutas nu, men kan ocks\u00e5 l\u00e4tt st\u00e5 upp till fem \u00e5r fr\u00e5n sk\u00f6rde\u00e5ret.<\/p>\n<p>Njut av Silverboom Shiraz-Merlot till r\u00f6tt k\u00f6tt, kryddig mat, medelstarka ostar eller till en riktigt god hamburgare.<\/p>\n<p>Serveringstemperatur: 16-18\u00b0C<\/p>\n<p>Tillverkning<\/p>\n<p>Engagerade och specialiserade vinmakare har noggrant valt ut Shiraz- och Merlot-druvorna f\u00f6r detta underbara och kraftfulla vin. Druvorna sk\u00f6rdas vid optimal mognad f\u00f6r att s\u00e4kerst\u00e4lla ett vin med mycket juice, intensitet och kraft. Silverboom \u00e4r j\u00e4st upp till en alkoholprocent p\u00e5 15%. J\u00e4sningen stoppas sedan f\u00f6r att f\u00e5 ett vin som visar en fin balans mellan koncentration i smaken och en fin s\u00f6tma p\u00e5 slutet.<\/p>\n<p>CO2 &#8211; Milj\u00f6v\u00e4nlig<\/p>\n<p>Transport av vin i bulk fr\u00e5n ursprungslandet till buteljering i Danmark utg\u00f6r en avsev\u00e4rt minskad CO2-belastning j\u00e4mf\u00f6rt med vin som importeras p\u00e5 flaska. Som ett erk\u00e4nnande av det minskade CO2-avtrycket, men ocks\u00e5 f\u00f6rs\u00e4kran om vinets kvalitet samt de ekonomiska f\u00f6rdelarna med att transportera vin i bulk, utg\u00f6r bulkvin en allt st\u00f6rre del av v\u00e5r verksamhet. L\u00e4s mer h\u00e4r &#8211; www.co2friendlywine.eu.<\/p>\n<p>Om tillverkaren<\/p>\n<p>Silverboom \u00e4r viner av h\u00f6gsta kvalitet fr\u00e5n Sydafrika.<\/p>\n<p>Sydafrika har genomg\u00e5tt en kolossal f\u00f6r\u00e4ndring de senaste decennierna och landet \u00e4r idag kapabelt att leverera ett hav av h\u00e4rliga viner. En av de viktigaste anledningarna till detta \u00e4r landets l\u00e4ge. F\u00f6rutom skickliga vinmakare kr\u00e4ver gott vin en rad faktorer: sol, v\u00e4rme, kyla och en bra jordm\u00e5n. Allt detta finns i Sydafrika. Under de senaste \u00e5ren har Sydafrika ocks\u00e5 fostrat en ny och innovativ generation av vinmakare. M\u00e4nniskor med \u00f6gonen p\u00e5 resten av vinv\u00e4rlden, d\u00e4r de s\u00f6ker inspiration i b\u00e5de Italien och Frankrike.<\/p>\n<p>Silverboom \u00e4r resultatet av mycket skickliga vinmakare och gener\u00f6s natur. Det b\u00e4sta fr\u00e5n Sydafrika gjort med en god dos europeisk stil.<\/p>\n<p>Recensioner fr\u00e5n andra \u00e5r<\/p>\n<p>Klass 2021<\/p>\n<p>  \u2014 Japan Awards 2022 (2022-05-23)<\/p>\n","protected":false},"excerpt":{"rendered":"<p>Coastal Region Western Cape \u2013 South Africa<\/p>\n","protected":false},"featured_media":38229,"template":"","meta":{"_acf_changed":false,"rs_blank_template":"","rs_page_bg_color":"","slide_template_v7":""},"product_brand":[],"product_cat":[2788,2798],"product_tag":[],"class_list":{"0":"post-38057","1":"product","2":"type-product","3":"status-publish","4":"has-post-thumbnail","6":"product_cat-vin-sv","7":"product_cat-roedvin-sv","8":"pa_drue-merlot-sv","9":"pa_drue-shiraz-sv","10":"pa_land-sydafrika-sv","11":"pa_procent-15-sv","12":"pa_producent-taster-wine-sv","13":"pa_region-western-cape-sv","14":"pa_serveringstemperatur-16-18-sv","15":"pa_volume-75-sv","17":"first","18":"instock","19":"taxable","20":"shipping-taxable","21":"purchasable","22":"product-type-simple"},"bundled_by":[],"bundle_stock_status":"instock","bundle_stock_quantity":null,"bundle_virtual":false,"bundle_layout":"","bundle_add_to_cart_form_location":"","bundle_editable_in_cart":false,"bundle_sold_individually_context":"","bundle_item_grouping":"","bundle_min_size":"","bundle_max_size":"","bundle_price":[],"bundled_items":[],"bundle_sell_ids":[],"acf":[],"_links":{"self":[{"href":"https:\/\/www.raschvin.com\/sv\/wp-json\/wp\/v2\/product\/38057","targetHints":{"allow":["GET"]}}],"collection":[{"href":"https:\/\/www.raschvin.com\/sv\/wp-json\/wp\/v2\/product"}],"about":[{"href":"https:\/\/www.raschvin.com\/sv\/wp-json\/wp\/v2\/types\/product"}],"wp:featuredmedia":[{"embeddable":true,"href":"https:\/\/www.raschvin.com\/sv\/wp-json\/wp\/v2\/media\/38229"}],"wp:attachment":[{"href":"https:\/\/www.raschvin.com\/sv\/wp-json\/wp\/v2\/media?parent=38057"}],"wp:term":[{"taxonomy":"product_brand","embeddable":true,"href":"https:\/\/www.raschvin.com\/sv\/wp-json\/wp\/v2\/product_brand?post=38057"},{"taxonomy":"product_cat","embeddable":true,"href":"https:\/\/www.raschvin.com\/sv\/wp-json\/wp\/v2\/product_cat?post=38057"},{"taxonomy":"product_tag","embeddable":true,"href":"https:\/\/www.raschvin.com\/sv\/wp-json\/wp\/v2\/product_tag?post=38057"}],"curies":[{"name":"wp","href":"https:\/\/api.w.org\/{rel}","templated":true}]}}