{"id":38052,"date":"2023-07-13T07:37:59","date_gmt":"2023-07-13T05:37:59","guid":{"rendered":"https:\/\/www.raschvin.com\/produkt\/silverboom-pinotage-rose-special-reserve-75-cl\/"},"modified":"2023-07-13T07:37:59","modified_gmt":"2023-07-13T05:37:59","slug":"silverboom-pinotage-rose-special-reserve-75-cl","status":"publish","type":"product","link":"https:\/\/www.raschvin.com\/sv\/produkt\/silverboom-pinotage-rose-special-reserve-75-cl\/","title":{"rendered":"Silverboom Pinotage Ros\u00e9 Special Reserve 75 cl."},"content":{"rendered":"<p>Vackert ros\u00e9vin, n\u00e4stan rosa i glaset med gyllene reflektioner fr\u00e5n den sydafrikanska solen. Spr\u00e4ngfylld med mogna r\u00f6da jordgubbar och k\u00f6rsb\u00e4r.<\/p>\n<p>Bra p\u00e5:<br \/>\nAnka, aperitif, sallader<\/p>\n<p>KNAPPA, F\u00c4RSKA OCH FRUKTIG<\/p>\n<p>Silverboom Pinotage Ros\u00e9 \u00e4r en fin rosa med gyllene reflektioner. Doften \u00e4r spr\u00e4ngfylld av mogna r\u00f6da jordgubbar och k\u00f6rsb\u00e4r. Silverboom har en f\u00f6rtjusande smak av sydafrikansk sol med s\u00f6ta mogna frukter och en rik ih\u00e5llande eftersmak.<\/p>\n<p>Njut av Silverboom Pinotage Ros\u00e9 till l\u00e4tta k\u00f6ttr\u00e4tter, sallader eller om du bara vill ha en smak av solsken.<\/p>\n<p>Serveringstemperatur: 8-10\u00b0C<\/p>\n<p>Tillverkning<\/p>\n<p>Engagerade och specialiserade vinmakare har noggrant valt ut druvorna till detta fina krispiga ros\u00e9vin. Pinotage-druvorna kommer fr\u00e5n bush vines och f\u00f6r att uppn\u00e5 &#8221;special reserve&#8221;-stilen sk\u00f6rdas druvorna mer mogna \u00e4n vanligt f\u00f6r ros\u00e9viner. Musten j\u00e4ser vid sval temperatur i tre veckor f\u00f6r att beh\u00e5lla den f\u00e4rska frukts\u00f6tman i vinet. N\u00e4r vinet n\u00e5tt den idealiska alkohol- och sockerniv\u00e5n stoppas j\u00e4sningen, vilket s\u00e4kerst\u00e4ller ett vin med perfekt frukt och friskhet.<\/p>\n<p>CO2 &#8211; Milj\u00f6v\u00e4nlig<\/p>\n<p>Transport av vin i bulk fr\u00e5n ursprungslandet till buteljering i Danmark utg\u00f6r en avsev\u00e4rt minskad CO2-belastning j\u00e4mf\u00f6rt med vin som importeras p\u00e5 flaska. Som ett erk\u00e4nnande av det minskade CO2-avtrycket, men ocks\u00e5 f\u00f6rs\u00e4kran om vinets kvalitet samt de ekonomiska f\u00f6rdelarna med att transportera vin i bulk, utg\u00f6r bulkvin en allt st\u00f6rre del av v\u00e5r verksamhet. L\u00e4s mer h\u00e4r &#8211; www.co2friendlywine.eu.<\/p>\n<p>Om tillverkaren<\/p>\n<p>Silverboom \u00e4r viner av h\u00f6gsta kvalitet fr\u00e5n Sydafrika.<\/p>\n<p>Sydafrika har genomg\u00e5tt en kolossal f\u00f6r\u00e4ndring de senaste decennierna och landet \u00e4r idag kapabelt att leverera ett hav av h\u00e4rliga viner. En av de viktigaste anledningarna till detta \u00e4r landets l\u00e4ge. F\u00f6rutom skickliga vinmakare kr\u00e4ver gott vin en rad faktorer: sol, v\u00e4rme, kyla och en bra jordm\u00e5n. Allt detta finns i Sydafrika. Under de senaste \u00e5ren har Sydafrika ocks\u00e5 fostrat en ny och innovativ generation av vinmakare. M\u00e4nniskor med \u00f6gonen p\u00e5 resten av vinv\u00e4rlden, d\u00e4r de s\u00f6ker inspiration i b\u00e5de Italien och Frankrike.<\/p>\n<p>Silverboom \u00e4r resultatet av mycket skickliga vinmakare och gener\u00f6s natur. Det b\u00e4sta fr\u00e5n Sydafrika gjort med en god dos europeisk stil.<\/p>\n<p>Recensioner fr\u00e5n andra \u00e5r<\/p>\n<p>Klass 2021<\/p>\n<p>  \u2014 Luca Maroni (2021-11-17)<\/p>\n","protected":false},"excerpt":{"rendered":"<p>Coastal Region Western Cape \u2013 South Africa<\/p>\n","protected":false},"featured_media":38387,"template":"","meta":{"_acf_changed":false,"rs_blank_template":"","rs_page_bg_color":"","slide_template_v7":""},"product_brand":[],"product_cat":[2788,2796],"product_tag":[],"class_list":{"0":"post-38052","1":"product","2":"type-product","3":"status-publish","4":"has-post-thumbnail","6":"product_cat-vin-sv","7":"product_cat-rosevin-sv","8":"pa_drue-pinotage-sv","9":"pa_land-sydafrika-sv","10":"pa_procent-14-sv","11":"pa_producent-taster-wine-sv","12":"pa_region-western-cape-sv","13":"pa_serveringstemperatur-8-10-sv","14":"pa_volume-75-sv","16":"first","17":"instock","18":"taxable","19":"shipping-taxable","20":"purchasable","21":"product-type-simple"},"bundled_by":[],"bundle_stock_status":"instock","bundle_stock_quantity":null,"bundle_virtual":false,"bundle_layout":"","bundle_add_to_cart_form_location":"","bundle_editable_in_cart":false,"bundle_sold_individually_context":"","bundle_item_grouping":"","bundle_min_size":"","bundle_max_size":"","bundle_price":[],"bundled_items":[],"bundle_sell_ids":[],"acf":[],"_links":{"self":[{"href":"https:\/\/www.raschvin.com\/sv\/wp-json\/wp\/v2\/product\/38052","targetHints":{"allow":["GET"]}}],"collection":[{"href":"https:\/\/www.raschvin.com\/sv\/wp-json\/wp\/v2\/product"}],"about":[{"href":"https:\/\/www.raschvin.com\/sv\/wp-json\/wp\/v2\/types\/product"}],"wp:featuredmedia":[{"embeddable":true,"href":"https:\/\/www.raschvin.com\/sv\/wp-json\/wp\/v2\/media\/38387"}],"wp:attachment":[{"href":"https:\/\/www.raschvin.com\/sv\/wp-json\/wp\/v2\/media?parent=38052"}],"wp:term":[{"taxonomy":"product_brand","embeddable":true,"href":"https:\/\/www.raschvin.com\/sv\/wp-json\/wp\/v2\/product_brand?post=38052"},{"taxonomy":"product_cat","embeddable":true,"href":"https:\/\/www.raschvin.com\/sv\/wp-json\/wp\/v2\/product_cat?post=38052"},{"taxonomy":"product_tag","embeddable":true,"href":"https:\/\/www.raschvin.com\/sv\/wp-json\/wp\/v2\/product_tag?post=38052"}],"curies":[{"name":"wp","href":"https:\/\/api.w.org\/{rel}","templated":true}]}}