{"id":38046,"date":"2023-07-13T07:20:41","date_gmt":"2023-07-13T05:20:41","guid":{"rendered":"https:\/\/www.raschvin.com\/produkt\/silverboom-sauvignon-blanc-special-reserve-75-cl\/"},"modified":"2023-07-13T07:20:41","modified_gmt":"2023-07-13T05:20:41","slug":"silverboom-sauvignon-blanc-special-reserve-75-cl","status":"publish","type":"product","link":"https:\/\/www.raschvin.com\/sv\/produkt\/silverboom-sauvignon-blanc-special-reserve-75-cl\/","title":{"rendered":"Silverboom Sauvignon Blanc Special Reserve 75 cl."},"content":{"rendered":"<p>L\u00e4cker krispig och fruktig Sauvignon Blanc i Silverboom-serien.<\/p>\n<p>Bra p\u00e5:<br \/>\nKyckling och kalkon, ost &#8211; mild, sallader, skaldjur<\/p>\n<p>KRAFTIG OCH FRUKTIG<\/p>\n<p>Silverboom Sauvignon Blanc har en inbjudande klar gyllene f\u00e4rg. Vinet \u00e4r krispigt och fruktigt med toner av krusb\u00e4r, gr\u00f6na \u00e4pplen och citrus. Silverboom Sauvignon Blanc \u00e4r s\u00e4rskilt harmonisk med en l\u00e4tt mineralisk underton. Eftersmaken \u00e4r behaglig och glider elegant p\u00e5 gommen.<br \/>\nNjut av vinet till thaimat, r\u00e4tter med l\u00e4tt k\u00f6tt eller gr\u00f6nsaker eller till ostar. Testa \u00e4ven att servera vinet till efterr\u00e4tten!<\/p>\n<p>Serveringstemperatur: 10-15\u00b0C<\/p>\n<p>Tillverkning<\/p>\n<p>Passionerade vinmakare v\u00e4ljer noggrant ut druvorna till Silverboom Sauvignon Blanc fr\u00e5n f\u00e4lt i Western Cape-regionen i Sydafrika, d\u00e4r medelhavsklimatet bidrar till en perfekt mognadsperiod f\u00f6r druvorna. F\u00f6r att s\u00e4kerst\u00e4lla f\u00e4rskheten och surheten i druvorna sk\u00f6rdas de under de svala morgontimmarna och j\u00e4sningen sker vid l\u00e5g temperatur i rostfria st\u00e5ltankar.<\/p>\n<p>Om tillverkaren<\/p>\n<p>Silverboom \u00e4r viner av h\u00f6gsta kvalitet fr\u00e5n Sydafrika.<\/p>\n<p>Sydafrika har genomg\u00e5tt en kolossal f\u00f6r\u00e4ndring de senaste decennierna och landet \u00e4r idag kapabelt att leverera ett hav av h\u00e4rliga viner. En av de viktigaste anledningarna till detta \u00e4r landets l\u00e4ge. F\u00f6rutom skickliga vinmakare kr\u00e4ver gott vin en rad faktorer: sol, v\u00e4rme, kyla och en bra jordm\u00e5n. Allt detta finns i Sydafrika. Under de senaste \u00e5ren har Sydafrika ocks\u00e5 fostrat en ny och innovativ generation av vinmakare. M\u00e4nniskor med \u00f6gonen p\u00e5 resten av vinv\u00e4rlden, d\u00e4r de s\u00f6ker inspiration i b\u00e5de Italien och Frankrike.<\/p>\n<p>Silverboom \u00e4r resultatet av mycket skickliga vinmakare och gener\u00f6s natur. Det b\u00e4sta fr\u00e5n Sydafrika gjort med en god dos europeisk stil.<\/p>\n<p>Recensioner fr\u00e5n andra \u00e5r<\/p>\n<p>Klass 2021<\/p>\n<p>  \u2014 Japan Awards 2022 (2022-05-23)<\/p>\n","protected":false},"excerpt":{"rendered":"<p>W.O Western Cape &#8211; South Africa <\/p>\n","protected":false},"featured_media":38408,"template":"","meta":{"_acf_changed":false,"rs_blank_template":"","rs_page_bg_color":"","slide_template_v7":""},"product_brand":[],"product_cat":[2788,2792],"product_tag":[],"class_list":{"0":"post-38046","1":"product","2":"type-product","3":"status-publish","4":"has-post-thumbnail","6":"product_cat-vin-sv","7":"product_cat-vitt-vin","8":"pa_drue-sauvignon-blanc-sv","9":"pa_land-sydafrika-sv","10":"pa_procent-12-5-sv","11":"pa_producent-taster-wine-sv","12":"pa_region-western-cape-sv","13":"pa_serveringstemperatur-10-15-sv","14":"pa_volume-75-sv","16":"first","17":"instock","18":"taxable","19":"shipping-taxable","20":"purchasable","21":"product-type-simple"},"bundled_by":["119679"],"bundle_stock_status":"instock","bundle_stock_quantity":null,"bundle_virtual":false,"bundle_layout":"","bundle_add_to_cart_form_location":"","bundle_editable_in_cart":false,"bundle_sold_individually_context":"","bundle_item_grouping":"","bundle_min_size":"","bundle_max_size":"","bundle_price":[],"bundled_items":[],"bundle_sell_ids":[],"acf":[],"_links":{"self":[{"href":"https:\/\/www.raschvin.com\/sv\/wp-json\/wp\/v2\/product\/38046","targetHints":{"allow":["GET"]}}],"collection":[{"href":"https:\/\/www.raschvin.com\/sv\/wp-json\/wp\/v2\/product"}],"about":[{"href":"https:\/\/www.raschvin.com\/sv\/wp-json\/wp\/v2\/types\/product"}],"wp:featuredmedia":[{"embeddable":true,"href":"https:\/\/www.raschvin.com\/sv\/wp-json\/wp\/v2\/media\/38408"}],"wp:attachment":[{"href":"https:\/\/www.raschvin.com\/sv\/wp-json\/wp\/v2\/media?parent=38046"}],"wp:term":[{"taxonomy":"product_brand","embeddable":true,"href":"https:\/\/www.raschvin.com\/sv\/wp-json\/wp\/v2\/product_brand?post=38046"},{"taxonomy":"product_cat","embeddable":true,"href":"https:\/\/www.raschvin.com\/sv\/wp-json\/wp\/v2\/product_cat?post=38046"},{"taxonomy":"product_tag","embeddable":true,"href":"https:\/\/www.raschvin.com\/sv\/wp-json\/wp\/v2\/product_tag?post=38046"}],"curies":[{"name":"wp","href":"https:\/\/api.w.org\/{rel}","templated":true}]}}