{"id":38026,"date":"2023-07-12T13:12:35","date_gmt":"2023-07-12T11:12:35","guid":{"rendered":"https:\/\/www.raschvin.com\/produkt\/grande-alberone-bianco-75-cl\/"},"modified":"2023-07-12T13:12:35","modified_gmt":"2023-07-12T11:12:35","slug":"grande-alberone-bianco-75-cl","status":"publish","type":"product","link":"https:\/\/www.raschvin.com\/sv\/produkt\/grande-alberone-bianco-75-cl\/","title":{"rendered":"Grande Alberone Bianco 75 cl."},"content":{"rendered":"<p>Grande Alberone White Edition \u00e4r ett uts\u00f6kt dj\u00e4rvt och fylligt vitt vin som tydligt speglar att Sicilien ocks\u00e5 kan leverera vita viner av h\u00f6g kvalitet. Mycket sol och frukt p\u00e5 flaska, med den underbaraste blommiga, fruktiga buketten.<\/p>\n<p>Bra p\u00e5:<br \/>\nF\u00f6rr\u00e4tter, fisk &#8211; fet, fisk &#8211; mager, kyckling och kalkon<\/p>\n<p>FULL, MJUK OCH BALANSERAD<\/p>\n<p>Vinet \u00e4r fint halmgult i glaset med en frisk fruktig doft av persika, citrus och \u00e4pplen. Smaken \u00e4r fyllig med bra fetma och en mjuk och balanserad eftersmak.<\/p>\n<p>Passar som aperitif eller till r\u00e4tter med fisk och ljust k\u00f6tt.<\/p>\n<p>Serveringstemperatur: 8-10\u00b0C<\/p>\n<p>Tillverkning<\/p>\n<p>Vinmakarna v\u00e4ljer ut de b\u00e4sta druvorna till Grande Alberone Bianco. Druvorna avstj\u00e4lkas och pressas f\u00f6rsiktigt. De bl\u00f6tl\u00e4ggs i sex timmar i musten. Musten j\u00e4ser sedan utan skal i rostfria tankar vid en kontrollerad temperatur p\u00e5 16-18\u00b0C. Denna vinframst\u00e4llning<br \/>\nprocessen g\u00f6r det m\u00f6jligt att extrahera s\u00e5 m\u00e5nga fruktiga aromer som<br \/>\nm\u00f6jligt, vilket g\u00f6r detta vin s\u00e4rskilt karakteristiskt.<\/p>\n<p>Om tillverkaren<\/p>\n<p>Provinco Italia \u00e4r en del av Italian Wine Brands SpA. Med ett gediget n\u00e4tverk av vinleverant\u00f6rer har IWB producerat vin p\u00e5 sina egna ving\u00e5rdar i mer \u00e4n 100 \u00e5r. Produktionsomr\u00e5dena \u00e4r breda. IWB har viner fr\u00e5n Piemonte till Puglia, men \u00e4ven mellanomr\u00e5dena Veneto och Toscana samt de stora \u00f6arna Sicilien och Sardinien finns i deras utbud. IWB har b\u00e5de Barolo, prosecco och de stora toskanska r\u00f6da vinerna, men \u00e4ven viner fr\u00e5n nya sp\u00e4nnande omr\u00e5den som Primitivo di Manduria.<br \/>\nMed mottot &#8221;vi menar kvalitet&#8221; har det innovativa f\u00f6retaget manifesterat sig som en av de ledande leverant\u00f6rerna av italienska kvalitetsviner.<br \/>\nProvinco Italia har ett mycket tydligt uppdrag, &#8221;vi utvecklar innovativa produkter av h\u00f6gsta kvalitet fr\u00e5n alla Italiens vinregioner. Kvalitet och service \u00e4r v\u00e5ra ledord\u201d.<\/p>\n","protected":false},"excerpt":{"rendered":"<p>Vino Bianco D&#8217;Italia <\/p>\n","protected":false},"featured_media":38450,"template":"","meta":{"_acf_changed":false,"rs_blank_template":"","rs_page_bg_color":"","slide_template_v7":""},"product_brand":[],"product_cat":[2788,2792],"product_tag":[],"class_list":{"0":"post-38026","1":"product","2":"type-product","3":"status-publish","4":"has-post-thumbnail","6":"product_cat-vin-sv","7":"product_cat-vitt-vin","8":"pa_land-italien-sv","9":"pa_procent-13-sv","10":"pa_producent-provinco-sv","11":"pa_region-sicilien-sv","12":"pa_serveringstemperatur-8-10-sv","13":"pa_volume-75-sv","15":"first","16":"instock","17":"taxable","18":"shipping-taxable","19":"purchasable","20":"product-type-simple"},"bundled_by":[],"bundle_stock_status":"instock","bundle_stock_quantity":null,"bundle_virtual":false,"bundle_layout":"","bundle_add_to_cart_form_location":"","bundle_editable_in_cart":false,"bundle_sold_individually_context":"","bundle_item_grouping":"","bundle_min_size":"","bundle_max_size":"","bundle_price":[],"bundled_items":[],"bundle_sell_ids":[],"acf":[],"_links":{"self":[{"href":"https:\/\/www.raschvin.com\/sv\/wp-json\/wp\/v2\/product\/38026","targetHints":{"allow":["GET"]}}],"collection":[{"href":"https:\/\/www.raschvin.com\/sv\/wp-json\/wp\/v2\/product"}],"about":[{"href":"https:\/\/www.raschvin.com\/sv\/wp-json\/wp\/v2\/types\/product"}],"wp:featuredmedia":[{"embeddable":true,"href":"https:\/\/www.raschvin.com\/sv\/wp-json\/wp\/v2\/media\/38450"}],"wp:attachment":[{"href":"https:\/\/www.raschvin.com\/sv\/wp-json\/wp\/v2\/media?parent=38026"}],"wp:term":[{"taxonomy":"product_brand","embeddable":true,"href":"https:\/\/www.raschvin.com\/sv\/wp-json\/wp\/v2\/product_brand?post=38026"},{"taxonomy":"product_cat","embeddable":true,"href":"https:\/\/www.raschvin.com\/sv\/wp-json\/wp\/v2\/product_cat?post=38026"},{"taxonomy":"product_tag","embeddable":true,"href":"https:\/\/www.raschvin.com\/sv\/wp-json\/wp\/v2\/product_tag?post=38026"}],"curies":[{"name":"wp","href":"https:\/\/api.w.org\/{rel}","templated":true}]}}