{"id":38018,"date":"2023-07-12T12:00:43","date_gmt":"2023-07-12T10:00:43","guid":{"rendered":"https:\/\/www.raschvin.com\/produkt\/grande-alberone-rosso-terre-siciliane-75-cl\/"},"modified":"2023-07-12T12:00:43","modified_gmt":"2023-07-12T10:00:43","slug":"grande-alberone-rosso-terre-siciliane-75-cl","status":"publish","type":"product","link":"https:\/\/www.raschvin.com\/sv\/produkt\/grande-alberone-rosso-terre-siciliane-75-cl\/","title":{"rendered":"Grande Alberone Rosso Terre Siciliane 75 cl."},"content":{"rendered":"<p>Silkesmjukt vin fr\u00e5n Sicilien med h\u00e4rlig smak av solmogna druvor.<\/p>\n<p>Bra p\u00e5:<br \/>\nStek, vilt, kyckling och kalkon<\/p>\n<p>SMAKKrik OCH SILKIG MJUK<\/p>\n<p>Vinet framst\u00e5r som inbjudande i glaset med sin djupa, r\u00f6da f\u00e4rg. Behagliga toner av mogna plommon och k\u00f6rsb\u00e4r m\u00e4rks i n\u00e4san. De silkeslena tanninerna och den smakrika eftersmaken fullbordar upplevelsen.<\/p>\n<p>Njut av t.ex. vinet till en stek, br\u00e4serat k\u00f6tt eller ljust k\u00f6tt.<\/p>\n<p>Serveringstemperatur: 16-18\u00b0C<\/p>\n<p>Tillverkning<\/p>\n<p>Druvorna sk\u00f6rdas b\u00e5de manuellt och mekaniskt p\u00e5 Sicilien. De avskalas, pressas f\u00f6rsiktigt och j\u00e4ser sedan i 10 steg vid 25-26\u00b0C. Macerationen tar \u00e5tta till tio dagar, och den malolaktiska j\u00e4sningen sker med utvalda j\u00e4ststammar. Vinet \u00e5ldras sedan i upp till tre m\u00e5nader i rostfria tankar.<\/p>\n<p>Om tillverkaren<\/p>\n<p>Provinco Italia \u00e4r en del av Italian Wine Brands SpA. Med ett gediget n\u00e4tverk av vinleverant\u00f6rer har IWB producerat vin p\u00e5 sina egna ving\u00e5rdar i mer \u00e4n 100 \u00e5r. Produktionsomr\u00e5dena \u00e4r breda. IWB har viner fr\u00e5n Piemonte till Puglia, men \u00e4ven mellanomr\u00e5dena Veneto och Toscana samt de stora \u00f6arna Sicilien och Sardinien finns i deras utbud. IWB har b\u00e5de Barolo, prosecco och de stora toskanska r\u00f6da vinerna, men \u00e4ven viner fr\u00e5n nya sp\u00e4nnande omr\u00e5den som Primitivo di Manduria.<br \/>\nMed mottot &#8221;vi menar kvalitet&#8221; har det innovativa f\u00f6retaget manifesterat sig som en av de ledande leverant\u00f6rerna av italienska kvalitetsviner.<br \/>\nProvinco Italia har ett mycket tydligt uppdrag, &#8221;vi utvecklar innovativa produkter av h\u00f6gsta kvalitet fr\u00e5n alla Italiens vinregioner. Kvalitet och service \u00e4r v\u00e5ra ledord\u201d.<\/p>\n","protected":false},"excerpt":{"rendered":"<p>Vino Rosso \u2013 Italy<\/p>\n","protected":false},"featured_media":38474,"template":"","meta":{"_acf_changed":false,"rs_blank_template":"","rs_page_bg_color":"","slide_template_v7":""},"product_brand":[],"product_cat":[2788,2798],"product_tag":[],"class_list":{"0":"post-38018","1":"product","2":"type-product","3":"status-publish","4":"has-post-thumbnail","6":"product_cat-vin-sv","7":"product_cat-roedvin-sv","8":"pa_land-italien-sv","9":"pa_procent-14-5-sv","10":"pa_producent-provinco-sv","11":"pa_region-sicilien-sv","12":"pa_serveringstemperatur-16-18-sv","13":"pa_volume-75-sv","15":"first","16":"instock","17":"taxable","18":"shipping-taxable","19":"purchasable","20":"product-type-simple"},"bundled_by":[],"bundle_stock_status":"instock","bundle_stock_quantity":null,"bundle_virtual":false,"bundle_layout":"","bundle_add_to_cart_form_location":"","bundle_editable_in_cart":false,"bundle_sold_individually_context":"","bundle_item_grouping":"","bundle_min_size":"","bundle_max_size":"","bundle_price":[],"bundled_items":[],"bundle_sell_ids":[],"acf":[],"_links":{"self":[{"href":"https:\/\/www.raschvin.com\/sv\/wp-json\/wp\/v2\/product\/38018","targetHints":{"allow":["GET"]}}],"collection":[{"href":"https:\/\/www.raschvin.com\/sv\/wp-json\/wp\/v2\/product"}],"about":[{"href":"https:\/\/www.raschvin.com\/sv\/wp-json\/wp\/v2\/types\/product"}],"wp:featuredmedia":[{"embeddable":true,"href":"https:\/\/www.raschvin.com\/sv\/wp-json\/wp\/v2\/media\/38474"}],"wp:attachment":[{"href":"https:\/\/www.raschvin.com\/sv\/wp-json\/wp\/v2\/media?parent=38018"}],"wp:term":[{"taxonomy":"product_brand","embeddable":true,"href":"https:\/\/www.raschvin.com\/sv\/wp-json\/wp\/v2\/product_brand?post=38018"},{"taxonomy":"product_cat","embeddable":true,"href":"https:\/\/www.raschvin.com\/sv\/wp-json\/wp\/v2\/product_cat?post=38018"},{"taxonomy":"product_tag","embeddable":true,"href":"https:\/\/www.raschvin.com\/sv\/wp-json\/wp\/v2\/product_tag?post=38018"}],"curies":[{"name":"wp","href":"https:\/\/api.w.org\/{rel}","templated":true}]}}