{"id":38012,"date":"2023-07-12T11:43:46","date_gmt":"2023-07-12T09:43:46","guid":{"rendered":"https:\/\/www.raschvin.com\/produkt\/grande-alberone-zinfandel-platinium-75-cl\/"},"modified":"2023-07-12T11:43:46","modified_gmt":"2023-07-12T09:43:46","slug":"grande-alberone-zinfandel-platinium-75-cl","status":"publish","type":"product","link":"https:\/\/www.raschvin.com\/sv\/produkt\/grande-alberone-zinfandel-platinium-75-cl\/","title":{"rendered":"Grande Alberone Zinfandel Platinium 75 cl."},"content":{"rendered":"<p>En vildbas av ett italienskt r\u00f6tt vin med en dramatisk r\u00f6d f\u00e4rg. \u00d6ppna vinet n\u00e5gra timmar innan servering och njut av det till en god stek, r\u00e4tter fr\u00e5n det italienska k\u00f6ket, r\u00f6tt k\u00f6tt eller mogna ostar.<\/p>\n<p>Bra p\u00e5:<br \/>\nOst &#8211; stark, grill, pasta och pizza, r\u00f6tt k\u00f6tt, stek<\/p>\n<p>FULL OCH FRUKTIG<\/p>\n<p>Grande Alberone Platinum Collection Zinfandel framtr\u00e4der dramatiskt djupr\u00f6d i glaset med violetta markeringar. Buketten \u00e4r fruktig med distinkta toner av mogen frukt och k\u00f6rsb\u00e4r. I gommen \u00e4r vinet fylligt med en behaglig ih\u00e5llande eftersmak.<\/p>\n<p>Servera vinet till r\u00e4tter fr\u00e5n det italienska k\u00f6ket, t.ex. pastar\u00e4tter eller med r\u00f6tt k\u00f6tt eller ostar.<\/p>\n<p>Serveringstemperatur: 16-18\u00b0C<\/p>\n<p>Tillverkning<\/p>\n<p>Efter en f\u00f6rl\u00e4ngd maceration av skalen f\u00f6r att uppn\u00e5 en klarare f\u00e4rg och en rund struktur, j\u00e4ser musten i rostfria st\u00e5ltankar vid kontrollerade temperaturer. Detta bevarar frukten i vinet. En del av vinet mognar p\u00e5 fat.<\/p>\n<p>Om tillverkaren<\/p>\n<p>Provinco Italia \u00e4r en del av Italian Wine Brands SpA. Med ett gediget n\u00e4tverk av vinleverant\u00f6rer har IWB producerat vin p\u00e5 sina egna ving\u00e5rdar i mer \u00e4n 100 \u00e5r. Produktionsomr\u00e5dena \u00e4r breda. IWB har viner fr\u00e5n Piemonte till Puglia, men \u00e4ven mellanomr\u00e5dena Veneto och Toscana samt de stora \u00f6arna Sicilien och Sardinien finns i deras utbud. IWB har b\u00e5de Barolo, prosecco och de stora toskanska r\u00f6da vinerna, men \u00e4ven viner fr\u00e5n nya sp\u00e4nnande omr\u00e5den som Primitivo di Manduria.<br \/>\nMed mottot &#8221;vi menar kvalitet&#8221; har det innovativa f\u00f6retaget manifesterat sig som en av de ledande leverant\u00f6rerna av italienska kvalitetsviner.<br \/>\nProvinco Italia har ett mycket tydligt uppdrag, &#8221;vi utvecklar innovativa produkter av h\u00f6gsta kvalitet fr\u00e5n alla Italiens vinregioner. Kvalitet och service \u00e4r v\u00e5ra ledord\u201d.<\/p>\n<p>Recensioner fr\u00e5n andra \u00e5r<\/p>\n<p>\u00c5r 2018<\/p>\n<p>  \u2014 Luca Maroni (2021-11-10)<\/p>\n","protected":false},"excerpt":{"rendered":"<p>Collection Primitivo IGT &#8211; Italy<\/p>\n","protected":false},"featured_media":38501,"template":"","meta":{"_acf_changed":false,"rs_blank_template":"","rs_page_bg_color":"","slide_template_v7":""},"product_brand":[],"product_cat":[2788,2798],"product_tag":[],"class_list":{"0":"post-38012","1":"product","2":"type-product","3":"status-publish","4":"has-post-thumbnail","6":"product_cat-vin-sv","7":"product_cat-roedvin-sv","8":"pa_drue-zinfandel-sv","9":"pa_land-italien-sv","10":"pa_procent-15-sv","11":"pa_producent-provinco-sv","12":"pa_region-puglia-sv","13":"pa_serveringstemperatur-16-18-sv","14":"pa_volume-75-sv","16":"first","17":"instock","18":"taxable","19":"shipping-taxable","20":"purchasable","21":"product-type-simple"},"bundled_by":[],"bundle_stock_status":"instock","bundle_stock_quantity":null,"bundle_virtual":false,"bundle_layout":"","bundle_add_to_cart_form_location":"","bundle_editable_in_cart":false,"bundle_sold_individually_context":"","bundle_item_grouping":"","bundle_min_size":"","bundle_max_size":"","bundle_price":[],"bundled_items":[],"bundle_sell_ids":[],"acf":[],"_links":{"self":[{"href":"https:\/\/www.raschvin.com\/sv\/wp-json\/wp\/v2\/product\/38012","targetHints":{"allow":["GET"]}}],"collection":[{"href":"https:\/\/www.raschvin.com\/sv\/wp-json\/wp\/v2\/product"}],"about":[{"href":"https:\/\/www.raschvin.com\/sv\/wp-json\/wp\/v2\/types\/product"}],"wp:featuredmedia":[{"embeddable":true,"href":"https:\/\/www.raschvin.com\/sv\/wp-json\/wp\/v2\/media\/38501"}],"wp:attachment":[{"href":"https:\/\/www.raschvin.com\/sv\/wp-json\/wp\/v2\/media?parent=38012"}],"wp:term":[{"taxonomy":"product_brand","embeddable":true,"href":"https:\/\/www.raschvin.com\/sv\/wp-json\/wp\/v2\/product_brand?post=38012"},{"taxonomy":"product_cat","embeddable":true,"href":"https:\/\/www.raschvin.com\/sv\/wp-json\/wp\/v2\/product_cat?post=38012"},{"taxonomy":"product_tag","embeddable":true,"href":"https:\/\/www.raschvin.com\/sv\/wp-json\/wp\/v2\/product_tag?post=38012"}],"curies":[{"name":"wp","href":"https:\/\/api.w.org\/{rel}","templated":true}]}}