{"id":37726,"date":"2023-07-05T18:29:52","date_gmt":"2023-07-05T16:29:52","guid":{"rendered":"https:\/\/www.raschvin.com\/produkt\/abbotts-delaunay-viognier-75-cl\/"},"modified":"2023-07-05T18:29:52","modified_gmt":"2023-07-05T16:29:52","slug":"abbotts-delaunay-viognier-75-cl","status":"publish","type":"product","link":"https:\/\/www.raschvin.com\/sv\/produkt\/abbotts-delaunay-viognier-75-cl\/","title":{"rendered":"Abbotts Delaunay Viognier 75 cl."},"content":{"rendered":"<p>Viognier-druvorna f\u00f6r detta vin kommer fr\u00e5n H\u00e9rault och i Aude-dalen (s\u00f6dra delen av Minervois-omr\u00e5det) i IGP Pays d\u2019Oc. De ca. 10-\u00e5riga vinstockar v\u00e4xer p\u00e5 sluttningar p\u00e5 en h\u00f6jd av 150-200 m.a.s.l. med en lerig och kalkrik undergrund, som ger fruktiga, krispiga och aromatiska viner. De n\u00e4rliggande bergen C\u00e9vennes och Pyren\u00e9erna f\u00f6rser ving\u00e5rdarna med rimliga m\u00e4ngder regn, vilket s\u00e4kerst\u00e4ller djupvattenreserver.<\/p>\n<p>Druvorna sk\u00f6rdas tidigt p\u00e5 morgonen medan de fortfarande \u00e4r svala. Direkt efter ankomsten till k\u00e4llaren pressas druvorna och j\u00e4ser svalt i st\u00e5ltankar. Vinet f\u00e5r sedan lagras &#8221;sur lie&#8221; i n\u00e5gra m\u00e5nader i st\u00e5ltankar, utan f\u00f6reg\u00e5ende malolaktisk j\u00e4sning, f\u00f6r att bevara vinets fr\u00e4sch\u00f6r och bett.<\/p>\n<p>Vinet har en fin, gyllene f\u00e4rg. Doften \u00e4r v\u00e4ldigt klassisk med lite exotiska nyanser av persikor, aprikoser och apelsin. Smaken \u00e4r i den torra \u00e4nden, med bra fr\u00e4sch\u00f6r och gott bett samt en rik eftersmak. En komplex och charmig Viognier. Prova den som aperitif, med fisk och skaldjur. Den skulle ocks\u00e5 kunna passa perfekt till till exempel oxsvanssoppa eller en stark consomm\u00e9. Servera kyld (10\u00b0C) men inte iskall.<\/p>\n<p>Det \u00e4r Laurent Delaunay och hans f\u00f6retag, Badet Cl\u00e9ment, som st\u00e5r bakom Abbotts &#038; Delaunay i Languedoc. Han \u00e4r sj\u00e4lv 5:e generationen i Bourgogne Delaunay-familjen, och \u00e4ger d\u00e4rmed idag \u00e4ven Bourgognef\u00f6retaget Edouard Delaunay. Badet Cl\u00e9ment b\u00f6rjade faktiskt med att ge r\u00e5d till vinproducenter i Bourgogne, Languedoc, Rh\u00f4ne och Provence och producerade senare sj\u00e4lv viner i samma omr\u00e5den. 2005 fick han m\u00f6jlighet att ta \u00f6ver vinf\u00f6retaget Abbotts och tillh\u00f6rande fastighet, &#8221;La M\u00e9tairie d&#8217;Alon&#8221;, bel\u00e4gen i Magrie, sydv\u00e4st om staden Carcassonne i den h\u00f6gt bel\u00e4gna delen av Audedalen (Limoux) . F\u00f6retaget hade grundats 1996 av den australiensiska kvinnan, Nerida Abbotts, och namnet p\u00e5 f\u00f6retaget blev d\u00e5 Abbotts &#038; Delaunay. Laurent Delaunay och teamet bakom Badet Cl\u00e9ment har genom \u00e5ren skaffat sig stor erfarenhet av vinproduktion i syd\u00f6stra Frankrike (inte minst i Languedoc) och \u00e4r d\u00e4rf\u00f6r idag ett h\u00f6gt ansedd f\u00f6retag i omr\u00e5det.<\/p>\n<p>Serierna &#8221;M\u00e9tayage&#8221; (ekologiska viner), &#8221;Les Fleurs &#038; Fruits Sauvages&#8221; och &#8221;Les Petites Cuv\u00e9es&#8221; fr\u00e5n Abbotts &#038; Delaunay produceras p\u00e5 tomter som delvis ligger p\u00e5 fastigheten d\u00e4r vinerna vinifieras, La M\u00e9tairie d&#8217;Alon ( ekologiskt odlad) och delvis i Limoux-omr\u00e5det och vid foten av H\u00e9rault-bergen norr om B\u00e9ziers. Fastighetens ursprungliga ganska dominerande &#8221;Australian style&#8221; har successivt genomg\u00e5tt en f\u00f6r\u00e4ndring mot en mer &#8221;Languedoc-true style&#8221;. N\u00e4r det kommer till vinerna har de dock en omissk\u00e4nnlig och ganska charmig pr\u00e4gel fr\u00e5n Bourgogne i sig \u2013 inte minst givetvis i vinerna baserade p\u00e5 Chardonnay och Pinot Noir. Det \u00e4r den fr\u00e4scha, eleganta och komplexa stilen som prioriteras h\u00e4r!<\/p>\n<p>Languedoc ligger i syd\u00f6stra Frankrike, med Medelhavet som granne. Omr\u00e5det \u00e4r ett av Frankrikes viktigaste vinregioner sett till produktionsvolym och storlek och har de senaste \u00e5ren genomg\u00e5tt en kvalitetsm\u00e4ssigt fantastisk utveckling. En ny generation vinproducenter har varit skickliga p\u00e5 att utnyttja de m\u00f6jligheter som nya vinregleringar gett, bl.a. med anv\u00e4ndning av b\u00e4ttre druvsorter, l\u00e4gre avkastning och mer anpassade vinifieringstekniker.<\/p>\n<p>F\u00f6rutom klassiska AOC\/AOP-distrikt som C\u00f4teaux du Languedoc\/Languedoc, Corbi\u00e8res, Fitou, Minervois och Faug\u00e8res har Languedoc l\u00e4nge varit k\u00e4nt f\u00f6r inte mindre \u00e4n ca. 60 skyddade landomr\u00e5den, s\u00e5 kallade IGP-distrikt (Indication Geographique Proteg\u00e9e). De var tidigare k\u00e4nda som Vin de Pays (VdP \u2013 lantviner), men 2009 \u00e4ndrades de till IGP, samtidigt som det \u00f6ppnades f\u00f6r m\u00f6jligheten att skriva p\u00e5 etiketten vilka druvsorter som anv\u00e4nds i vinet. IGP Pays d&#8217;Oc \u00e4r en s\u00e5 kallad &#8221;regional IGP&#8221; och t\u00e4cker hela Languedoc (H\u00e9rault, Aude och Gard). Bra producenter vet hur man anv\u00e4nder jord, klimat, druvsorter och modern utrustning f\u00f6r att g\u00f6ra utm\u00e4rkta och karakt\u00e4rsfulla viner \u2013 ofta till rimliga priser.<\/p>\n","protected":false},"excerpt":{"rendered":"<p>IGP Pays d\u2019Oc \u2013 France<\/p>\n","protected":false},"featured_media":37765,"template":"","meta":{"_acf_changed":false,"rs_blank_template":"","rs_page_bg_color":"","slide_template_v7":""},"product_brand":[],"product_cat":[2788,2792],"product_tag":[],"class_list":{"0":"post-37726","1":"product","2":"type-product","3":"status-publish","4":"has-post-thumbnail","6":"product_cat-vin-sv","7":"product_cat-vitt-vin","8":"pa_drue-viognier-sv","9":"pa_land-frankrike","10":"pa_procent-13-5-sv","11":"pa_producent-abbotts-delaunay-sv","12":"pa_region-languedoc-sv","13":"pa_serveringstemperatur-8-10-sv","14":"pa_volume-75-sv","16":"first","17":"instock","18":"taxable","19":"shipping-taxable","20":"purchasable","21":"product-type-simple"},"bundled_by":[],"bundle_stock_status":"instock","bundle_stock_quantity":null,"bundle_virtual":false,"bundle_layout":"","bundle_add_to_cart_form_location":"","bundle_editable_in_cart":false,"bundle_sold_individually_context":"","bundle_item_grouping":"","bundle_min_size":"","bundle_max_size":"","bundle_price":[],"bundled_items":[],"bundle_sell_ids":[],"acf":[],"_links":{"self":[{"href":"https:\/\/www.raschvin.com\/sv\/wp-json\/wp\/v2\/product\/37726","targetHints":{"allow":["GET"]}}],"collection":[{"href":"https:\/\/www.raschvin.com\/sv\/wp-json\/wp\/v2\/product"}],"about":[{"href":"https:\/\/www.raschvin.com\/sv\/wp-json\/wp\/v2\/types\/product"}],"wp:featuredmedia":[{"embeddable":true,"href":"https:\/\/www.raschvin.com\/sv\/wp-json\/wp\/v2\/media\/37765"}],"wp:attachment":[{"href":"https:\/\/www.raschvin.com\/sv\/wp-json\/wp\/v2\/media?parent=37726"}],"wp:term":[{"taxonomy":"product_brand","embeddable":true,"href":"https:\/\/www.raschvin.com\/sv\/wp-json\/wp\/v2\/product_brand?post=37726"},{"taxonomy":"product_cat","embeddable":true,"href":"https:\/\/www.raschvin.com\/sv\/wp-json\/wp\/v2\/product_cat?post=37726"},{"taxonomy":"product_tag","embeddable":true,"href":"https:\/\/www.raschvin.com\/sv\/wp-json\/wp\/v2\/product_tag?post=37726"}],"curies":[{"name":"wp","href":"https:\/\/api.w.org\/{rel}","templated":true}]}}