{"id":37682,"date":"2023-07-05T15:28:22","date_gmt":"2023-07-05T13:28:22","guid":{"rendered":"https:\/\/www.raschvin.com\/produkt\/finsprit-50-cl-60\/"},"modified":"2023-07-05T15:28:22","modified_gmt":"2023-07-05T13:28:22","slug":"finsprit-50-cl-60","status":"publish","type":"product","link":"https:\/\/www.raschvin.com\/sv\/produkt\/finsprit-50-cl-60\/","title":{"rendered":"Finsprit 50 cl. 60%"},"content":{"rendered":"<p>Denna Finsprit, framst\u00e4lls av korn och melass, utm\u00e4rker sig genom sin fina neutrala smak.<\/p>\n<p>Den \u00e4r speciellt filtrerad och l\u00e4mpar sig bra f\u00f6r framst\u00e4llning av kryddad snaps och br\u00e4nnvin.<\/p>\n","protected":false},"excerpt":{"rendered":"<p>Original &#8211; Dobbelfiltreret<\/p>\n","protected":false},"featured_media":37795,"template":"","meta":{"_acf_changed":false,"rs_blank_template":"","rs_page_bg_color":"","slide_template_v7":""},"product_brand":[],"product_cat":[4609,2402,2409],"product_tag":[],"class_list":{"0":"post-37682","1":"product","2":"type-product","3":"status-publish","4":"has-post-thumbnail","6":"product_cat-plain-sv","7":"product_cat-sprit-sv","8":"product_cat-vodka-sv","9":"pa_land-danmark-sv","10":"pa_procent-60-sv","11":"pa_producent-spritfabrikken-danmark-sv","12":"pa_volume-50-sv","14":"first","15":"instock","16":"taxable","17":"shipping-taxable","18":"purchasable","19":"product-type-simple"},"bundled_by":[],"bundle_stock_status":"instock","bundle_stock_quantity":null,"bundle_virtual":false,"bundle_layout":"","bundle_add_to_cart_form_location":"","bundle_editable_in_cart":false,"bundle_sold_individually_context":"","bundle_item_grouping":"","bundle_min_size":"","bundle_max_size":"","bundle_price":[],"bundled_items":[],"bundle_sell_ids":[],"acf":[],"_links":{"self":[{"href":"https:\/\/www.raschvin.com\/sv\/wp-json\/wp\/v2\/product\/37682","targetHints":{"allow":["GET"]}}],"collection":[{"href":"https:\/\/www.raschvin.com\/sv\/wp-json\/wp\/v2\/product"}],"about":[{"href":"https:\/\/www.raschvin.com\/sv\/wp-json\/wp\/v2\/types\/product"}],"wp:featuredmedia":[{"embeddable":true,"href":"https:\/\/www.raschvin.com\/sv\/wp-json\/wp\/v2\/media\/37795"}],"wp:attachment":[{"href":"https:\/\/www.raschvin.com\/sv\/wp-json\/wp\/v2\/media?parent=37682"}],"wp:term":[{"taxonomy":"product_brand","embeddable":true,"href":"https:\/\/www.raschvin.com\/sv\/wp-json\/wp\/v2\/product_brand?post=37682"},{"taxonomy":"product_cat","embeddable":true,"href":"https:\/\/www.raschvin.com\/sv\/wp-json\/wp\/v2\/product_cat?post=37682"},{"taxonomy":"product_tag","embeddable":true,"href":"https:\/\/www.raschvin.com\/sv\/wp-json\/wp\/v2\/product_tag?post=37682"}],"curies":[{"name":"wp","href":"https:\/\/api.w.org\/{rel}","templated":true}]}}