{"id":37679,"date":"2023-07-05T14:46:53","date_gmt":"2023-07-05T12:46:53","guid":{"rendered":"https:\/\/www.raschvin.com\/produkt\/caorunn-gin-70-cl-418\/"},"modified":"2023-07-05T14:46:53","modified_gmt":"2023-07-05T12:46:53","slug":"caorunn-gin-70-cl-418","status":"publish","type":"product","link":"https:\/\/www.raschvin.com\/sv\/produkt\/caorunn-gin-70-cl-418\/","title":{"rendered":"Caorunn Gin 70 cl. 41,8%"},"content":{"rendered":"<p>Caorunn betyder r\u00f6nnb\u00e4r p\u00e5 gaelic och r\u00f6nnb\u00e4r \u00e4r en av de 5 skotska ingredienserna som Caorunn \u00e4r kryddad med. Simon Buley som \u00e4r Caorunn\u00b4s innovativa Gin Master s\u00e5g m\u00f6jligheten att g\u00f6ra en gin p\u00e5 5 skotska \u201dbotanicals\u201d. Alla 5 ingredienser v\u00e4xer inom 2 kilometer fr\u00e5n destilleriet och Simon sj\u00e4lv g\u00e5r ut och plockar dessa unika v\u00e4xter. Han vet n\u00e4r och var b\u00e4sta tillf\u00e4llet \u00e4r f\u00f6r att ge Caorunn Gin den perfekta smaken.<\/p>\n<p>Alla 5 ingredienser spelar s\u00e5klart en viktig roll och ger Caorunn Gin en helt unik smak. De 5 botanicals \u00e4r R\u00f6nnb\u00e4r, Pors, Ljung, Maskrosblad och Caol Blush \u00c4pplen. Kryddor som enb\u00e4r, korianderfr\u00f6n, angelikarot, apelsin\/citronskal, bark fr\u00e5n cassia och andra kryddor anv\u00e4nds i kombination med de 5 skotska kryddorna f\u00f6r att f\u00e5 fram en balanserad och v\u00e4lkomponerad gin.<\/p>\n<p>Tillverkningen \u00e4r helt unik d\u00e5 man anv\u00e4nder en s\u00e5 kallad \u201dCopper Berry Chamber\u201d. Denna antika apparat anv\u00e4ndes f\u00f6rritiden f\u00f6r att f\u00e5 fram oljor till bland annat parfymer. Det \u00e4r en tiltad, cylinderkopparpanna som man skjuter in 4 perforerade bleck. Varje v\u00e5ning fylls med kryddor som t\u00e4cker hela cylindern, detta g\u00f6r att all \u00e5nga m\u00e5ste forcerad sig igenom all lager av kryddor i pannan. Vilken v\u00e5ning som vilken krydda ska ligga p\u00e5 f\u00f6r att f\u00e5 ut den perfekta smaken \u00e4r Simon Buley expert p\u00e5.<\/p>\n<p>Simon Buley\u00b4s expertis, omgivningen med de perfekta f\u00f6ruts\u00e4ttningarna f\u00f6r gintillverkning och noggrant utvalda kryddor \u00e4r vad som skapat superpremiumginen Caorunn Scottish Gin.<\/p>\n<p>Caorunn G&#038;T Perfect Serve<\/p>\n<p>5cl Caorunn Gin<br \/>\nMassor av is<br \/>\nTonic water<br \/>\nGarnera med tunt skivade r\u00f6da \u00e4ppelskivor.<br \/>\nKan serveras i b\u00e5de baloon-vinglasglas och i Collinsglas (drinkglas)<\/p>\n<p>Att t\u00e4nka p\u00e5: Is kyler is s\u00e5 om du vill undvika att drinken urvattnas snabbt ska du inte sn\u00e5la p\u00e5 isen.<\/p>\n","protected":false},"excerpt":{"rendered":"<p>Small Batch Scottish Gin<\/p>\n","protected":false},"featured_media":37780,"template":"","meta":{"_acf_changed":false,"rs_blank_template":"","rs_page_bg_color":"","slide_template_v7":""},"product_brand":[],"product_cat":[2402,2404,4700,4711],"product_tag":[],"class_list":{"0":"post-37679","1":"product","2":"type-product","3":"status-publish","4":"has-post-thumbnail","6":"product_cat-sprit-sv","7":"product_cat-gin-sv","8":"product_cat-flavoured-gin-sv","9":"product_cat-andra-gins","10":"pa_land-skottland","11":"pa_procent-41-8-sv","12":"pa_producent-beverage-brands-sv","13":"pa_volume-70-sv-2","15":"first","16":"outofstock","17":"sale","18":"taxable","19":"shipping-taxable","20":"purchasable","21":"product-type-simple"},"bundled_by":[],"bundle_stock_status":"outofstock","bundle_stock_quantity":null,"bundle_virtual":false,"bundle_layout":"","bundle_add_to_cart_form_location":"","bundle_editable_in_cart":false,"bundle_sold_individually_context":"","bundle_item_grouping":"","bundle_min_size":"","bundle_max_size":"","bundle_price":[],"bundled_items":[],"bundle_sell_ids":[],"acf":[],"_links":{"self":[{"href":"https:\/\/www.raschvin.com\/sv\/wp-json\/wp\/v2\/product\/37679","targetHints":{"allow":["GET"]}}],"collection":[{"href":"https:\/\/www.raschvin.com\/sv\/wp-json\/wp\/v2\/product"}],"about":[{"href":"https:\/\/www.raschvin.com\/sv\/wp-json\/wp\/v2\/types\/product"}],"wp:featuredmedia":[{"embeddable":true,"href":"https:\/\/www.raschvin.com\/sv\/wp-json\/wp\/v2\/media\/37780"}],"wp:attachment":[{"href":"https:\/\/www.raschvin.com\/sv\/wp-json\/wp\/v2\/media?parent=37679"}],"wp:term":[{"taxonomy":"product_brand","embeddable":true,"href":"https:\/\/www.raschvin.com\/sv\/wp-json\/wp\/v2\/product_brand?post=37679"},{"taxonomy":"product_cat","embeddable":true,"href":"https:\/\/www.raschvin.com\/sv\/wp-json\/wp\/v2\/product_cat?post=37679"},{"taxonomy":"product_tag","embeddable":true,"href":"https:\/\/www.raschvin.com\/sv\/wp-json\/wp\/v2\/product_tag?post=37679"}],"curies":[{"name":"wp","href":"https:\/\/api.w.org\/{rel}","templated":true}]}}