{"id":37567,"date":"2023-06-26T21:16:43","date_gmt":"2023-06-26T19:16:43","guid":{"rendered":"https:\/\/www.raschvin.com\/produkt\/villa-cardea-aperitivo-70-cl-11\/"},"modified":"2023-06-26T21:16:43","modified_gmt":"2023-06-26T19:16:43","slug":"villa-cardea-aperitivo-70-cl-11","status":"publish","type":"product","link":"https:\/\/www.raschvin.com\/sv\/produkt\/villa-cardea-aperitivo-70-cl-11\/","title":{"rendered":"Villa Cardea Aperitivo Spritz 70 cl. 11%"},"content":{"rendered":"<p>Aperitivo kommer fr\u00e5n det franska ordet aperitif som har samma betydelse som aptitretare. En aperitivo serveras d\u00e4rf\u00f6r ofta som v\u00e4lkomstdrink.<\/p>\n<p>Producenten, Perlino, grundades 1905 och har sin bas i Asti, mitt i det klassiska vinomr\u00e5det Piemonte. Omr\u00e5det \u00e4r inte bara k\u00e4nt f\u00f6r n\u00e5gra av v\u00e4rldens finaste r\u00f6da viner och det mousserande Asti-vinet, utan h\u00e4r finns ocks\u00e5 en l\u00e5ng tradition av aromatiserat vin, s.k. aperitifer.<\/p>\n<p>Villa Cardea har tydliga aromer av citron, blodapelsin, nejlika och pomerans, och smaken avslutas med en aptitretande l\u00e4tt bitterhet. Serveras som en klassisk \u201dspritz\u201d, dvs blandad med Prosecco och men \u00e4r \u00e4ven god att dricka som den \u00e4r tillsammans med en isbit eller blandad med apelsinjuice.<\/p>\n","protected":false},"excerpt":{"rendered":"<p>Aperitivo Bitter Orange<\/p>\n","protected":false},"featured_media":37573,"template":"","meta":{"_acf_changed":false,"rs_blank_template":"","rs_page_bg_color":"","slide_template_v7":""},"product_brand":[],"product_cat":[2387,2394,2743,4670,2390],"product_tag":[],"class_list":{"0":"post-37567","1":"product","2":"type-product","3":"status-publish","4":"has-post-thumbnail","6":"product_cat-avec-sv","7":"product_cat-bitter-sv","8":"product_cat-brannvin-sv","9":"product_cat-frukt","10":"product_cat-sprit","11":"pa_land-italien-sv","12":"pa_procent-11-sv","13":"pa_producent-perlino-sv","14":"pa_volume-70-sv-2","16":"first","17":"instock","18":"sale","19":"taxable","20":"shipping-taxable","21":"purchasable","22":"product-type-simple"},"bundled_by":["57952"],"bundle_stock_status":"instock","bundle_stock_quantity":null,"bundle_virtual":false,"bundle_layout":"","bundle_add_to_cart_form_location":"","bundle_editable_in_cart":false,"bundle_sold_individually_context":"","bundle_item_grouping":"","bundle_min_size":"","bundle_max_size":"","bundle_price":[],"bundled_items":[],"bundle_sell_ids":[],"acf":[],"_links":{"self":[{"href":"https:\/\/www.raschvin.com\/sv\/wp-json\/wp\/v2\/product\/37567","targetHints":{"allow":["GET"]}}],"collection":[{"href":"https:\/\/www.raschvin.com\/sv\/wp-json\/wp\/v2\/product"}],"about":[{"href":"https:\/\/www.raschvin.com\/sv\/wp-json\/wp\/v2\/types\/product"}],"wp:featuredmedia":[{"embeddable":true,"href":"https:\/\/www.raschvin.com\/sv\/wp-json\/wp\/v2\/media\/37573"}],"wp:attachment":[{"href":"https:\/\/www.raschvin.com\/sv\/wp-json\/wp\/v2\/media?parent=37567"}],"wp:term":[{"taxonomy":"product_brand","embeddable":true,"href":"https:\/\/www.raschvin.com\/sv\/wp-json\/wp\/v2\/product_brand?post=37567"},{"taxonomy":"product_cat","embeddable":true,"href":"https:\/\/www.raschvin.com\/sv\/wp-json\/wp\/v2\/product_cat?post=37567"},{"taxonomy":"product_tag","embeddable":true,"href":"https:\/\/www.raschvin.com\/sv\/wp-json\/wp\/v2\/product_tag?post=37567"}],"curies":[{"name":"wp","href":"https:\/\/api.w.org\/{rel}","templated":true}]}}