{"id":37530,"date":"2023-06-26T08:39:50","date_gmt":"2023-06-26T06:39:50","guid":{"rendered":"https:\/\/www.raschvin.com\/produkt\/yellow-chartreuse-35-cl-43\/"},"modified":"2024-02-22T15:46:00","modified_gmt":"2024-02-22T14:46:00","slug":"yellow-chartreuse-35-cl-43","status":"publish","type":"product","link":"https:\/\/www.raschvin.com\/sv\/produkt\/yellow-chartreuse-35-cl-43\/","title":{"rendered":"Yellow Chartreuse 35 cl. 43%"},"content":{"rendered":"<p>Gul Chartreuse, mildare och s\u00f6tare \u00e4n den ber\u00f6mda gr\u00f6na Chartreuse, introducerades till v\u00e4rlden 1840. Den presenteras ocks\u00e5 i den traditionella Chartreuse-lik\u00f6rflaskan m\u00e4rkt med sigillen La Grande Chartreuse. Dess f\u00e4rg \u00e4r helt naturlig utan konstgjorda smak\u00e4mnen eller konserveringsmedel. Den kan ocks\u00e5 avnjutas rent eller i en longdrink.<\/p>\n<p>Endast tv\u00e5 Chartreuse-munkar k\u00e4nner till de 130 v\u00e4xternas identitet, hur man blandar dem och hur man destillerar dem till denna v\u00e4rldsber\u00f6mda lik\u00f6r. De \u00e4r ocks\u00e5 de enda som vet vilka v\u00e4xter som ska macereras f\u00f6r att producera de naturliga gr\u00f6na och gula f\u00e4rgerna. Och de ensamma \u00f6vervakar den l\u00e5ngsamma lagringen p\u00e5 ekfat.<\/p>\n<p>Ingredienser: alkohol, socker, 130 v\u00e4xter och blommor.<br \/>\nAlkoholhalt: 43% (80\u00b0 proof US)<br \/>\nPresentation: F\u00f6rpackad i en traditionell Chartreuse lik\u00f6rflaska. Mycket elegant med den pr\u00e4glade sigillen fr\u00e5n La Grande Chartreuse.<br \/>\nHur man dricker den: F\u00f6r att f\u00e5 fram all smak b\u00f6r den konsumeras v\u00e4ldigt kall, \u00e4ven p\u00e5 klipporna. Chartreuse, som traditionellt anses vara en drink efter middagen, avnjuts alltmer som en longdrink.<\/p>\n","protected":false},"excerpt":{"rendered":"<p>French Herb Liqueur<\/p>\n","protected":false},"featured_media":37533,"template":"","meta":{"_acf_changed":false,"rs_blank_template":"","rs_page_bg_color":"","slide_template_v7":""},"product_brand":[],"product_cat":[2387,4714,2390],"product_tag":[],"class_list":{"0":"post-37530","1":"product","2":"type-product","3":"status-publish","4":"has-post-thumbnail","6":"product_cat-avec-sv","7":"product_cat-ort","8":"product_cat-sprit","9":"pa_land-frankrike","10":"pa_procent-43-sv","11":"pa_producent-carthusian-monks-sv","12":"pa_region-grenoble-sv","13":"pa_volume-35-sv","15":"first","16":"outofstock","17":"taxable","18":"shipping-taxable","19":"purchasable","20":"product-type-simple"},"bundled_by":[],"bundle_stock_status":"outofstock","bundle_stock_quantity":0,"bundle_virtual":false,"bundle_layout":"","bundle_add_to_cart_form_location":"","bundle_editable_in_cart":false,"bundle_sold_individually_context":"","bundle_item_grouping":"","bundle_min_size":"","bundle_max_size":"","bundle_price":[],"bundled_items":[],"bundle_sell_ids":[],"acf":[],"_links":{"self":[{"href":"https:\/\/www.raschvin.com\/sv\/wp-json\/wp\/v2\/product\/37530","targetHints":{"allow":["GET"]}}],"collection":[{"href":"https:\/\/www.raschvin.com\/sv\/wp-json\/wp\/v2\/product"}],"about":[{"href":"https:\/\/www.raschvin.com\/sv\/wp-json\/wp\/v2\/types\/product"}],"wp:featuredmedia":[{"embeddable":true,"href":"https:\/\/www.raschvin.com\/sv\/wp-json\/wp\/v2\/media\/37533"}],"wp:attachment":[{"href":"https:\/\/www.raschvin.com\/sv\/wp-json\/wp\/v2\/media?parent=37530"}],"wp:term":[{"taxonomy":"product_brand","embeddable":true,"href":"https:\/\/www.raschvin.com\/sv\/wp-json\/wp\/v2\/product_brand?post=37530"},{"taxonomy":"product_cat","embeddable":true,"href":"https:\/\/www.raschvin.com\/sv\/wp-json\/wp\/v2\/product_cat?post=37530"},{"taxonomy":"product_tag","embeddable":true,"href":"https:\/\/www.raschvin.com\/sv\/wp-json\/wp\/v2\/product_tag?post=37530"}],"curies":[{"name":"wp","href":"https:\/\/api.w.org\/{rel}","templated":true}]}}