{"id":37437,"date":"2023-06-22T08:25:48","date_gmt":"2023-06-22T06:25:48","guid":{"rendered":"https:\/\/www.raschvin.com\/produkt\/exquise-rose-prestige-75-cl\/"},"modified":"2023-06-22T08:25:48","modified_gmt":"2023-06-22T06:25:48","slug":"exquise-rose-prestige-75-cl","status":"publish","type":"product","link":"https:\/\/www.raschvin.com\/sv\/produkt\/exquise-rose-prestige-75-cl\/","title":{"rendered":"Exquise Ros\u00e9 Prestige 75 cl."},"content":{"rendered":"<p>Stor vacker Prestige Ros\u00e9. Uts\u00f6kt \u00e4r komponerat av en kvinnlig vinmakare och det kan ses och smakas! Uts\u00f6kt Ros\u00e9 Prestige har en elegant rouge ros\u00e9f\u00e4rg. Doften har toner av l\u00e4tt kryddade och mogna b\u00e4r. Smaken har en stor fruktkoncentration med bra djup b\u00e4rfrukt. Uts\u00f6kt \u00e4r riktigt fint balanserat &#8211; med lika delar friskhet och mogen, rundad frukt.<\/p>\n<p>Perfekt som aperitif eller till fisk och skaldjur &#8211; samt l\u00e4tta r\u00e4tter av ljust k\u00f6tt.<\/p>\n<p>&#8221;Exquise Ros\u00e9 Prestige, Pays d&#8217;Oc IGP, Arzens, Frankrike Vinet \u00e4r gjort p\u00e5 100 procent Grenache druvor och framst\u00e5r som mycket elegant i glaset med sin baltiska laxf\u00e4rg. Doften och smaken vilar p\u00e5 en koncentration av frukt och b\u00e4r och en behaglig fruktsyrabalans. En uts\u00f6kt aperitif eller s\u00e4llskap till l\u00e4tt\u00e5ngade fiskr\u00e4tter.\u201d<br \/>\nErik Mortensen, DEN KORTA TIDNING<\/p>\n","protected":false},"excerpt":{"rendered":"<p>Pays d&#8217;Oc IGP &#8211; France<\/p>\n","protected":false},"featured_media":37456,"template":"","meta":{"_acf_changed":false,"rs_blank_template":"","rs_page_bg_color":"","slide_template_v7":""},"product_brand":[],"product_cat":[2796,7779,2788],"product_tag":[],"class_list":{"0":"post-37437","1":"product","2":"type-product","3":"status-publish","4":"has-post-thumbnail","6":"product_cat-rosevin-sv","7":"product_cat-sommar-rose","8":"product_cat-vin-sv","9":"pa_drue-grenache-sv","10":"pa_land-frankrike","11":"pa_procent-12-5-sv","12":"pa_serveringstemperatur-12-14-sv","13":"pa_volume-75-sv","15":"first","16":"outofstock","17":"sale","18":"taxable","19":"shipping-taxable","20":"purchasable","21":"product-type-simple"},"bundled_by":[],"bundle_stock_status":"outofstock","bundle_stock_quantity":null,"bundle_virtual":false,"bundle_layout":"","bundle_add_to_cart_form_location":"","bundle_editable_in_cart":false,"bundle_sold_individually_context":"","bundle_item_grouping":"","bundle_min_size":"","bundle_max_size":"","bundle_price":[],"bundled_items":[],"bundle_sell_ids":[],"acf":[],"_links":{"self":[{"href":"https:\/\/www.raschvin.com\/sv\/wp-json\/wp\/v2\/product\/37437","targetHints":{"allow":["GET"]}}],"collection":[{"href":"https:\/\/www.raschvin.com\/sv\/wp-json\/wp\/v2\/product"}],"about":[{"href":"https:\/\/www.raschvin.com\/sv\/wp-json\/wp\/v2\/types\/product"}],"wp:featuredmedia":[{"embeddable":true,"href":"https:\/\/www.raschvin.com\/sv\/wp-json\/wp\/v2\/media\/37456"}],"wp:attachment":[{"href":"https:\/\/www.raschvin.com\/sv\/wp-json\/wp\/v2\/media?parent=37437"}],"wp:term":[{"taxonomy":"product_brand","embeddable":true,"href":"https:\/\/www.raschvin.com\/sv\/wp-json\/wp\/v2\/product_brand?post=37437"},{"taxonomy":"product_cat","embeddable":true,"href":"https:\/\/www.raschvin.com\/sv\/wp-json\/wp\/v2\/product_cat?post=37437"},{"taxonomy":"product_tag","embeddable":true,"href":"https:\/\/www.raschvin.com\/sv\/wp-json\/wp\/v2\/product_tag?post=37437"}],"curies":[{"name":"wp","href":"https:\/\/api.w.org\/{rel}","templated":true}]}}