{"id":37321,"date":"2023-06-19T08:21:40","date_gmt":"2023-06-19T06:21:40","guid":{"rendered":"https:\/\/www.raschvin.com\/produkt\/teeling-whiskey-ipa-cask-dot-brewing-collab-ed-70-cl-46\/"},"modified":"2023-06-19T08:21:40","modified_gmt":"2023-06-19T06:21:40","slug":"teeling-whiskey-ipa-cask-dot-brewing-collab-ed-70-cl-46","status":"publish","type":"product","link":"https:\/\/www.raschvin.com\/sv\/produkt\/teeling-whiskey-ipa-cask-dot-brewing-collab-ed-70-cl-46\/","title":{"rendered":"Teeling Whiskey &#8211; IPA Cask DOT Brewing Collab Ed. 70 cl. 46%"},"content":{"rendered":"<p>Teeling Whisky forts\u00e4tter sitt framg\u00e5ngsrika samarbete med DOT Brew i Dublin, som denna g\u00e5ng har levererat IPA-faten till denna ganska ovanliga &#8221;finish&#8221;. Whiskyn lagras f\u00f6rst upp till 5 \u00e5r p\u00e5 ex-bourbonfat, varefter den tillbringar minst 15 m\u00e5nader p\u00e5 DOT:s India Pale Ale-fat. Det \u00e4r inte en typ av fat man anv\u00e4nder s\u00e4rskilt ofta f\u00f6r att lagra whisky, men h\u00e4r \u00e4r det riktigt lyckat \u2013 och vi f\u00f6rv\u00e4ntade oss inget annat fr\u00e5n Teeling, som \u00e4r m\u00e4stare p\u00e5 alla m\u00f6jliga fascinerande finishar.<\/p>\n<p>Teeling Small Batch Collaborations IPA Cask buteljeras med 46 % utan kylfiltrering i 6 000 flaskor.<\/p>\n<p>F\u00e4rg: Amber.<br \/>\nArom: Intensiv doft av malt, grapefrukt och andra citrusfrukter, humle och gr\u00f6na \u00e4pplen<br \/>\nSmaknoter: Kryddiga toner av rostad malt, gr\u00f6na \u00f6rter, \u00e4pple och citrus.<\/p>\n<p>Serveringsf\u00f6rslag: B\u00f6r avnjutas snyggt.<\/p>\n<p>Familjen Teeling har tillverkat irl\u00e4ndsk whisky sedan 1782, d\u00e5 Walter Teeling \u00f6ppnade sitt whiskydestilleri p\u00e5 Marrowbone Lane i Dublin. Dublin har traditionellt sett varit hj\u00e4rtat i Irlands whiskyproduktion. Historien om Irlands whiskyproduktion \u00e4r otroligt sp\u00e4nnande och dramatisk och \u00e4r till stor del kopplad till landets relation till England, p\u00e5 gott och ont. Hela 37 destillerier hade r\u00f6k i sina skorstenar i b\u00f6rjan av 1900-talet, men ett efter ett st\u00e4ngde destillerierna och sedan 1976 har ingen whisky destillerats i Dublin \u2013 f\u00f6rr\u00e4n nu! Teeling Whisky Distillery \u00e4r det f\u00f6rsta ny\u00f6ppnade destilleriet i Dublin p\u00e5 \u00f6ver 125 \u00e5r och familjen Teeling ser det som sitt uppdrag att f\u00f6ra tillbaka konsten att destillera till hj\u00e4rtat av Dublin!<\/p>\n<p>Den smakrika whiskyn kommer fr\u00e5n 3 gl\u00e4nsande pot stills, som \u00e4r uppkallade efter Jack Teelings 3 d\u00f6ttrar. 25 % av produktionen \u00e4r till\u00e4gnad whisky av experimentell karakt\u00e4r, vilket g\u00f6r Teeling till ett av de mest sp\u00e4nnande destillerierna att h\u00e5lla ett \u00f6ga p\u00e5 i framtiden.<\/p>\n","protected":false},"excerpt":{"rendered":"<p>Non Chill Filtered Irish Whiskey<\/p>\n","protected":false},"featured_media":37348,"template":"","meta":{"_acf_changed":false,"rs_blank_template":"","rs_page_bg_color":"","slide_template_v7":""},"product_brand":[],"product_cat":[2387,4765,4768,2392],"product_tag":[],"class_list":{"0":"post-37321","1":"product","2":"type-product","3":"status-publish","4":"has-post-thumbnail","6":"product_cat-avec-sv","7":"product_cat-blended-sv","8":"product_cat-irish-whiskey","9":"product_cat-whisky-sv","10":"pa_land-irland-sv","11":"pa_procent-46-sv","12":"pa_producent-teeling-sv","13":"pa_region-dublin-sv","14":"pa_traefad-bourbon-sv","15":"pa_traefad-ipa-sv","16":"pa_volume-70-sv-2","18":"first","19":"instock","20":"sale","21":"taxable","22":"shipping-taxable","23":"purchasable","24":"product-type-simple"},"bundled_by":[],"bundle_stock_status":"instock","bundle_stock_quantity":null,"bundle_virtual":false,"bundle_layout":"","bundle_add_to_cart_form_location":"","bundle_editable_in_cart":false,"bundle_sold_individually_context":"","bundle_item_grouping":"","bundle_min_size":"","bundle_max_size":"","bundle_price":[],"bundled_items":[],"bundle_sell_ids":[],"acf":[],"_links":{"self":[{"href":"https:\/\/www.raschvin.com\/sv\/wp-json\/wp\/v2\/product\/37321","targetHints":{"allow":["GET"]}}],"collection":[{"href":"https:\/\/www.raschvin.com\/sv\/wp-json\/wp\/v2\/product"}],"about":[{"href":"https:\/\/www.raschvin.com\/sv\/wp-json\/wp\/v2\/types\/product"}],"wp:featuredmedia":[{"embeddable":true,"href":"https:\/\/www.raschvin.com\/sv\/wp-json\/wp\/v2\/media\/37348"}],"wp:attachment":[{"href":"https:\/\/www.raschvin.com\/sv\/wp-json\/wp\/v2\/media?parent=37321"}],"wp:term":[{"taxonomy":"product_brand","embeddable":true,"href":"https:\/\/www.raschvin.com\/sv\/wp-json\/wp\/v2\/product_brand?post=37321"},{"taxonomy":"product_cat","embeddable":true,"href":"https:\/\/www.raschvin.com\/sv\/wp-json\/wp\/v2\/product_cat?post=37321"},{"taxonomy":"product_tag","embeddable":true,"href":"https:\/\/www.raschvin.com\/sv\/wp-json\/wp\/v2\/product_tag?post=37321"}],"curies":[{"name":"wp","href":"https:\/\/api.w.org\/{rel}","templated":true}]}}