{"id":37021,"date":"2023-06-02T19:24:39","date_gmt":"2023-06-02T17:24:39","guid":{"rendered":"https:\/\/www.raschvin.com\/produkt\/cuba-caramel-300-cl-30\/"},"modified":"2023-06-02T19:24:39","modified_gmt":"2023-06-02T17:24:39","slug":"cuba-caramel-300-cl-30","status":"publish","type":"product","link":"https:\/\/www.raschvin.com\/sv\/produkt\/cuba-caramel-300-cl-30\/","title":{"rendered":"CUBA Caramel 300 cl. 30%"},"content":{"rendered":"<p>\u00c4ventyr, en kv\u00e4ll vid brasan eller en tur p\u00e5 stan? CUBA Caramel med en syndig smak av kola klarar allt! Den \u00e4r gjord av den finaste vodkan som har destillerats 3 g\u00e5nger, vilket bidrar till en mjuk, rund och l\u00e4cker smak av kola.<br \/>\nDenna vodka kan avnjutas snyggt eller blandas i drinkar och cocktails. Dessutom passar den \u00e4ven utm\u00e4rkt i varm kakao och kaffe \u2013 b\u00e5de med och utan vispgr\u00e4dde.<br \/>\nF\u00d6RSLAG<br \/>\nCHAMPUS SOFT<br \/>\n\u2013 2 cl. CUBA Karamell<br \/>\n\u2013 1 cl. f\u00e4rskpressad limejuice<br \/>\n\u2013 Gr\u00f6n l\u00e4sk<br \/>\n\u2013 En limeskiva<br \/>\n&#8211; Krossad is<br \/>\nHandlingsplan:<br \/>\nFyll ett longdrinkglas till h\u00e4lften med krossad is. H\u00e4ll \u00f6ver CUBA Caramel och limejuice och fyll p\u00e5 med green soda. Garnera med en limeskiva och servera.<br \/>\nKUBA<br \/>\nCUBA \u00e4r Danmarks st\u00f6rsta utbud av smaksatta vodka. Den f\u00f6rsta CUBA-vodkan p\u00e5 marknaden var CUBA Caramel, som lanserades 1998. Sedan dess har det funnits m\u00e5nga l\u00e4ckra, smakrika och f\u00e4rgstarka familjemedlemmar i serien \u2013 och vi \u00e4lskar var och en.<br \/>\nImponera p\u00e5 dina v\u00e4nner och familj med f\u00e4rgglada, l\u00e4ckra drinkar och cocktails. Med CUBA \u00e4r det bara din fantasi som s\u00e4tter gr\u00e4nser!<\/p>\n","protected":false},"excerpt":{"rendered":"<p>Danish Flavored Vodka<\/p>\n","protected":false},"featured_media":36547,"template":"","meta":{"_acf_changed":false,"rs_blank_template":"","rs_page_bg_color":"","slide_template_v7":""},"product_brand":[],"product_cat":[4614,2402,2409],"product_tag":[],"class_list":{"0":"post-37021","1":"product","2":"type-product","3":"status-publish","4":"has-post-thumbnail","6":"product_cat-flavoured-sv","7":"product_cat-sprit-sv","8":"product_cat-vodka-sv","9":"pa_land-danmark-sv","10":"pa_procent-30-sv","11":"pa_producent-spritfabrikken-danmark-sv","12":"pa_volume-300-sv","14":"first","15":"instock","16":"sale","17":"taxable","18":"shipping-taxable","19":"purchasable","20":"product-type-simple"},"bundled_by":[],"bundle_stock_status":"instock","bundle_stock_quantity":null,"bundle_virtual":false,"bundle_layout":"","bundle_add_to_cart_form_location":"","bundle_editable_in_cart":false,"bundle_sold_individually_context":"","bundle_item_grouping":"","bundle_min_size":"","bundle_max_size":"","bundle_price":[],"bundled_items":[],"bundle_sell_ids":[],"acf":[],"_links":{"self":[{"href":"https:\/\/www.raschvin.com\/sv\/wp-json\/wp\/v2\/product\/37021","targetHints":{"allow":["GET"]}}],"collection":[{"href":"https:\/\/www.raschvin.com\/sv\/wp-json\/wp\/v2\/product"}],"about":[{"href":"https:\/\/www.raschvin.com\/sv\/wp-json\/wp\/v2\/types\/product"}],"wp:featuredmedia":[{"embeddable":true,"href":"https:\/\/www.raschvin.com\/sv\/wp-json\/wp\/v2\/media\/36547"}],"wp:attachment":[{"href":"https:\/\/www.raschvin.com\/sv\/wp-json\/wp\/v2\/media?parent=37021"}],"wp:term":[{"taxonomy":"product_brand","embeddable":true,"href":"https:\/\/www.raschvin.com\/sv\/wp-json\/wp\/v2\/product_brand?post=37021"},{"taxonomy":"product_cat","embeddable":true,"href":"https:\/\/www.raschvin.com\/sv\/wp-json\/wp\/v2\/product_cat?post=37021"},{"taxonomy":"product_tag","embeddable":true,"href":"https:\/\/www.raschvin.com\/sv\/wp-json\/wp\/v2\/product_tag?post=37021"}],"curies":[{"name":"wp","href":"https:\/\/api.w.org\/{rel}","templated":true}]}}