{"id":37004,"date":"2023-06-02T07:45:52","date_gmt":"2023-06-02T05:45:52","guid":{"rendered":"https:\/\/www.raschvin.com\/produkt\/seamans-shot-extra-hot-100-cl-30\/"},"modified":"2023-06-02T07:45:52","modified_gmt":"2023-06-02T05:45:52","slug":"seamans-shot-extra-hot-100-cl-30","status":"publish","type":"product","link":"https:\/\/www.raschvin.com\/sv\/produkt\/seamans-shot-extra-hot-100-cl-30\/","title":{"rendered":"Seaman&#8217;s Shot Extra Hot 100 cl. 30%"},"content":{"rendered":"<p>OBS &#8211; 100 cl.<\/p>\n<p>Halvs\u00f6t, smakrik och l\u00e4tt br\u00e4nnande med en distinkt smak av mentol och eukalyptus<\/p>\n<p>Trippeldestillerad vodka \u00e4r omsorgsfullt blandad med naturliga aromer av mentol och eukalyptus.<\/p>\n<p>Seaman&#8217;s Shot &#8211; Extra Hot &#8211; Den nordiska andan. En karakteristisk sammans\u00e4ttning av naturliga \u00f6rter som mentol och eukalyptus och den b\u00e4sta skandinaviska vodka. Smaken \u00e4r unik och ger dig en of\u00f6rgl\u00f6mlig uppfriskande k\u00e4nsla.<\/p>\n<p>Seaman&#8217;s Shot \u00e4r resultatet av den b\u00e4sta skandinaviska vodka, destillerad tre g\u00e5nger och \u00f6rter som mentol och eukalyptus. Seaman&#8217;s Shot &#8211; extra hett &#8211; \u00e4r fr\u00e4sch och uppfriskande, med andra ord &#8221;ger dig frisk andedr\u00e4kt&#8221;<\/p>\n","protected":false},"excerpt":{"rendered":"<p>Licorice Shot &#8211; With Vodka<\/p>\n","protected":false},"featured_media":36544,"template":"","meta":{"_acf_changed":false,"rs_blank_template":"","rs_page_bg_color":"","slide_template_v7":""},"product_brand":[],"product_cat":[2387,2390,2402,2407,4666],"product_tag":[],"class_list":{"0":"post-37004","1":"product","2":"type-product","3":"status-publish","4":"has-post-thumbnail","6":"product_cat-avec-sv","7":"product_cat-sprit","8":"product_cat-sprit-sv","9":"product_cat-shots-sv","10":"product_cat-lakrits-sprit","11":"pa_land-tyskland-sv","12":"pa_procent-30-sv","13":"pa_producent-behn-getranke-gmbh-getraenkevertrieb-sv","14":"pa_serveringstemperatur-8-10-sv","15":"pa_volume-100-sv","17":"first","18":"instock","19":"sale","20":"taxable","21":"shipping-taxable","22":"purchasable","23":"product-type-simple"},"bundled_by":[],"bundle_stock_status":"instock","bundle_stock_quantity":null,"bundle_virtual":false,"bundle_layout":"","bundle_add_to_cart_form_location":"","bundle_editable_in_cart":false,"bundle_sold_individually_context":"","bundle_item_grouping":"","bundle_min_size":"","bundle_max_size":"","bundle_price":[],"bundled_items":[],"bundle_sell_ids":[],"acf":[],"_links":{"self":[{"href":"https:\/\/www.raschvin.com\/sv\/wp-json\/wp\/v2\/product\/37004","targetHints":{"allow":["GET"]}}],"collection":[{"href":"https:\/\/www.raschvin.com\/sv\/wp-json\/wp\/v2\/product"}],"about":[{"href":"https:\/\/www.raschvin.com\/sv\/wp-json\/wp\/v2\/types\/product"}],"wp:featuredmedia":[{"embeddable":true,"href":"https:\/\/www.raschvin.com\/sv\/wp-json\/wp\/v2\/media\/36544"}],"wp:attachment":[{"href":"https:\/\/www.raschvin.com\/sv\/wp-json\/wp\/v2\/media?parent=37004"}],"wp:term":[{"taxonomy":"product_brand","embeddable":true,"href":"https:\/\/www.raschvin.com\/sv\/wp-json\/wp\/v2\/product_brand?post=37004"},{"taxonomy":"product_cat","embeddable":true,"href":"https:\/\/www.raschvin.com\/sv\/wp-json\/wp\/v2\/product_cat?post=37004"},{"taxonomy":"product_tag","embeddable":true,"href":"https:\/\/www.raschvin.com\/sv\/wp-json\/wp\/v2\/product_tag?post=37004"}],"curies":[{"name":"wp","href":"https:\/\/api.w.org\/{rel}","templated":true}]}}