{"id":36953,"date":"2023-05-31T18:52:18","date_gmt":"2023-05-31T16:52:18","guid":{"rendered":"https:\/\/www.raschvin.com\/produkt\/malmsey-madeira-miles-5-years-old-rich-75-cl-19\/"},"modified":"2023-05-31T18:52:18","modified_gmt":"2023-05-31T16:52:18","slug":"malmsey-madeira-miles-5-years-old-rich-75-cl-19","status":"publish","type":"product","link":"https:\/\/www.raschvin.com\/sv\/produkt\/malmsey-madeira-miles-5-years-old-rich-75-cl-19\/","title":{"rendered":"Malmsey Madeira \u2013 Miles 5 Years Old Rich 75 cl. 19%"},"content":{"rendered":"<p>Kn\u00e4ckig, nyanserad smak med s\u00f6tma, inslag av torkad frukt, farinsocker, apelsin och valn\u00f6tter.<\/p>\n<p>Serveras l\u00e4tt kyld ca 12 \u00b0C i ensamt majest\u00e4t efter en god m\u00e5ltid eller till kr\u00e4miga bakverk av choklad och\/eller n\u00f6tter. \u00c4ven god till v\u00e4llagrad n\u00f6tig h\u00e5rdost.<\/p>\n<p>Miles grundades 1878 p\u00e5 Madeira. Sedan 1913 ing\u00e5r Miles i Madeira Wine Company, en sammanslutning av flera Madeira-producenter f\u00f6r att tillsammans st\u00e4rka sin k\u00f6pkraft och m\u00f6jlighet att f\u00f6rb\u00e4ttra sin vinmakning. Oavsett storlek och stil var det nu som d\u00e5 viktigt att respektive producent fick verka f\u00f6r att beh\u00e5lla sin unika karakt\u00e4r av Madeira. Miles \u00e4r specialister p\u00e5 druvan Tinta Negra.<\/p>\n<p>Vinet \u00e4r f\u00e4rdiglagat och redo att drickas, men kan sparas m\u00e5nga \u00e5r. Madeira \u00e4r v\u00e4ldigt t\u00e5ligt, h\u00e5ller utan problem 18 m\u00e5nader i \u00f6ppnad flaska.<\/p>\n<p>Madiera \u00e4r en liten vulkanisk \u00f6 d\u00e4r endast ca 500 hektar vinodling. Vinrankorna v\u00e4xer p\u00e5 branta terrasser och sk\u00f6rdas f\u00f6r hand. Under vinframst\u00e4llningen v\u00e4rms vinet under en l\u00e4ngre tid, s\u00e5 kallad estufagem, vilket ger Madiera sin karakteristiska n\u00f6tiga och lite br\u00e4nda stil. Madiera \u2013 \u201ddet bakade vinet\u201d! Ett unikt vin! Till skillnad fr\u00e5n de flesta andra viner h\u00e5ller sig Madeira utm\u00e4rkt i \u00f6ppnad flaska, 18 m\u00e5nader \u00e4r inget problem.<\/p>\n","protected":false},"excerpt":{"rendered":"<p>Madeira Wine Company<\/p>\n","protected":false},"featured_media":36960,"template":"","meta":{"_acf_changed":false,"rs_blank_template":"","rs_page_bg_color":"","slide_template_v7":""},"product_brand":[],"product_cat":[2765,2768],"product_tag":[],"class_list":{"0":"post-36953","1":"product","2":"type-product","3":"status-publish","4":"has-post-thumbnail","6":"product_cat-hedvin-sv","7":"product_cat-madeira-sv","8":"pa_land-portugal-sv","9":"pa_procent-19-5-sv","10":"pa_producent-madeira-wine-company-sv","11":"pa_region-madeira-sv","12":"pa_serveringstemperatur-12-sv","13":"pa_volume-75-sv","15":"first","16":"instock","17":"taxable","18":"shipping-taxable","19":"purchasable","20":"product-type-simple"},"bundled_by":[],"bundle_stock_status":"instock","bundle_stock_quantity":null,"bundle_virtual":false,"bundle_layout":"","bundle_add_to_cart_form_location":"","bundle_editable_in_cart":false,"bundle_sold_individually_context":"","bundle_item_grouping":"","bundle_min_size":"","bundle_max_size":"","bundle_price":[],"bundled_items":[],"bundle_sell_ids":[],"acf":[],"_links":{"self":[{"href":"https:\/\/www.raschvin.com\/sv\/wp-json\/wp\/v2\/product\/36953","targetHints":{"allow":["GET"]}}],"collection":[{"href":"https:\/\/www.raschvin.com\/sv\/wp-json\/wp\/v2\/product"}],"about":[{"href":"https:\/\/www.raschvin.com\/sv\/wp-json\/wp\/v2\/types\/product"}],"wp:featuredmedia":[{"embeddable":true,"href":"https:\/\/www.raschvin.com\/sv\/wp-json\/wp\/v2\/media\/36960"}],"wp:attachment":[{"href":"https:\/\/www.raschvin.com\/sv\/wp-json\/wp\/v2\/media?parent=36953"}],"wp:term":[{"taxonomy":"product_brand","embeddable":true,"href":"https:\/\/www.raschvin.com\/sv\/wp-json\/wp\/v2\/product_brand?post=36953"},{"taxonomy":"product_cat","embeddable":true,"href":"https:\/\/www.raschvin.com\/sv\/wp-json\/wp\/v2\/product_cat?post=36953"},{"taxonomy":"product_tag","embeddable":true,"href":"https:\/\/www.raschvin.com\/sv\/wp-json\/wp\/v2\/product_tag?post=36953"}],"curies":[{"name":"wp","href":"https:\/\/api.w.org\/{rel}","templated":true}]}}