{"id":36793,"date":"2023-05-29T20:20:41","date_gmt":"2023-05-29T18:20:41","guid":{"rendered":"https:\/\/www.raschvin.com\/produkt\/sequeirinha-white-port-colheita-2010-75-cl-195\/"},"modified":"2025-07-05T07:46:57","modified_gmt":"2025-07-05T05:46:57","slug":"sequeirinha-white-port-colheita-2010-75-cl-195","status":"publish","type":"product","link":"https:\/\/www.raschvin.com\/sv\/produkt\/sequeirinha-white-port-colheita-2010-75-cl-195\/","title":{"rendered":"Sequeirinha White Port &#8211; Colheita 2014 75 cl. 19,5%"},"content":{"rendered":"<p>Sequeirinha \u00e4r resultatet av de b\u00e4sta vinerna fr\u00e5n Quinta de Maroccos, en av de \u00e4ldsta ving\u00e5rdarna i Dourodalen. Quinta de Marrocos ligger p\u00e5 flodens v\u00e4nstra strand och har varit familjens hem i flera generationer. \u00c5krarna \u00e4r h\u00f6ga (upp till 180 meter) och p\u00e5 branta s\u00f6derl\u00e4gen, d\u00e4r de varma dagarna och svala n\u00e4tterna vid floden ger perfekta v\u00e4xtf\u00f6rh\u00e5llanden. D\u00e4rf\u00f6r g\u00f6rs allt arbete p\u00e5 f\u00e4lten manuellt, som det har gjort i m\u00e5nga generationer. Pressningen sker f\u00f6r hand eller snarare med &#8221;fotkraft&#8221;.<\/p>\n<p>De gamla vinstockarna, varav n\u00e5gra \u00e4r \u00f6ver 100 \u00e5r gamla, ger l\u00e5g avkastning och d\u00e4rmed ett mer koncentrerat vin.<br \/>\nHar vunnit m\u00e5nga priser \u00f6ver hela v\u00e4rlden \u2013 t.ex. 92 po\u00e4ng och silvermedalj i Decanter f\u00f6r 10 \u00e5r tawny.<br \/>\nEn toppprodukt till fasta l\u00e5ga priser!<\/p>\n<p>Denna vita singel vintage port har lagrats p\u00e5 fat i 12 \u00e5r.<br \/>\nDe viktigaste druvorna som anv\u00e4nds: Fern\u00e3o Pires, Gouveio, Malvasia och Rabigato<br \/>\nGyllene str\u00e5f\u00e4rg med rika aromer av apelsinblomma och torkad frukt och l\u00e4tta toner av honung och rostat br\u00f6d fr\u00e5n fatlagring. I munnen p\u00e5minner den om torkad frukt, kristalliserat apelsinskal, honung, aprikos, mandarin och kryddor. Dess friska syra och eleganta eftersmak inbjuder till s\u00e4llskap med mandel- eller \u00e4ppelpajer och fruktiga desserter.<br \/>\nSmaken \u00e4r fr\u00e4schare, fylligare och ih\u00e5llande och mer elegant \u00e4n en r\u00f6d tawny i samma \u00e5lder.<\/p>\n<p>Med den friska syran \u00e4r den ocks\u00e5 fantastisk med allt fr\u00e5n r\u00f6kt lax, skaldjur och sushi. Eller om du \u00e4r mer f\u00f6r efterr\u00e4tter s\u00e5 passar detta portvin perfekt till f\u00e4rsk frukt, t\u00e5rta med jordgubbar, citronmar\u00e4ng, persikor i gr\u00e4dde eller jordgubbar \u00f6verdragna med vit choklad.<br \/>\nKan f\u00f6rvaras eller drickas nu vid 8\/10\u00b0C.<\/p>\n","protected":false},"excerpt":{"rendered":"<p>Single Harvest White Porto &#8211; The Family&#8217;s Choice<\/p>\n","protected":false},"featured_media":36818,"template":"","meta":{"_acf_changed":false,"rs_blank_template":"","rs_page_bg_color":"","slide_template_v7":""},"product_brand":[],"product_cat":[2765,4737,2772,4728],"product_tag":[],"class_list":{"0":"post-36793","1":"product","2":"type-product","3":"status-publish","4":"has-post-thumbnail","6":"product_cat-hedvin-sv","7":"product_cat-colheita-sv","8":"product_cat-hamn","9":"product_cat-white-port-sv","10":"pa_drue-fernao-pires-sv","11":"pa_drue-gouveio-sv","12":"pa_drue-malvasia-e-rabigato-sv","13":"pa_land-portugal-sv","14":"pa_procent-19-5-sv","15":"pa_producent-quinta-de-maroccos-sv","16":"pa_region-douro-sv","17":"pa_serveringstemperatur-8-10-sv","18":"pa_vintage-2014-sv","19":"pa_volume-70-sv-2","21":"first","22":"instock","23":"sale","24":"taxable","25":"shipping-taxable","26":"purchasable","27":"product-type-simple"},"bundled_by":[],"bundle_stock_status":"instock","bundle_stock_quantity":null,"bundle_virtual":false,"bundle_layout":"","bundle_add_to_cart_form_location":"","bundle_editable_in_cart":false,"bundle_sold_individually_context":"","bundle_item_grouping":"","bundle_min_size":"","bundle_max_size":"","bundle_price":[],"bundled_items":[],"bundle_sell_ids":[],"acf":[],"_links":{"self":[{"href":"https:\/\/www.raschvin.com\/sv\/wp-json\/wp\/v2\/product\/36793","targetHints":{"allow":["GET"]}}],"collection":[{"href":"https:\/\/www.raschvin.com\/sv\/wp-json\/wp\/v2\/product"}],"about":[{"href":"https:\/\/www.raschvin.com\/sv\/wp-json\/wp\/v2\/types\/product"}],"wp:featuredmedia":[{"embeddable":true,"href":"https:\/\/www.raschvin.com\/sv\/wp-json\/wp\/v2\/media\/36818"}],"wp:attachment":[{"href":"https:\/\/www.raschvin.com\/sv\/wp-json\/wp\/v2\/media?parent=36793"}],"wp:term":[{"taxonomy":"product_brand","embeddable":true,"href":"https:\/\/www.raschvin.com\/sv\/wp-json\/wp\/v2\/product_brand?post=36793"},{"taxonomy":"product_cat","embeddable":true,"href":"https:\/\/www.raschvin.com\/sv\/wp-json\/wp\/v2\/product_cat?post=36793"},{"taxonomy":"product_tag","embeddable":true,"href":"https:\/\/www.raschvin.com\/sv\/wp-json\/wp\/v2\/product_tag?post=36793"}],"curies":[{"name":"wp","href":"https:\/\/api.w.org\/{rel}","templated":true}]}}