{"id":36790,"date":"2023-05-29T19:58:58","date_gmt":"2023-05-29T17:58:58","guid":{"rendered":"https:\/\/www.raschvin.com\/produkt\/naga-siam-edition-10-years-old-rum-70-cl-40\/"},"modified":"2023-05-29T19:58:58","modified_gmt":"2023-05-29T17:58:58","slug":"naga-siam-edition-10-years-old-rum-70-cl-40","status":"publish","type":"product","link":"https:\/\/www.raschvin.com\/sv\/produkt\/naga-siam-edition-10-years-old-rum-70-cl-40\/","title":{"rendered":"Naga Siam Edition 10 Years Old Rum 70 cl. 40%"},"content":{"rendered":"<p>Siam Edition<br \/>\nNaga rum<\/p>\n<p>Urval av ett av de b\u00e4sta rummen p\u00e5 den indokinesiska halv\u00f6n<\/p>\n<p>Destillationsprocess:<br \/>\nSockerr\u00f6r odlas och f\u00f6r\u00e4dlas till melass i destilleriets plantager.<br \/>\nNAGA Siam Edition rom destilleras 5 g\u00e5nger i kolumner.<br \/>\nRommen lagras sedan p\u00e5 destilleriet, p\u00e5 200 liters amerikanska ekfat ex-bourbon. F\u00f6r att h\u00e5lla en konstant temperatur ligger k\u00e4llaren under markniv\u00e5.<br \/>\n\u00c4nglaandelen \u00e4r fortfarande mellan 7% och 9% per \u00e5r.<br \/>\nFaten rackas flera g\u00e5nger och fylls p\u00e5 med en motsvarande lagrad rom.<\/p>\n<p>Smakanteckningar:<br \/>\nDEN H\u00c4R NAGA SIAM EDITION RUM, MED SIN L\u00c5NGA MOGNAD UNDER TR\u00c4, UTVECKLAR EN FRUKLIG BRUN SOCKERNOSA, KOMPLEXA KRYDDA OCH TR\u00c4IGA AROMER. P\u00c5 GOMMEN HAR ROM EN MYCKLIG OCH RUND STRUKTUR, KARAKT\u00c4RISK F\u00d6R NAGA ROM. D\u00c5 KOMMER DE KRYDDA SMAKERNA OCH UNDERST\u00d6D ELEGANTA TONER AV KANDIERAD FRUKT, VANILJEEK OCH M\u00d6RA L\u00d6V AV BLOND TOBAKS.<\/p>\n<p>Innan sockerr\u00f6r n\u00e5gonsin planterades i Karibien, innan gin destillerades i London, redan innan ordet &#8221;alkohol&#8221; hade anv\u00e4nts f\u00f6r f\u00f6rsta g\u00e5ngen, drack folk Arrack.<\/p>\n<p>I slutet av 1400-talet n\u00e5dde portugisiska och holl\u00e4ndska k\u00f6pm\u00e4n \u00f6n Java. De uppt\u00e4ckte att de kinesiska sockerr\u00f6rsodlarna hade utvecklat ett hemligt recept som gjorde det m\u00f6jligt f\u00f6r melass att j\u00e4sa och sedan destilleras f\u00f6r att producera det som idag \u00e4r k\u00e4nt som BATAVIA ARRACK &#8211; INDONESIAN RUM.<\/p>\n<p>BATAVIA var namnet p\u00e5 Jakarta, Indonesiens huvudstad, som ligger p\u00e5 \u00f6n Java. Batavia Arrack kan d\u00e4rf\u00f6r \u00f6vers\u00e4ttas som &#8221;den starka lik\u00f6ren i Jakarta. Batavia Arrack kan s\u00e4rskiljas fr\u00e5n annan rom genom tillsats av j\u00e4st r\u00f6tt ris, kallat Qu eller Chu, i processen att j\u00e4sa melassen. Detta melassvin destilleras sedan i traditionella kinesiska stillbilder till 65 % innan de f\u00f6rvaras i terrakottavaser.<\/p>\n<p>Det var 1641 som vi f\u00f6rst b\u00f6rjade anv\u00e4nda &#8221;leaguers&#8221; (150-liters fat) f\u00f6r att lagra och frakta Batavia Arrack, och ers\u00e4tta de \u00f6mt\u00e5liga och besv\u00e4rliga stengodsvaserna. De var gjorda av teak, ett traditionellt indonesiskt tr\u00e4.&#8221;<\/p>\n<p>Indonesien<br \/>\nSockerr\u00f6rens fosterland<\/p>\n<p>En befolkning p\u00e5 250 miljoner varav 200 miljoner \u00e4r muslimer och 50 miljoner hinduer eller buddhister. 13 000 \u00f6ar P\u00e5 600-talet.<\/p>\n<p>Hinduism och buddhism blev de dominerande religionerna i landet. Islam d\u00f6k upp f\u00f6rst p\u00e5 Sumatra p\u00e5 1300-talet och fortsatte med att bli majoritetsreligionen i Indonesien fr\u00e5n 1600- och 1700-talen och fram\u00e5t.<\/p>\n<p>Majoriteten av indoneserna ansluter sig till och ut\u00f6var traditionella \u00f6vertygelser och riter, som de blandar med dessa religioner.<\/p>\n","protected":false},"excerpt":{"rendered":"<p>Indochinese Rum &#8211; Aged 10 Years<\/p>\n","protected":false},"featured_media":36833,"template":"","meta":{"_acf_changed":false,"rs_blank_template":"","rs_page_bg_color":"","slide_template_v7":""},"product_brand":[],"product_cat":[2387,4634,2391],"product_tag":[],"class_list":{"0":"post-36790","1":"product","2":"type-product","3":"status-publish","4":"has-post-thumbnail","6":"product_cat-avec-sv","7":"product_cat-premium-aged-sv","8":"product_cat-rom-sv","9":"pa_land-indochinese-sv","10":"pa_procent-40-sv-2","11":"pa_producent-spirits-corner-sv","12":"pa_traefad-bourbon-sv","13":"pa_volume-70-sv-2","15":"first","16":"instock","17":"sale","18":"taxable","19":"shipping-taxable","20":"purchasable","21":"product-type-simple"},"bundled_by":[],"bundle_stock_status":"instock","bundle_stock_quantity":null,"bundle_virtual":false,"bundle_layout":"","bundle_add_to_cart_form_location":"","bundle_editable_in_cart":false,"bundle_sold_individually_context":"","bundle_item_grouping":"","bundle_min_size":"","bundle_max_size":"","bundle_price":[],"bundled_items":[],"bundle_sell_ids":[],"acf":[],"_links":{"self":[{"href":"https:\/\/www.raschvin.com\/sv\/wp-json\/wp\/v2\/product\/36790","targetHints":{"allow":["GET"]}}],"collection":[{"href":"https:\/\/www.raschvin.com\/sv\/wp-json\/wp\/v2\/product"}],"about":[{"href":"https:\/\/www.raschvin.com\/sv\/wp-json\/wp\/v2\/types\/product"}],"wp:featuredmedia":[{"embeddable":true,"href":"https:\/\/www.raschvin.com\/sv\/wp-json\/wp\/v2\/media\/36833"}],"wp:attachment":[{"href":"https:\/\/www.raschvin.com\/sv\/wp-json\/wp\/v2\/media?parent=36790"}],"wp:term":[{"taxonomy":"product_brand","embeddable":true,"href":"https:\/\/www.raschvin.com\/sv\/wp-json\/wp\/v2\/product_brand?post=36790"},{"taxonomy":"product_cat","embeddable":true,"href":"https:\/\/www.raschvin.com\/sv\/wp-json\/wp\/v2\/product_cat?post=36790"},{"taxonomy":"product_tag","embeddable":true,"href":"https:\/\/www.raschvin.com\/sv\/wp-json\/wp\/v2\/product_tag?post=36790"}],"curies":[{"name":"wp","href":"https:\/\/api.w.org\/{rel}","templated":true}]}}