{"id":36516,"date":"2023-05-29T13:26:44","date_gmt":"2023-05-29T11:26:44","guid":{"rendered":"https:\/\/www.raschvin.com\/produkt\/port-askaig-islay-aged-45-years-70-cl-408\/"},"modified":"2023-05-29T13:26:44","modified_gmt":"2023-05-29T11:26:44","slug":"port-askaig-islay-aged-45-years-70-cl-408","status":"publish","type":"product","link":"https:\/\/www.raschvin.com\/sv\/produkt\/port-askaig-islay-aged-45-years-70-cl-408\/","title":{"rendered":"Port Askaig Islay \u2013 Aged 45 Years 70 cl. 40,8%"},"content":{"rendered":"<p>Et mycket sj\u00e6ldent exempel p\u00e5 Islay whisky i denna al. Destilleret i 1968 \u00e4r detta en kombination af fem sherryskodder, som blev gift tillsammans det sista \u00e5r. En vanlig komplex whisky, som alla Islay-fan vill njuta.<\/p>\n<p>N\u00c4SE<br \/>\nFrugtagtig, kombinerad b\u00e5de tropisk och frukt: \u00e4dlare, p\u00e4rer, papaya och mango.<\/p>\n<p>GANE<br \/>\nBitters\u00f8de appelsiner, mango och varmende krydderi med kontrasterande noter af mynte och gr\u00f6n te.<\/p>\n<p>AFSLUT<br \/>\nFrugten falmer til bladrige urter, som blir varmende och mintagtige.<\/p>\n<p>Producentens smaksnoter:<br \/>\nN\u00c4SE<br \/>\nAllerede f\u00f6r du smaker detta, \u00e4r dina sanser fyllda med fuld, tyk, moden frugt och tung, s\u00f6t, kl\u00e6brig nektar. Et strejf af mentol ger et fingerpeg om den l\u00e5nga lagringen af denna whisky.<\/p>\n<p>GANE<br \/>\nRige navleappelsiner och k\u00f6ttfull mango sitter p\u00e5 en tyk och varmende gane, med smak, mindre om gr\u00f6n te, mynteblade och tropisk frukt. Smagen \u00e4r otroligt v\u00e4lafbalanceret med elegans och balans.<\/p>\n<p>AFSLUT<br \/>\nRen och l\u00e5ng med omhyggeligt afbalanceret mineralitet.<\/p>\n<p>Port Askaig \u00e4r en serie av whisky fr\u00e5n Elixir Distillers. Brandet \u00e4r opkaldt efter staden af samma namn, som ligger p\u00e5 Islays \u00f8stkyst och i hundredvis af \u00e5r har varit k\u00e4nt som \u201dporten til Islay\u201d. Herfra og -til \u00e4r m\u00e5nga smuglere och whiskyfans sejlet genom \u00e5ren, och namnet \u00e4r n\u00e4stan synonymt med r\u00f6g och tang och tj\u00e6re. T\u00e6t ved byen ligger ocks\u00e5 destillerierne Caol Ila og Bunnahabhain, som rygtes att spela huvudrollerne i flera af aftapningerne.<\/p>\n<p>Fra Port Askaig kan kystlinjen p\u00e5 den n\u00e4rliggande Isle of Jura skimtes p\u00e5 en klar dag, och det \u00e4r denna kystlinje, som \u00e4r motivet p\u00e5 etiketten p\u00e5 Port Askaig-aftapningerne.<\/p>\n<p>Blender- och aftappervirksomheden Elixir Distillers \u00e4r grundlagt av de to br\u00f8de Sukhinder och Rajbir Singh, som ocks\u00e5 st\u00e5r butiken The Whisky Exchange. De anv\u00e4nder deras stora erfarenhet fr\u00e5n stort sett alla afkroge av spiritusverdenen till att fusionere det traditionella handverket med ett um\u00e4ttelig resultat efter att experimentera och forny. Huvudfokuset ligger helt best\u00e4mt p\u00e5 skotsk whisky, men \u00e4ven japansk, irsk och amerikansk whisky samt tequila och rom har hittats i Elixir Distillers\u2019 vackra designade flaskor. Blandt de mest anm\u00e4rkningsv\u00e4rda m\u00e4rken finner vi Elements of Islay, Port Askaig, Single Malts of Scotland och Black Tot.<\/p>\n<p>Oprindeligt hed firmaet Specialty Drinks, og navnet skiftede f\u00f6rst til Elixir Distillers i 2017 \u2013 men hvis de to br\u00f8dre blender og tapper whisky, hvor kommer s\u00e5 \u201dDistiller\u201d-delen ind? Jo, i 2018 annonserade de planer om att bygga et nytt destilleri p\u00e5 Islays sydkyst. Fremtiden ser lys ud f\u00f6r fans av r\u00f8g och t\u00f8rv!<\/p>\n","protected":false},"excerpt":{"rendered":"<p>Islay Singe Malt Scotch Whisky<\/p>\n","protected":false},"featured_media":36706,"template":"","meta":{"_acf_changed":false,"rs_blank_template":"","rs_page_bg_color":"","slide_template_v7":""},"product_brand":[],"product_cat":[2387,2392,4651],"product_tag":[],"class_list":{"0":"post-36516","1":"product","2":"type-product","3":"status-publish","4":"has-post-thumbnail","6":"product_cat-avec-sv","7":"product_cat-whisky-sv","8":"product_cat-single-malt-sv","9":"pa_champagne-type-single-cask-sv","10":"pa_land-skottland","11":"pa_procent-40-8-sv","12":"pa_producent-elixir-distillers-sv","13":"pa_region-islay-sv","14":"pa_traefad-sherry-butt-sv","15":"pa_volume-70-sv-2","17":"first","18":"instock","19":"taxable","20":"shipping-taxable","21":"purchasable","22":"product-type-simple"},"bundled_by":[],"bundle_stock_status":"instock","bundle_stock_quantity":null,"bundle_virtual":false,"bundle_layout":"","bundle_add_to_cart_form_location":"","bundle_editable_in_cart":false,"bundle_sold_individually_context":"","bundle_item_grouping":"","bundle_min_size":"","bundle_max_size":"","bundle_price":[],"bundled_items":[],"bundle_sell_ids":[],"acf":[],"_links":{"self":[{"href":"https:\/\/www.raschvin.com\/sv\/wp-json\/wp\/v2\/product\/36516","targetHints":{"allow":["GET"]}}],"collection":[{"href":"https:\/\/www.raschvin.com\/sv\/wp-json\/wp\/v2\/product"}],"about":[{"href":"https:\/\/www.raschvin.com\/sv\/wp-json\/wp\/v2\/types\/product"}],"wp:featuredmedia":[{"embeddable":true,"href":"https:\/\/www.raschvin.com\/sv\/wp-json\/wp\/v2\/media\/36706"}],"wp:attachment":[{"href":"https:\/\/www.raschvin.com\/sv\/wp-json\/wp\/v2\/media?parent=36516"}],"wp:term":[{"taxonomy":"product_brand","embeddable":true,"href":"https:\/\/www.raschvin.com\/sv\/wp-json\/wp\/v2\/product_brand?post=36516"},{"taxonomy":"product_cat","embeddable":true,"href":"https:\/\/www.raschvin.com\/sv\/wp-json\/wp\/v2\/product_cat?post=36516"},{"taxonomy":"product_tag","embeddable":true,"href":"https:\/\/www.raschvin.com\/sv\/wp-json\/wp\/v2\/product_tag?post=36516"}],"curies":[{"name":"wp","href":"https:\/\/api.w.org\/{rel}","templated":true}]}}