{"id":36512,"date":"2023-05-29T13:12:17","date_gmt":"2023-05-29T11:12:17","guid":{"rendered":"https:\/\/www.raschvin.com\/produkt\/bowmore-1996-23-years-single-malts-of-scotland-sms-70-cl-561\/"},"modified":"2023-05-29T13:12:17","modified_gmt":"2023-05-29T11:12:17","slug":"bowmore-1996-23-years-single-malts-of-scotland-sms-70-cl-561","status":"publish","type":"product","link":"https:\/\/www.raschvin.com\/sv\/produkt\/bowmore-1996-23-years-single-malts-of-scotland-sms-70-cl-561\/","title":{"rendered":"Bowmore 1996 23 Years Single Malts of Scotland (SMS) 70 cl. 56,1%"},"content":{"rendered":"<p>En 1996 Bowmore fr\u00e5n indietappare Elixir Distillers, mognad i en enda sherry butter i 23 \u00e5r, innan den buteljerades i oktober 2019 som en del av sin Single Malts of Scotland-serie. Kustn\u00e4ra aromer av havssalt och t\u00e5ng blandas med vilda blommor, brinnande torv, rosmarin och grillad ananas fyller n\u00e4san. Smaken erbjuder toner av s\u00f6t r\u00f6k, pocherade p\u00e4ron, saltflingor och vilda blommor.<\/p>\n<p>Detta \u00e4r en av 634 flaskor, buteljerade med 56,1% alc\/vol fr\u00e5n fat #960014<\/p>\n","protected":false},"excerpt":{"rendered":"<p>Single Malt Scotch Whisky<\/p>\n","protected":false},"featured_media":36613,"template":"","meta":{"_acf_changed":false,"rs_blank_template":"","rs_page_bg_color":"","slide_template_v7":""},"product_brand":[],"product_cat":[2387,4651,2392],"product_tag":[],"class_list":{"0":"post-36512","1":"product","2":"type-product","3":"status-publish","4":"has-post-thumbnail","6":"product_cat-avec-sv","7":"product_cat-single-malt-sv","8":"product_cat-whisky-sv","9":"pa_land-skottland","10":"pa_procent-56-1-sv","11":"pa_producent-elixir-distillers-sv","12":"pa_region-islay-sv","13":"pa_traefad-sherry-butt-sv","14":"pa_vintage-1996-sv","15":"pa_volume-70-sv-2","17":"first","18":"instock","19":"taxable","20":"shipping-taxable","21":"purchasable","22":"product-type-simple"},"bundled_by":[],"bundle_stock_status":"instock","bundle_stock_quantity":1,"bundle_virtual":false,"bundle_layout":"","bundle_add_to_cart_form_location":"","bundle_editable_in_cart":false,"bundle_sold_individually_context":"","bundle_item_grouping":"","bundle_min_size":"","bundle_max_size":"","bundle_price":[],"bundled_items":[],"bundle_sell_ids":[],"acf":[],"_links":{"self":[{"href":"https:\/\/www.raschvin.com\/sv\/wp-json\/wp\/v2\/product\/36512","targetHints":{"allow":["GET"]}}],"collection":[{"href":"https:\/\/www.raschvin.com\/sv\/wp-json\/wp\/v2\/product"}],"about":[{"href":"https:\/\/www.raschvin.com\/sv\/wp-json\/wp\/v2\/types\/product"}],"wp:featuredmedia":[{"embeddable":true,"href":"https:\/\/www.raschvin.com\/sv\/wp-json\/wp\/v2\/media\/36613"}],"wp:attachment":[{"href":"https:\/\/www.raschvin.com\/sv\/wp-json\/wp\/v2\/media?parent=36512"}],"wp:term":[{"taxonomy":"product_brand","embeddable":true,"href":"https:\/\/www.raschvin.com\/sv\/wp-json\/wp\/v2\/product_brand?post=36512"},{"taxonomy":"product_cat","embeddable":true,"href":"https:\/\/www.raschvin.com\/sv\/wp-json\/wp\/v2\/product_cat?post=36512"},{"taxonomy":"product_tag","embeddable":true,"href":"https:\/\/www.raschvin.com\/sv\/wp-json\/wp\/v2\/product_tag?post=36512"}],"curies":[{"name":"wp","href":"https:\/\/api.w.org\/{rel}","templated":true}]}}