{"id":36508,"date":"2023-05-29T12:47:50","date_gmt":"2023-05-29T10:47:50","guid":{"rendered":"https:\/\/www.raschvin.com\/produkt\/glenmorangie-grand-vintage-malt-1996-70-cl-43\/"},"modified":"2023-05-29T12:47:50","modified_gmt":"2023-05-29T10:47:50","slug":"glenmorangie-grand-vintage-malt-1996-70-cl-43","status":"publish","type":"product","link":"https:\/\/www.raschvin.com\/sv\/produkt\/glenmorangie-grand-vintage-malt-1996-70-cl-43\/","title":{"rendered":"Glenmorangie Grand Vintage Malt 1996 70 cl. 43%"},"content":{"rendered":"<p>Glenmorangie Grand Vintage 1996 \u00e4r en sl\u00e4t, kr\u00e4mig Highland singelmalt som mognats p\u00e5 specialfat i 23 \u00e5r innan den buteljeras 2019. S\u00f6ta, blommiga aromer av rosor, kryddnejlika, koriander, apelsin, p\u00e4ron och kr\u00e4mig vanilj fyller n\u00e4san. Smaken erbjuder toner av f\u00e4rska apelsiner och citroner, vaniljfudge, mald ingef\u00e4ra, kanel, ekkrydda och marsipan.<\/p>\n<p>Glenmorangie \u00e4r k\u00e4nt f\u00f6r att ha Skottlands h\u00f6gsta stillbilder. De h\u00f6ga kittlarna ger \u00f6kad kontakt mellan spriten och kopparn och det har en markant effekt p\u00e5 smaken av den slutliga whiskyn som blir l\u00e4ttare och elegantare. Denna stil \u00e4r \u00e4lskad \u00f6ver hela v\u00e4rlden och har utan tvekan bidragit till att g\u00f6ra Glenmorangie till den 4:e mest s\u00e5lda singelmalten i v\u00e4rlden sedan 2007.<\/p>\n<p>Destilleriet grundades av William Mathesen och har precis kunnat fira sitt 175-\u00e5rsjubileum, vilket man bland annat gjorde genom att annonsera en utbyggnad. F\u00f6r n\u00e4rvarande \u00e4r kapaciteten 6 miljoner liter ren sprit per \u00e5r, men med de 2 planerade nya destillationerna kommer den troligen att \u00f6ka rej\u00e4lt.<\/p>\n","protected":false},"excerpt":{"rendered":"<p>Highland Single Malt Scotch Whisky<\/p>\n","protected":false},"featured_media":36652,"template":"","meta":{"_acf_changed":false,"rs_blank_template":"","rs_page_bg_color":"","slide_template_v7":""},"product_brand":[],"product_cat":[2387,4651,2392],"product_tag":[],"class_list":{"0":"post-36508","1":"product","2":"type-product","3":"status-publish","4":"has-post-thumbnail","6":"product_cat-avec-sv","7":"product_cat-single-malt-sv","8":"product_cat-whisky-sv","9":"pa_land-skottland","10":"pa_procent-43-sv","11":"pa_producent-glenmorangie-sv","12":"pa_region-highland-sv","13":"pa_traefad-bourbon-sv","14":"pa_traefad-oloroso-sv","15":"pa_vintage-1996-sv","16":"pa_volume-70-sv-2","18":"first","19":"instock","20":"taxable","21":"shipping-taxable","22":"purchasable","23":"product-type-simple"},"bundled_by":[],"bundle_stock_status":"instock","bundle_stock_quantity":1,"bundle_virtual":false,"bundle_layout":"","bundle_add_to_cart_form_location":"","bundle_editable_in_cart":false,"bundle_sold_individually_context":"","bundle_item_grouping":"","bundle_min_size":"","bundle_max_size":"","bundle_price":[],"bundled_items":[],"bundle_sell_ids":[],"acf":[],"_links":{"self":[{"href":"https:\/\/www.raschvin.com\/sv\/wp-json\/wp\/v2\/product\/36508","targetHints":{"allow":["GET"]}}],"collection":[{"href":"https:\/\/www.raschvin.com\/sv\/wp-json\/wp\/v2\/product"}],"about":[{"href":"https:\/\/www.raschvin.com\/sv\/wp-json\/wp\/v2\/types\/product"}],"wp:featuredmedia":[{"embeddable":true,"href":"https:\/\/www.raschvin.com\/sv\/wp-json\/wp\/v2\/media\/36652"}],"wp:attachment":[{"href":"https:\/\/www.raschvin.com\/sv\/wp-json\/wp\/v2\/media?parent=36508"}],"wp:term":[{"taxonomy":"product_brand","embeddable":true,"href":"https:\/\/www.raschvin.com\/sv\/wp-json\/wp\/v2\/product_brand?post=36508"},{"taxonomy":"product_cat","embeddable":true,"href":"https:\/\/www.raschvin.com\/sv\/wp-json\/wp\/v2\/product_cat?post=36508"},{"taxonomy":"product_tag","embeddable":true,"href":"https:\/\/www.raschvin.com\/sv\/wp-json\/wp\/v2\/product_tag?post=36508"}],"curies":[{"name":"wp","href":"https:\/\/api.w.org\/{rel}","templated":true}]}}