{"id":36487,"date":"2023-05-29T11:30:21","date_gmt":"2023-05-29T09:30:21","guid":{"rendered":"https:\/\/www.raschvin.com\/produkt\/hatozaki-pure-malt-70-cl-46\/"},"modified":"2023-05-29T11:30:21","modified_gmt":"2023-05-29T09:30:21","slug":"hatozaki-pure-malt-70-cl-46","status":"publish","type":"product","link":"https:\/\/www.raschvin.com\/sv\/produkt\/hatozaki-pure-malt-70-cl-46\/","title":{"rendered":"Hatozaki Pure Malt 70 cl. 46%"},"content":{"rendered":"<p>Hatozaki Pure Malt Whisky \u00e4r en blandning av flera olika maltwhisky som lagras p\u00e5 importerade bourbon- och sherryfat, samt landets egna Mizunara ekfat.<\/p>\n<p>Destilleriet \u00e4r designat f\u00f6r att producera japansk single malt whisky och har f\u00e5tt namnet Kaikyo Distillery efter den ber\u00f6mda Akashi-Kaikyo Bridge som ligger framf\u00f6r destilleriet. Medan singelmalten mognar i lagren har de producerat denna blandade malt.<\/p>\n<p>Doft<\/p>\n<p>Mycket s\u00f6t malt med influens fr\u00e5n de olika fattyperna<\/p>\n<p>Smak<\/p>\n<p>Krossad, torkad frukt med en aning r\u00f6k<\/p>\n<p>Eftersmak<\/p>\n<p>S\u00f6tman och malten h\u00e4nger kvar med r\u00f6ken och avslutas till sist med honung<\/p>\n<p>Kommentar<\/p>\n<p>En superfin dram!<\/p>\n<p>&#8221;Elegant, rundad och l\u00e4tt att dricka&#8221;, s\u00e5 h\u00e4r beskriver Kaiky\u014d-destilleriet sj\u00e4lva Hatozaki &#8211; &#8221;v\u00e5r whisky \u00e4r gr\u00e4dden p\u00e5 moset f\u00f6r avkopplande stunder med v\u00e4nner, familj och andra m\u00e4nniskor du \u00e4lskar. Fr\u00e5n den nyfikna amat\u00f6ren till den rutinerade finsmakaren; Hatozaki h\u00e4lsar alla v\u00e4lkomna.\u201d<\/p>\n<p>Hatozaki fick sitt namn efter den \u00e4ldsta stenfyren i Japan, en symbol f\u00f6r s\u00e4kerhet och v\u00e4gledning fr\u00e5n forntida tider, som d\u00e4rmed har tagits upp i Japans lista \u00f6ver historiska monument. Hatozakis design \u00e4r starkt inspirerad av den mjuka och naturalistiska konstform som anv\u00e4ndes under Edo-perioden (1603-1868), Hatozaki inkorporerar en djup respekt f\u00f6r den skotska whiskyn, som den japanska whiskyn sj\u00e4lv st\u00e5r i tacksamhetsskuld till.<\/p>\n","protected":false},"excerpt":{"rendered":"<p>Japanese Blended Malt Whisky<\/p>\n","protected":false},"featured_media":36670,"template":"","meta":{"_acf_changed":false,"rs_blank_template":"","rs_page_bg_color":"","slide_template_v7":""},"product_brand":[],"product_cat":[2387,2392,4648],"product_tag":[],"class_list":{"0":"post-36487","1":"product","2":"type-product","3":"status-publish","4":"has-post-thumbnail","6":"product_cat-avec-sv","7":"product_cat-whisky-sv","8":"product_cat-blended-malt","9":"pa_land-japan-sv","10":"pa_procent-46-sv","11":"pa_producent-kaikyo-sv","12":"pa_region-akashi-sv","13":"pa_volume-70-sv-2","15":"first","16":"instock","17":"sale","18":"taxable","19":"shipping-taxable","20":"purchasable","21":"product-type-simple"},"bundled_by":[],"bundle_stock_status":"instock","bundle_stock_quantity":null,"bundle_virtual":false,"bundle_layout":"","bundle_add_to_cart_form_location":"","bundle_editable_in_cart":false,"bundle_sold_individually_context":"","bundle_item_grouping":"","bundle_min_size":"","bundle_max_size":"","bundle_price":[],"bundled_items":[],"bundle_sell_ids":[],"acf":[],"_links":{"self":[{"href":"https:\/\/www.raschvin.com\/sv\/wp-json\/wp\/v2\/product\/36487","targetHints":{"allow":["GET"]}}],"collection":[{"href":"https:\/\/www.raschvin.com\/sv\/wp-json\/wp\/v2\/product"}],"about":[{"href":"https:\/\/www.raschvin.com\/sv\/wp-json\/wp\/v2\/types\/product"}],"wp:featuredmedia":[{"embeddable":true,"href":"https:\/\/www.raschvin.com\/sv\/wp-json\/wp\/v2\/media\/36670"}],"wp:attachment":[{"href":"https:\/\/www.raschvin.com\/sv\/wp-json\/wp\/v2\/media?parent=36487"}],"wp:term":[{"taxonomy":"product_brand","embeddable":true,"href":"https:\/\/www.raschvin.com\/sv\/wp-json\/wp\/v2\/product_brand?post=36487"},{"taxonomy":"product_cat","embeddable":true,"href":"https:\/\/www.raschvin.com\/sv\/wp-json\/wp\/v2\/product_cat?post=36487"},{"taxonomy":"product_tag","embeddable":true,"href":"https:\/\/www.raschvin.com\/sv\/wp-json\/wp\/v2\/product_tag?post=36487"}],"curies":[{"name":"wp","href":"https:\/\/api.w.org\/{rel}","templated":true}]}}