{"id":36459,"date":"2023-05-29T09:14:32","date_gmt":"2023-05-29T07:14:32","guid":{"rendered":"https:\/\/www.raschvin.com\/produkt\/chateau-les-gravieres-de-la-brandille-bordeaux-superieur-2018-75-cl\/"},"modified":"2023-05-29T09:14:32","modified_gmt":"2023-05-29T07:14:32","slug":"chateau-les-gravieres-de-la-brandille-bordeaux-superieur-2018-75-cl","status":"publish","type":"product","link":"https:\/\/www.raschvin.com\/sv\/produkt\/chateau-les-gravieres-de-la-brandille-bordeaux-superieur-2018-75-cl\/","title":{"rendered":"Ch\u00e2teau les Gravi\u00e8res de la Brandille Bordeaux Superieur 2018 75 cl."},"content":{"rendered":"<p>Ch\u00e2teau les Gravi\u00e8res de la Brandille Bordeaux Superieur \u00e4r ett genuint fynd; h\u00e4rligt men prisv\u00e4rt r\u00f6tt vin med bra intensitet och \u00e4kta Bordeaux-typ.<\/p>\n<p>Vinet g\u00f6rs p\u00e5 Borderie-familjens egna druvor fr\u00e5n olika skiften runt Saint-M\u00e9dard-de-Guizi\u00e8res, nordost om St-Emili\u00f3n. Liksom sin ber\u00f6mda granne \u00e4r merlot huvuddruvan h\u00e4r, med cabernet sauvignon och cabernet franc i betydande biroller. Tomterna n\u00e4rmast Isle River \u00e4r mest grusiga medan lite h\u00f6gre liggande tomter inneh\u00e5ller mer kalk och lera. Kombinationen av h\u00f6g planteringst\u00e4thet och \u00e5krarnas medel\u00e5lder runt 40 \u00e5r ger naturligtvis l\u00e5ga sk\u00f6rdar; en grundf\u00f6ruts\u00e4ttning f\u00f6r gott vin.<br \/>\nEfter sk\u00f6rden utf\u00f6rs kall maceration i 5 dagar, varefter den alkoholhaltiga j\u00e4sningen str\u00e4cker sig \u00f6ver ca. en m\u00e5nad. Familjen Borderie har investerat i n\u00e5gra stora korgpressar som vanligtvis bara syns hos regionens mest prestigefyllda tillverkare. Lagringen sker fr\u00e4mst i betongtankar medan en mindre del lagrar i ved.<\/p>\n<p>Les Gravi\u00e8res de la Brandille uppvisar den elegans som Bordeaux \u00e4r k\u00e4nt f\u00f6r. Visst \u00e4r det ett torrt vin, men det finns en frisk mognad i frukten och en intensitet som h\u00f6r till en n\u00e5got dyrare prisklass.<\/p>\n<p>N\u00e4sa och smak har intensiva aromer av r\u00f6da och m\u00f6rka b\u00e4r, lite cedertr\u00e4 och grusiga mineraler och mogna tanniner som g\u00f6r vinet tillg\u00e4ngligt nu, men lovar ocks\u00e5 gott f\u00f6r en handfull \u00e5r fram\u00e5t om du har t\u00e5lamodet att lagra vinet.<\/p>\n<p>Avnjuts i 15-18\u00b0, g\u00e4rna till en enda r\u00e4tt av stekt k\u00f6tt &#8211; b\u00e5de f\u00e5gel, lamm och n\u00f6t kommer att fungera elegant, speciellt flankerad av en r\u00f6dvinsbaserad s\u00e5s g\u00f6r den sig bra.<\/p>\n","protected":false},"excerpt":{"rendered":"<p>Grand Vin de Bordeaux \u2013 France<\/p>\n","protected":false},"featured_media":36679,"template":"","meta":{"_acf_changed":false,"rs_blank_template":"","rs_page_bg_color":"","slide_template_v7":""},"product_brand":[],"product_cat":[2788,2798],"product_tag":[],"class_list":{"0":"post-36459","1":"product","2":"type-product","3":"status-publish","4":"has-post-thumbnail","6":"product_cat-vin-sv","7":"product_cat-roedvin-sv","8":"pa_aargang-2018-sv","9":"pa_drue-cabernet-franc-sv","10":"pa_drue-cabernet-sauvignon-sv","11":"pa_drue-merlot-sv","12":"pa_land-frankrike","13":"pa_procent-13-5-sv","14":"pa_producent-chateau-les-gravieres-de-la-brandille-sv","15":"pa_region-bordeaux-sv","16":"pa_serveringstemperatur-15-18-sv","17":"pa_volume-75-sv","19":"first","20":"instock","21":"taxable","22":"shipping-taxable","23":"purchasable","24":"product-type-simple"},"bundled_by":[],"bundle_stock_status":"instock","bundle_stock_quantity":null,"bundle_virtual":false,"bundle_layout":"","bundle_add_to_cart_form_location":"","bundle_editable_in_cart":false,"bundle_sold_individually_context":"","bundle_item_grouping":"","bundle_min_size":"","bundle_max_size":"","bundle_price":[],"bundled_items":[],"bundle_sell_ids":[],"acf":[],"_links":{"self":[{"href":"https:\/\/www.raschvin.com\/sv\/wp-json\/wp\/v2\/product\/36459","targetHints":{"allow":["GET"]}}],"collection":[{"href":"https:\/\/www.raschvin.com\/sv\/wp-json\/wp\/v2\/product"}],"about":[{"href":"https:\/\/www.raschvin.com\/sv\/wp-json\/wp\/v2\/types\/product"}],"wp:featuredmedia":[{"embeddable":true,"href":"https:\/\/www.raschvin.com\/sv\/wp-json\/wp\/v2\/media\/36679"}],"wp:attachment":[{"href":"https:\/\/www.raschvin.com\/sv\/wp-json\/wp\/v2\/media?parent=36459"}],"wp:term":[{"taxonomy":"product_brand","embeddable":true,"href":"https:\/\/www.raschvin.com\/sv\/wp-json\/wp\/v2\/product_brand?post=36459"},{"taxonomy":"product_cat","embeddable":true,"href":"https:\/\/www.raschvin.com\/sv\/wp-json\/wp\/v2\/product_cat?post=36459"},{"taxonomy":"product_tag","embeddable":true,"href":"https:\/\/www.raschvin.com\/sv\/wp-json\/wp\/v2\/product_tag?post=36459"}],"curies":[{"name":"wp","href":"https:\/\/api.w.org\/{rel}","templated":true}]}}