{"id":36453,"date":"2023-05-29T08:57:56","date_gmt":"2023-05-29T06:57:56","guid":{"rendered":"https:\/\/www.raschvin.com\/produkt\/les-mougeottes-pinot-noir-75-cl\/"},"modified":"2023-05-29T08:57:56","modified_gmt":"2023-05-29T06:57:56","slug":"les-mougeottes-pinot-noir-75-cl","status":"publish","type":"product","link":"https:\/\/www.raschvin.com\/sv\/produkt\/les-mougeottes-pinot-noir-75-cl\/","title":{"rendered":"Les Mougeottes Pinot Noir 75 cl."},"content":{"rendered":"<p>Pinot noir \u00e4r inte l\u00e4ngre enbart den h\u00f6gt uppskattade r\u00f6da Bourgogne-druvan, vars goda exemplar nu har blivit f\u00f6r dyra f\u00f6r \u00e4ven v\u00e4lb\u00e4rgade vin\u00e4lskare.<br \/>\nTack vare druvans spridning i sydv\u00e4stra Frankrike har en mer demokratisk tolkning av druvan kommit, som liksom detta vin \u00e4r f\u00f6rv\u00e5nansv\u00e4rt prisv\u00e4rd, med en \u2013 visserligen \u2013 enklare, men samtidigt mer popul\u00e4r vinprofil, d\u00e4r det finns en mer rundad frukt och mindre syra \u00e4n i Bourgogne r\u00f6da viner.<\/p>\n<p>Pinot noir \u00e4r extremt kr\u00e4sen med var den v\u00e4ljer att ge bra resultat. P\u00e5 utvalda platser i Languedoc \u00e4r det m\u00f6jligt att g\u00f6ra framg\u00e5ngsrika versioner som INTE smakar Bourgogne, och som de inte heller f\u00f6rs\u00f6ker g\u00f6ra. I geng\u00e4ld f\u00e5r du budgetv\u00e4nlig, ren pinot noir med frisk, saftig frukt och fin fyllighet.<br \/>\nLes Mougeottes Pinot Noir \u00e4r ett s\u00e5dant vin: aptitretande, robust vin som idealiskt kombinerar druvans l\u00e5ga garvsyrahalt med p\u00e5verkan av det varmare klimatet, vilket ger b\u00e4raromer som g\u00e5r i riktning mot mullb\u00e4r, bj\u00f6rnb\u00e4r och bara en hint av jordgubbar . H\u00e4r finns ren dryckesnjutning, d\u00e4r fr\u00e5nvaron av dystra tanniner ger en s\u00f6ml\u00f6s dryckesupplevelse.<\/p>\n<p>Les Mougeottes \u00e4r inget h\u00f6gprofilerat vin, utan en \u00e4rlig och smakrik aff\u00e4r som, serverad i 14-16\u00b0, sprider gl\u00e4dje \u00f6ver en bred kam.<\/p>\n","protected":false},"excerpt":{"rendered":"<p>Pays d\u2019Oc IGP \u2013 France<\/p>\n","protected":false},"featured_media":36598,"template":"","meta":{"_acf_changed":false,"rs_blank_template":"","rs_page_bg_color":"","slide_template_v7":""},"product_brand":[],"product_cat":[7776,2788,2798],"product_tag":[],"class_list":{"0":"post-36453","1":"product","2":"type-product","3":"status-publish","4":"has-post-thumbnail","6":"product_cat-sommer-pinot-noir-sv","7":"product_cat-vin-sv","8":"product_cat-roedvin-sv","9":"pa_aargang-2021-sv","10":"pa_drue-pinot-noir-sv","11":"pa_land-frankrike","12":"pa_procent-13-sv","13":"pa_producent-les-mougeottes-sv","14":"pa_region-languedoc-sv","15":"pa_serveringstemperatur-14-16-sv","16":"pa_volume-75-sv","18":"first","19":"instock","20":"taxable","21":"shipping-taxable","22":"purchasable","23":"product-type-simple"},"bundled_by":["119753","119774","119776","119867"],"bundle_stock_status":"instock","bundle_stock_quantity":null,"bundle_virtual":false,"bundle_layout":"","bundle_add_to_cart_form_location":"","bundle_editable_in_cart":false,"bundle_sold_individually_context":"","bundle_item_grouping":"","bundle_min_size":"","bundle_max_size":"","bundle_price":[],"bundled_items":[],"bundle_sell_ids":[],"acf":[],"_links":{"self":[{"href":"https:\/\/www.raschvin.com\/sv\/wp-json\/wp\/v2\/product\/36453","targetHints":{"allow":["GET"]}}],"collection":[{"href":"https:\/\/www.raschvin.com\/sv\/wp-json\/wp\/v2\/product"}],"about":[{"href":"https:\/\/www.raschvin.com\/sv\/wp-json\/wp\/v2\/types\/product"}],"wp:featuredmedia":[{"embeddable":true,"href":"https:\/\/www.raschvin.com\/sv\/wp-json\/wp\/v2\/media\/36598"}],"wp:attachment":[{"href":"https:\/\/www.raschvin.com\/sv\/wp-json\/wp\/v2\/media?parent=36453"}],"wp:term":[{"taxonomy":"product_brand","embeddable":true,"href":"https:\/\/www.raschvin.com\/sv\/wp-json\/wp\/v2\/product_brand?post=36453"},{"taxonomy":"product_cat","embeddable":true,"href":"https:\/\/www.raschvin.com\/sv\/wp-json\/wp\/v2\/product_cat?post=36453"},{"taxonomy":"product_tag","embeddable":true,"href":"https:\/\/www.raschvin.com\/sv\/wp-json\/wp\/v2\/product_tag?post=36453"}],"curies":[{"name":"wp","href":"https:\/\/api.w.org\/{rel}","templated":true}]}}