{"id":36450,"date":"2023-05-29T08:50:14","date_gmt":"2023-05-29T06:50:14","guid":{"rendered":"https:\/\/www.raschvin.com\/produkt\/chateau-dupa-medoc-2019-75-cl\/"},"modified":"2023-05-29T08:50:14","modified_gmt":"2023-05-29T06:50:14","slug":"chateau-dupa-medoc-2019-75-cl","status":"publish","type":"product","link":"https:\/\/www.raschvin.com\/sv\/produkt\/chateau-dupa-medoc-2019-75-cl\/","title":{"rendered":"Ch\u00e2teau Dupa M\u00e9doc 2019 75 cl."},"content":{"rendered":"<p>Ch\u00e2teau Dupa \u00e4r en otroligt prisv\u00e4rd men v\u00e4rdig representant f\u00f6r appellationen M\u00e9doc, som med sin torra, eleganta och precisa stil \u00e4r &#8221;klassisk fransk&#8221; p\u00e5 ett snyggt s\u00e4tt.<\/p>\n<p>Denna cuv\u00e9e \u00e4r en blandning av 65 % merlot, 30 % cabernet sauvignon, 5 % petit verdot, som traditionellt \u00e4r vinifierad med knappt 3 veckors maceration och efterf\u00f6ljande lagring i aromneutrala tankar i ca. ett \u00e5r. Inga ekfat anv\u00e4nds under j\u00e4sning eller lagring.<\/p>\n<p>Doft och smak erbjuder en blandning av svarta vinb\u00e4r, vilda b\u00e4r och n\u00e5gra vinb\u00e4r med fasta men mogna tanniner.<br \/>\nCh\u00e2teau Dupa \u00e4r ett torrt, elegant vin med en god l\u00e5ng eftersmak som kommer att vara ett passande tillbeh\u00f6r till inte f\u00f6r tunga r\u00e4tter med f\u00e5gel, kalv, n\u00f6t eller lamm.<\/p>\n<p>Vi rekommenderar en serveringstemperatur p\u00e5 ca. 17\u00b0.<\/p>\n<p>90 po\u00e4ng Wine Entusiast Magazine<\/p>\n<p>\u201cDominerat av 61 % Merlot, detta vin \u00e4r syltigt, saftigt med smak av bj\u00f6rnb\u00e4r. Tanninerna och k\u00e4rnan av rikedom erbjuder en viss \u00e5ldrandepotential\u201d<\/p>\n<p>Wine Enthusiast Magazine (januari 2022)<\/p>\n","protected":false},"excerpt":{"rendered":"<p>Grand Vin de Bordeaux \u2013 France<\/p>\n","protected":false},"featured_media":36619,"template":"","meta":{"_acf_changed":false,"rs_blank_template":"","rs_page_bg_color":"","slide_template_v7":""},"product_brand":[],"product_cat":[2788,2798],"product_tag":[],"class_list":{"0":"post-36450","1":"product","2":"type-product","3":"status-publish","4":"has-post-thumbnail","6":"product_cat-vin-sv","7":"product_cat-roedvin-sv","8":"pa_aargang-2019-sv","9":"pa_drue-cabernet-sauvignon-sv","10":"pa_drue-merlot-sv","11":"pa_drue-petit-verdot-sv","12":"pa_land-frankrike","13":"pa_procent-13-sv","14":"pa_producent-chateau-dupa-sv","15":"pa_region-bordeaux-sv","16":"pa_serveringstemperatur-17-sv","17":"pa_volume-75-sv","19":"first","20":"instock","21":"taxable","22":"shipping-taxable","23":"purchasable","24":"product-type-simple"},"bundled_by":[],"bundle_stock_status":"instock","bundle_stock_quantity":null,"bundle_virtual":false,"bundle_layout":"","bundle_add_to_cart_form_location":"","bundle_editable_in_cart":false,"bundle_sold_individually_context":"","bundle_item_grouping":"","bundle_min_size":"","bundle_max_size":"","bundle_price":[],"bundled_items":[],"bundle_sell_ids":[],"acf":[],"_links":{"self":[{"href":"https:\/\/www.raschvin.com\/sv\/wp-json\/wp\/v2\/product\/36450","targetHints":{"allow":["GET"]}}],"collection":[{"href":"https:\/\/www.raschvin.com\/sv\/wp-json\/wp\/v2\/product"}],"about":[{"href":"https:\/\/www.raschvin.com\/sv\/wp-json\/wp\/v2\/types\/product"}],"wp:featuredmedia":[{"embeddable":true,"href":"https:\/\/www.raschvin.com\/sv\/wp-json\/wp\/v2\/media\/36619"}],"wp:attachment":[{"href":"https:\/\/www.raschvin.com\/sv\/wp-json\/wp\/v2\/media?parent=36450"}],"wp:term":[{"taxonomy":"product_brand","embeddable":true,"href":"https:\/\/www.raschvin.com\/sv\/wp-json\/wp\/v2\/product_brand?post=36450"},{"taxonomy":"product_cat","embeddable":true,"href":"https:\/\/www.raschvin.com\/sv\/wp-json\/wp\/v2\/product_cat?post=36450"},{"taxonomy":"product_tag","embeddable":true,"href":"https:\/\/www.raschvin.com\/sv\/wp-json\/wp\/v2\/product_tag?post=36450"}],"curies":[{"name":"wp","href":"https:\/\/api.w.org\/{rel}","templated":true}]}}