{"id":36441,"date":"2023-05-29T08:12:56","date_gmt":"2023-05-29T06:12:56","guid":{"rendered":"https:\/\/www.raschvin.com\/produkt\/les-allees-de-cantemerle-haut-medoc-2016-75-cl\/"},"modified":"2023-05-29T08:12:56","modified_gmt":"2023-05-29T06:12:56","slug":"les-allees-de-cantemerle-haut-medoc-2016-75-cl","status":"publish","type":"product","link":"https:\/\/www.raschvin.com\/sv\/produkt\/les-allees-de-cantemerle-haut-medoc-2016-75-cl\/","title":{"rendered":"Les All\u00e9es de Cantemerle Haut-M\u00e9doc 2016 75 cl."},"content":{"rendered":"<p>Les All\u00e9es de Cantemerle \u00e4r det andra vinet f\u00f6r Ch\u00e2teau Cantemerle, Haut-M\u00e9doc 5th Cru Class\u00e9. Slottet ligger i Macau, strax s\u00f6der om Margaux p\u00e5 alluviala grusavlagringar fr\u00e5n floden Garonne.<\/p>\n<p>Under de senaste 25 \u00e5ren har slottets markinnehav via enorma investeringar v\u00e4xt till sin ursprungliga storlek fr\u00e5n 1855 \u00e5rs klassificering, n\u00e4mligen 90 hektar. Ving\u00e5rden och lagringsanl\u00e4ggningarna \u00e4r nu ocks\u00e5 uppdaterade och som ett resultat har kvaliteten f\u00f6rb\u00e4ttrats avsev\u00e4rt under de senaste 15 \u00e5ren.<br \/>\nVinet best\u00e5r n\u00e4stan uteslutande av cabernet sauvignon med lite merlot tillsatt.<br \/>\nJ\u00e4sningen sker i stora tr\u00e4fat med en total maceration p\u00e5 knappt en m\u00e5nad. Vinet lagras sedan i 12 m\u00e5nader p\u00e5 20 % nya barriquer.<br \/>\nEfter montering vilar vinet i stora tr\u00e4fat innan buteljering sker utan filtrering, men endast med en skonsam klarning.<\/p>\n<p>Doften och smaken erbjuder klassiska dygder som svarta vinb\u00e4r, skogsb\u00e4r och l\u00e4tt fath\u00e4rledda aromer av kaffe och vanilj.<br \/>\nDen grusiga, kiselhaltiga jorden ger vinet en utm\u00e4rkt elegans; det \u00e4r inte utan anledning som M\u00e9doc-halv\u00f6n fortfarande \u00e4r riktm\u00e4rket f\u00f6r cabernet sauvignon-dominerade viner.<\/p>\n<p>Les All\u00e9s de Cantemerle kan avnjutas nu och om 5-10 \u00e5r.<br \/>\nMed tiden kommer aromer av cigarrl\u00e5dor att ta platsen f\u00f6r l\u00e4cker svartvinb\u00e4rsfrukt.<\/p>\n<p>Vi rekommenderar ett rymligt &#8217;Bordeauxglas&#8217; och en serveringstemperatur p\u00e5 16-18\u00b0, g\u00e4rna till en r\u00e4tt med lamm eller n\u00f6t och en molns\u00e5s med en skv\u00e4tt gl\u00f6gg i.<\/p>\n","protected":false},"excerpt":{"rendered":"<p>Grand Vin de Bordeaux \u2013 France<\/p>\n","protected":false},"featured_media":36529,"template":"","meta":{"_acf_changed":false,"rs_blank_template":"","rs_page_bg_color":"","slide_template_v7":""},"product_brand":[],"product_cat":[2788,2798],"product_tag":[],"class_list":{"0":"post-36441","1":"product","2":"type-product","3":"status-publish","4":"has-post-thumbnail","6":"product_cat-vin-sv","7":"product_cat-roedvin-sv","8":"pa_aargang-2016-sv","9":"pa_drue-cabernet-sauvignon-sv","10":"pa_drue-merlot-sv","11":"pa_land-frankrike","12":"pa_procent-14-sv","13":"pa_producent-chateau-cantemerle-sv","14":"pa_region-bordeaux-sv","15":"pa_serveringstemperatur-16-18-sv","16":"pa_volume-75-sv","18":"first","19":"instock","20":"taxable","21":"shipping-taxable","22":"purchasable","23":"product-type-simple"},"bundled_by":[],"bundle_stock_status":"instock","bundle_stock_quantity":null,"bundle_virtual":false,"bundle_layout":"","bundle_add_to_cart_form_location":"","bundle_editable_in_cart":false,"bundle_sold_individually_context":"","bundle_item_grouping":"","bundle_min_size":"","bundle_max_size":"","bundle_price":[],"bundled_items":[],"bundle_sell_ids":[],"acf":[],"_links":{"self":[{"href":"https:\/\/www.raschvin.com\/sv\/wp-json\/wp\/v2\/product\/36441","targetHints":{"allow":["GET"]}}],"collection":[{"href":"https:\/\/www.raschvin.com\/sv\/wp-json\/wp\/v2\/product"}],"about":[{"href":"https:\/\/www.raschvin.com\/sv\/wp-json\/wp\/v2\/types\/product"}],"wp:featuredmedia":[{"embeddable":true,"href":"https:\/\/www.raschvin.com\/sv\/wp-json\/wp\/v2\/media\/36529"}],"wp:attachment":[{"href":"https:\/\/www.raschvin.com\/sv\/wp-json\/wp\/v2\/media?parent=36441"}],"wp:term":[{"taxonomy":"product_brand","embeddable":true,"href":"https:\/\/www.raschvin.com\/sv\/wp-json\/wp\/v2\/product_brand?post=36441"},{"taxonomy":"product_cat","embeddable":true,"href":"https:\/\/www.raschvin.com\/sv\/wp-json\/wp\/v2\/product_cat?post=36441"},{"taxonomy":"product_tag","embeddable":true,"href":"https:\/\/www.raschvin.com\/sv\/wp-json\/wp\/v2\/product_tag?post=36441"}],"curies":[{"name":"wp","href":"https:\/\/api.w.org\/{rel}","templated":true}]}}