{"id":36417,"date":"2023-05-27T08:17:50","date_gmt":"2023-05-27T06:17:50","guid":{"rendered":"https:\/\/www.raschvin.com\/produkt\/la-closerie-de-camensac-haut-medoc-2017-75-cl\/"},"modified":"2025-06-30T10:40:20","modified_gmt":"2025-06-30T08:40:20","slug":"la-closerie-de-camensac-haut-medoc-2017-75-cl","status":"publish","type":"product","link":"https:\/\/www.raschvin.com\/sv\/produkt\/la-closerie-de-camensac-haut-medoc-2017-75-cl\/","title":{"rendered":"La Closerie de Camensac Haut-M\u00e9doc 2018 75 cl."},"content":{"rendered":"<p>Detta \u00e4r det andra vinet f\u00f6r Ch\u00e2teau Camensac, 5:e Cru Class\u00e9, som har visat stora framsteg i form under det senaste decenniet. Familjen Merlaut (\u00e4garna inkluderar Gruaud Larose) har gjort massiva investeringar i k\u00f6p och \u00e5terplantering av \u00e5krar, produktionsanl\u00e4ggningar och inte minst ett fruktbart samarbete med den r\u00e5dgivande stj\u00e4rn\u00f6nologen Eric Boissenot. Detta har resulterat i mycket b\u00e4ttre viner som \u00e5terigen \u00e4r v\u00e4rda sin f\u00f6rn\u00e4mliga klassificering.<\/p>\n<p>\u00c5krarna ligger i Haut-M\u00e9doc mot det sydv\u00e4stra h\u00f6rnet av St. Julien med Ch. Lagrange och Ch. La Tour-Carnet som n\u00e4rmaste grannar. En majoritet av de nu 86 hektar \u00e5krar \u00e4r planterade med mer \u00e4n 10 000 vinstockar per hektar. Cabernet Sauvignon och Merlot odlas p\u00e5 det alluviala gruset, som f\u00f6rekommer 50\/50 i detta vin.<\/p>\n<p>La Closerie de Camensac 2017 j\u00e4ser en vecka i st\u00e5l vid 28\u00b0 och macereras sedan i ytterligare tre veckor, innan en skonsam, pneumatisk pressning och efterf\u00f6ljande \u00e5ldring i 12 m\u00e5nader p\u00e5 barriques, varav 10 % \u00e4r nya.<\/p>\n<p>Vinet framst\u00e5r som ungt men harmoniskt med en blandning av t\u00e4t, m\u00f6rk frukt och r\u00f6da, mogna vinb\u00e4r med diskreta toner av kvalitetsek. Det finns b\u00e5de bra intensitet och en fast tanninstruktur i vinet.<br \/>\nDen senare kommer att sl\u00e4ppas runt 2027-2029, om du vill ha en mer mogen frukt och en s\u00f6ml\u00f6s dryckesupplevelse.<\/p>\n<p>90 po\u00e4ng James Suckling<\/p>\n","protected":false},"excerpt":{"rendered":"<p>Grand Vin de Bordeaux &#8211; France<\/p>\n","protected":false},"featured_media":36700,"template":"","meta":{"_acf_changed":false,"rs_blank_template":"","rs_page_bg_color":"","slide_template_v7":""},"product_brand":[],"product_cat":[2788,2798],"product_tag":[],"class_list":{"0":"post-36417","1":"product","2":"type-product","3":"status-publish","4":"has-post-thumbnail","6":"product_cat-vin-sv","7":"product_cat-roedvin-sv","8":"pa_aargang-2018-sv","9":"pa_drue-cabernet-sauvignon-sv","10":"pa_drue-merlot-sv","11":"pa_land-frankrike","12":"pa_procent-13-sv","13":"pa_producent-chateau-camensac-sv","14":"pa_region-bordeaux-sv","15":"pa_serveringstemperatur-18-20-sv","16":"pa_volume-75-sv","18":"first","19":"instock","20":"taxable","21":"shipping-taxable","22":"purchasable","23":"product-type-simple"},"bundled_by":[],"bundle_stock_status":"instock","bundle_stock_quantity":null,"bundle_virtual":false,"bundle_layout":"","bundle_add_to_cart_form_location":"","bundle_editable_in_cart":false,"bundle_sold_individually_context":"","bundle_item_grouping":"","bundle_min_size":"","bundle_max_size":"","bundle_price":[],"bundled_items":[],"bundle_sell_ids":[],"acf":[],"_links":{"self":[{"href":"https:\/\/www.raschvin.com\/sv\/wp-json\/wp\/v2\/product\/36417","targetHints":{"allow":["GET"]}}],"collection":[{"href":"https:\/\/www.raschvin.com\/sv\/wp-json\/wp\/v2\/product"}],"about":[{"href":"https:\/\/www.raschvin.com\/sv\/wp-json\/wp\/v2\/types\/product"}],"wp:featuredmedia":[{"embeddable":true,"href":"https:\/\/www.raschvin.com\/sv\/wp-json\/wp\/v2\/media\/36700"}],"wp:attachment":[{"href":"https:\/\/www.raschvin.com\/sv\/wp-json\/wp\/v2\/media?parent=36417"}],"wp:term":[{"taxonomy":"product_brand","embeddable":true,"href":"https:\/\/www.raschvin.com\/sv\/wp-json\/wp\/v2\/product_brand?post=36417"},{"taxonomy":"product_cat","embeddable":true,"href":"https:\/\/www.raschvin.com\/sv\/wp-json\/wp\/v2\/product_cat?post=36417"},{"taxonomy":"product_tag","embeddable":true,"href":"https:\/\/www.raschvin.com\/sv\/wp-json\/wp\/v2\/product_tag?post=36417"}],"curies":[{"name":"wp","href":"https:\/\/api.w.org\/{rel}","templated":true}]}}