{"id":36408,"date":"2023-05-27T07:13:48","date_gmt":"2023-05-27T05:13:48","guid":{"rendered":"https:\/\/www.raschvin.com\/produkt\/domaine-fourrey-chablis-75-cl\/"},"modified":"2026-01-21T15:56:56","modified_gmt":"2026-01-21T14:56:56","slug":"domaine-fourrey-chablis-75-cl","status":"publish","type":"product","link":"https:\/\/www.raschvin.com\/sv\/produkt\/domaine-fourrey-chablis-75-cl\/","title":{"rendered":"Domaine Fourrey Chablis 2023 75 cl."},"content":{"rendered":"<p>Familjen Fourrey \u00e4r ett litet familje\u00e4gt hus, d\u00e4r 4:e generationen idag odlar 18 hektar chardonnay. De \u00e4r med i f\u00f6reningen &#8217;Vigneron Independant&#8217;, vilket i korthet inneb\u00e4r att odlaren har hand om allt fr\u00e5n f\u00e4ltv\u00e5rd till vinifiering, tappning och f\u00f6rs\u00e4ljning. Med andra ord, det n\u00e4rmaste du kommer en garanti f\u00f6r personliga, passionerade, handgjorda viner.<\/p>\n<p>Druvorna till detta vin kommer fr\u00e5n f\u00e4lt n\u00e4ra Milly och Fleys, d\u00e4r Fourrey \u00e4ger 12 hektar p\u00e5 en lerig kalkstensjord. Vinifieringen sker uteslutande i rostfritt st\u00e5l, och vinet buteljeras p\u00e5 v\u00e5ren efter sk\u00f6rd, efter att vinet har genomg\u00e5tt malolaktisk j\u00e4sning, stabilisering och filtrering.<\/p>\n<p>Doft och smak \u00e4r i klassisk chablisstil med torr, smal citrusfrukt, gr\u00f6na \u00e4pplen och komplexa aromer fr\u00e5n vinets samspel med fingerj\u00e4sten. Kalkhaltiga mineraler, flinta och en frisk syra ger ett komplext men l\u00e4ttdrucket vin som \u00e4r ett smidigt matvin f\u00f6r en m\u00e4ngd olika bordsl\u00e4ckerheter.<\/p>\n<p>Njut av Domaine Fourrey Chablis vid serveringstemperatur p\u00e5 10-15\u00b0 beroende p\u00e5 temperament, men helst inte f\u00f6r kallt, d\u00e5 vinet inte kommer att f\u00e5 visa sina f\u00f6rtj\u00e4nster.<\/p>\n<p>Prova vinet till en fiskr\u00e4tt, g\u00e4rna till plattfisk eller torsk och en enkel, smakrik s\u00e5s som beurre blanc eller hollandaise. De l\u00e4tta k\u00f6ttr\u00e4tterna \u00e4r ocks\u00e5 sj\u00e4lvklara till ett s\u00e5dant h\u00e4r vin, men det f\u00e5r inte vara \u00f6verdrivet fett i r\u00e4tterna.<\/p>\n","protected":false},"excerpt":{"rendered":"<p>Vin De Bourgogne &#8211; France <\/p>\n","protected":false},"featured_media":36541,"template":"","meta":{"_acf_changed":false,"rs_blank_template":"","rs_page_bg_color":"","slide_template_v7":""},"product_brand":[],"product_cat":[2788,2792],"product_tag":[],"class_list":{"0":"post-36408","1":"product","2":"type-product","3":"status-publish","4":"has-post-thumbnail","6":"product_cat-vin-sv","7":"product_cat-vitt-vin","8":"pa_aargang-2022-sv","9":"pa_drue-chardonnay-sv","10":"pa_land-frankrike","11":"pa_procent-13-5-sv","12":"pa_producent-fourrey-sv","13":"pa_region-bourgogne-sv","14":"pa_serveringstemperatur-10-15-sv","15":"pa_volume-75-sv","17":"first","18":"instock","19":"taxable","20":"shipping-taxable","21":"purchasable","22":"product-type-simple"},"bundled_by":[],"bundle_stock_status":"instock","bundle_stock_quantity":null,"bundle_virtual":false,"bundle_layout":"","bundle_add_to_cart_form_location":"","bundle_editable_in_cart":false,"bundle_sold_individually_context":"","bundle_item_grouping":"","bundle_min_size":"","bundle_max_size":"","bundle_price":[],"bundled_items":[],"bundle_sell_ids":[],"acf":[],"_links":{"self":[{"href":"https:\/\/www.raschvin.com\/sv\/wp-json\/wp\/v2\/product\/36408","targetHints":{"allow":["GET"]}}],"collection":[{"href":"https:\/\/www.raschvin.com\/sv\/wp-json\/wp\/v2\/product"}],"about":[{"href":"https:\/\/www.raschvin.com\/sv\/wp-json\/wp\/v2\/types\/product"}],"wp:featuredmedia":[{"embeddable":true,"href":"https:\/\/www.raschvin.com\/sv\/wp-json\/wp\/v2\/media\/36541"}],"wp:attachment":[{"href":"https:\/\/www.raschvin.com\/sv\/wp-json\/wp\/v2\/media?parent=36408"}],"wp:term":[{"taxonomy":"product_brand","embeddable":true,"href":"https:\/\/www.raschvin.com\/sv\/wp-json\/wp\/v2\/product_brand?post=36408"},{"taxonomy":"product_cat","embeddable":true,"href":"https:\/\/www.raschvin.com\/sv\/wp-json\/wp\/v2\/product_cat?post=36408"},{"taxonomy":"product_tag","embeddable":true,"href":"https:\/\/www.raschvin.com\/sv\/wp-json\/wp\/v2\/product_tag?post=36408"}],"curies":[{"name":"wp","href":"https:\/\/api.w.org\/{rel}","templated":true}]}}