{"id":36337,"date":"2023-05-26T07:53:48","date_gmt":"2023-05-26T05:53:48","guid":{"rendered":"https:\/\/www.raschvin.com\/produkt\/pallini-limonzero-alcohol-free-50-cl-0\/"},"modified":"2023-05-26T07:53:48","modified_gmt":"2023-05-26T05:53:48","slug":"pallini-limonzero-alcohol-free-50-cl-0","status":"publish","type":"product","link":"https:\/\/www.raschvin.com\/sv\/produkt\/pallini-limonzero-alcohol-free-50-cl-0\/","title":{"rendered":"Pallini Limonzero Alcohol Free 50 cl. 0%"},"content":{"rendered":"<p>Pallini Limonzero \u00e4r v\u00e4rldens f\u00f6rsta alkoholfria limoncello! Liksom Pallinis klassiska limoncello \u00e4r den gjord p\u00e5 handplockade Sfusato-citroner fr\u00e5n Amalfikusten och smaken sitter r\u00e4tt i sk\u00e5pet. Den vann ocks\u00e5 den h\u00f6gsta utm\u00e4rkelsen, Master Award, vid Global Spirits Masters Competition 2022.<\/p>\n<p>F\u00e4rg: Ljus, gr\u00f6ngul.<br \/>\nDoft: Full kraft av solmogna citroner.<br \/>\nSmaknoter: L\u00e4ckert s\u00f6t, med massor av citrustoner och en h\u00e4rlig fr\u00e4sch\u00f6r.<\/p>\n<p>Serveringsf\u00f6rslag: Njut av kyld, \u00f6ver is eller i cocktails. Du kan till exempel g\u00f6ra en alkoholfri Pallini Spritz med alkoholfritt mousserande vin.<\/p>\n","protected":false},"excerpt":{"rendered":"<p>Non-Alcoholic Beverage<\/p>\n","protected":false},"featured_media":36356,"template":"","meta":{"_acf_changed":false,"rs_blank_template":"","rs_page_bg_color":"","slide_template_v7":""},"product_brand":[],"product_cat":[2387,2390,4670],"product_tag":[],"class_list":{"0":"post-36337","1":"product","2":"type-product","3":"status-publish","4":"has-post-thumbnail","6":"product_cat-avec-sv","7":"product_cat-sprit","8":"product_cat-frukt","9":"pa_alkoholfri-ja-sv","10":"pa_land-italien-sv","11":"pa_procent-0-sv","12":"pa_producent-pallini-sv","13":"pa_region-amalfi-sv","14":"pa_volume-50-sv","16":"first","17":"instock","18":"taxable","19":"shipping-taxable","20":"purchasable","21":"product-type-simple"},"bundled_by":[],"bundle_stock_status":"instock","bundle_stock_quantity":null,"bundle_virtual":false,"bundle_layout":"","bundle_add_to_cart_form_location":"","bundle_editable_in_cart":false,"bundle_sold_individually_context":"","bundle_item_grouping":"","bundle_min_size":"","bundle_max_size":"","bundle_price":[],"bundled_items":[],"bundle_sell_ids":[],"acf":[],"_links":{"self":[{"href":"https:\/\/www.raschvin.com\/sv\/wp-json\/wp\/v2\/product\/36337","targetHints":{"allow":["GET"]}}],"collection":[{"href":"https:\/\/www.raschvin.com\/sv\/wp-json\/wp\/v2\/product"}],"about":[{"href":"https:\/\/www.raschvin.com\/sv\/wp-json\/wp\/v2\/types\/product"}],"wp:featuredmedia":[{"embeddable":true,"href":"https:\/\/www.raschvin.com\/sv\/wp-json\/wp\/v2\/media\/36356"}],"wp:attachment":[{"href":"https:\/\/www.raschvin.com\/sv\/wp-json\/wp\/v2\/media?parent=36337"}],"wp:term":[{"taxonomy":"product_brand","embeddable":true,"href":"https:\/\/www.raschvin.com\/sv\/wp-json\/wp\/v2\/product_brand?post=36337"},{"taxonomy":"product_cat","embeddable":true,"href":"https:\/\/www.raschvin.com\/sv\/wp-json\/wp\/v2\/product_cat?post=36337"},{"taxonomy":"product_tag","embeddable":true,"href":"https:\/\/www.raschvin.com\/sv\/wp-json\/wp\/v2\/product_tag?post=36337"}],"curies":[{"name":"wp","href":"https:\/\/api.w.org\/{rel}","templated":true}]}}