{"id":36225,"date":"2023-05-25T13:18:50","date_gmt":"2023-05-25T11:18:50","guid":{"rendered":"https:\/\/www.raschvin.com\/produkt\/fanoe-snaps-ankeret-havtorn-citrus-50-cl-40\/"},"modified":"2023-05-25T13:18:50","modified_gmt":"2023-05-25T11:18:50","slug":"fanoe-snaps-ankeret-havtorn-citrus-50-cl-40","status":"publish","type":"product","link":"https:\/\/www.raschvin.com\/sv\/produkt\/fanoe-snaps-ankeret-havtorn-citrus-50-cl-40\/","title":{"rendered":"Fan\u00f8 Snaps Ankeret \u2013 Havtorn &#038; Citrus 50 cl. 40%"},"content":{"rendered":"<p>Smaknoter: Fr\u00e4scht och intensivt<\/p>\n<p>Passar till de flesta lunchr\u00e4tter, d\u00e4r den livar upp och tillf\u00f6r extra smak och fr\u00e4sch\u00f6r. Njut av tempererad eller som en kyld aperitif.<\/p>\n<p>Fan\u00f8 Snaps fr\u00e5n Fan\u00f8 Spirits \u00e4r baserade p\u00e5 ett h\u00f6gkvalitativt destillat, som sedan kryddas och lagras med naturliga och lokala r\u00e5varor p\u00e5 Fan\u00f8.<\/p>\n<p>Passar till de flesta lunchr\u00e4tter, d\u00e4r den livar upp och tillf\u00f6r extra smak och fr\u00e4sch\u00f6r. Njut av tempererad eller som en kyld aperitif. Fan\u00f8 Snaps fr\u00e5n Fan\u00f8 Spirits \u00e4r baserade p\u00e5 ett h\u00f6gkvalitativt destillat, som sedan kryddas och lagras med naturliga och lokala r\u00e5varor p\u00e5 Fan\u00f8.<\/p>\n<p>Fan\u00f8 Spirits grundades 2015 av Lars Jensen Schou. Inspirerad av Fan\u00f8s maritima historia och \u00f6ns m\u00e5nga naturliga smaker utvecklade han Fan\u00f8 Ship&#8217;s Room. Baserat p\u00e5 en rom som destilleras p\u00e5 Jamaica och sedan kryddas och lagras p\u00e5 Fan\u00f8, kombinerar Fan\u00f8 Skibsrom smaken av Vadehavet med det exotiska Karibien. Idag har sortimentet ut\u00f6kats och Fan\u00f8 Spirits tillverkar \u00e4ven akvavit.<\/p>\n","protected":false},"excerpt":{"rendered":"<p>Danish Handcrafted Snaps<\/p>\n","protected":false},"featured_media":36278,"template":"","meta":{"_acf_changed":false,"rs_blank_template":"","rs_page_bg_color":"","slide_template_v7":""},"product_brand":[],"product_cat":[2743,2393],"product_tag":[],"class_list":{"0":"post-36225","1":"product","2":"type-product","3":"status-publish","4":"has-post-thumbnail","6":"product_cat-brannvin-sv","7":"product_cat-akvavit-snaps-sv","8":"pa_land-danmark-sv","9":"pa_procent-40-sv-2","10":"pa_producent-fanoe-spirits-sv","11":"pa_region-fanoe-sv","12":"pa_volume-50-sv","14":"first","15":"instock","16":"sale","17":"taxable","18":"shipping-taxable","19":"purchasable","20":"product-type-simple"},"bundled_by":[],"bundle_stock_status":"instock","bundle_stock_quantity":null,"bundle_virtual":false,"bundle_layout":"","bundle_add_to_cart_form_location":"","bundle_editable_in_cart":false,"bundle_sold_individually_context":"","bundle_item_grouping":"","bundle_min_size":"","bundle_max_size":"","bundle_price":[],"bundled_items":[],"bundle_sell_ids":[],"acf":[],"_links":{"self":[{"href":"https:\/\/www.raschvin.com\/sv\/wp-json\/wp\/v2\/product\/36225","targetHints":{"allow":["GET"]}}],"collection":[{"href":"https:\/\/www.raschvin.com\/sv\/wp-json\/wp\/v2\/product"}],"about":[{"href":"https:\/\/www.raschvin.com\/sv\/wp-json\/wp\/v2\/types\/product"}],"wp:featuredmedia":[{"embeddable":true,"href":"https:\/\/www.raschvin.com\/sv\/wp-json\/wp\/v2\/media\/36278"}],"wp:attachment":[{"href":"https:\/\/www.raschvin.com\/sv\/wp-json\/wp\/v2\/media?parent=36225"}],"wp:term":[{"taxonomy":"product_brand","embeddable":true,"href":"https:\/\/www.raschvin.com\/sv\/wp-json\/wp\/v2\/product_brand?post=36225"},{"taxonomy":"product_cat","embeddable":true,"href":"https:\/\/www.raschvin.com\/sv\/wp-json\/wp\/v2\/product_cat?post=36225"},{"taxonomy":"product_tag","embeddable":true,"href":"https:\/\/www.raschvin.com\/sv\/wp-json\/wp\/v2\/product_tag?post=36225"}],"curies":[{"name":"wp","href":"https:\/\/api.w.org\/{rel}","templated":true}]}}