{"id":36221,"date":"2023-06-07T08:20:52","date_gmt":"2023-06-07T06:20:52","guid":{"rendered":"https:\/\/www.raschvin.com\/produkt\/pallini-limoncello-spritz-giftbox-2020-cl-26\/"},"modified":"2023-05-25T12:39:52","modified_gmt":"2023-05-25T10:39:52","slug":"pallini-limoncello-spritz-giftbox-2020-cl-26","status":"publish","type":"product","link":"https:\/\/www.raschvin.com\/sv\/produkt\/pallini-limoncello-spritz-giftbox-2020-cl-26\/","title":{"rendered":"Pallini Limoncello Spritz Giftbox 20+20 cl. 26%"},"content":{"rendered":"<p>Pallini Spritz \u00e4r en fr\u00e4sch och bubblig sommarcocktail best\u00e5ende av Prosecco, Pallini limoncello (italiensk citronlik\u00f6r) och kolsyrat vatten. Blandningen av det lite syrliga och s\u00f6ta med bubblor g\u00f6r det till ett perfekt val f\u00f6re, under eller efter middagen, t.ex. mellan portionerna f\u00f6r att fr\u00e4scha upp smakpaletten inf\u00f6r n\u00e4sta r\u00e4tt. Den \u00e4r ocks\u00e5 perfekt att bara njuta av i solen p\u00e5 terrassen \u2013 och den \u00e4r superl\u00e4tt att g\u00f6ra. Limoncellon \u00e4r den dominerande smaken i drinken &#8211; s\u00e5 anv\u00e4nd en god! Vi rekommenderar Pallini Limoncello&#8230;<\/p>\n<p>Paketet best\u00e5r av:<\/p>\n<p>1 fl. Pallini Limoncello (20cl)<br \/>\n1 fl. Mousserande vin (20cl)<\/p>\n<p>Ingen sprits utan bubblor! Prosecco \u00e4r det klassiska valet, men vi skvallrar inte om du anv\u00e4nder cremant eller cava. Kom bara ih\u00e5g att det helst ska vara p\u00e5 den torra sidan, d\u00e5 limoncellon \u00e4r ganska s\u00f6t.<br \/>\n3..2..1.. Vi har kn\u00e4ckt koden f\u00f6r den helt perfekta Pallini Spritz: 3 delar Pallini Limoncello till 2 delar bubblor och 1 del brus &#8211; S\u00c5 H\u00c4R!<\/p>\n<p>Recept &#8211; Hur man g\u00f6r en Pallini Spritz<br \/>\nIngredienser<\/p>\n<p>6cl Pallini Limoncello<br \/>\n4 cl mousserande vin, t ex Prosecco<br \/>\n2 cl kolsyrat vatten<\/p>\n<p>Glas: Vinglas.<br \/>\nGarnering: En twist av citronskal eller en skiva solmogen citron.<\/p>\n<p>S\u00e5 g\u00f6r du: H\u00e4ll alla ingredienser i ett medelstort vinglas fyllt med is och r\u00f6r om f\u00f6rsiktigt. Garnera drinken med en citronskiva eller en twist av citronskal.<br \/>\nF\u00e5 hela guiden till Pallini Spritz och l\u00e4s mycket mer om den perfekta limoncellon h\u00e4r!<\/p>\n","protected":false},"excerpt":{"rendered":"<p>Italian Lemon Liqueur<\/p>\n","protected":false},"featured_media":36314,"template":"","meta":{"_acf_changed":false,"rs_blank_template":"","rs_page_bg_color":"","slide_template_v7":""},"product_brand":[],"product_cat":[2387,2390,2753,2754,4670],"product_tag":[],"class_list":{"0":"post-36221","1":"product","2":"type-product","3":"status-publish","4":"has-post-thumbnail","6":"product_cat-avec-sv","7":"product_cat-sprit","8":"product_cat-gaavor","9":"product_cat-foeretagspresenter","10":"product_cat-frukt","11":"pa_land-italien-sv","12":"pa_procent-26-sv","13":"pa_producent-pallini-sv","14":"pa_region-amalfi-sv","15":"pa_serveringstemperatur-7-sv","16":"pa_volume-40-sv","18":"first","19":"instock","20":"sale","21":"taxable","22":"shipping-taxable","23":"purchasable","24":"product-type-simple"},"bundled_by":[],"bundle_stock_status":"instock","bundle_stock_quantity":null,"bundle_virtual":false,"bundle_layout":"","bundle_add_to_cart_form_location":"","bundle_editable_in_cart":false,"bundle_sold_individually_context":"","bundle_item_grouping":"","bundle_min_size":"","bundle_max_size":"","bundle_price":[],"bundled_items":[],"bundle_sell_ids":[],"acf":[],"_links":{"self":[{"href":"https:\/\/www.raschvin.com\/sv\/wp-json\/wp\/v2\/product\/36221","targetHints":{"allow":["GET"]}}],"collection":[{"href":"https:\/\/www.raschvin.com\/sv\/wp-json\/wp\/v2\/product"}],"about":[{"href":"https:\/\/www.raschvin.com\/sv\/wp-json\/wp\/v2\/types\/product"}],"wp:featuredmedia":[{"embeddable":true,"href":"https:\/\/www.raschvin.com\/sv\/wp-json\/wp\/v2\/media\/36314"}],"wp:attachment":[{"href":"https:\/\/www.raschvin.com\/sv\/wp-json\/wp\/v2\/media?parent=36221"}],"wp:term":[{"taxonomy":"product_brand","embeddable":true,"href":"https:\/\/www.raschvin.com\/sv\/wp-json\/wp\/v2\/product_brand?post=36221"},{"taxonomy":"product_cat","embeddable":true,"href":"https:\/\/www.raschvin.com\/sv\/wp-json\/wp\/v2\/product_cat?post=36221"},{"taxonomy":"product_tag","embeddable":true,"href":"https:\/\/www.raschvin.com\/sv\/wp-json\/wp\/v2\/product_tag?post=36221"}],"curies":[{"name":"wp","href":"https:\/\/api.w.org\/{rel}","templated":true}]}}