{"id":36209,"date":"2026-03-31T08:26:55","date_gmt":"2026-03-31T06:26:55","guid":{"rendered":"https:\/\/www.raschvin.com\/produkt\/24-herbs-botanic-blanc-gin-70-cl\/"},"modified":"2026-03-31T08:37:23","modified_gmt":"2026-03-31T06:37:23","slug":"24-herbs-botanic-blanc-gin-70-cl","status":"publish","type":"product","link":"https:\/\/www.raschvin.com\/sv\/produkt\/24-herbs-botanic-blanc-gin-70-cl\/","title":{"rendered":"24 Herbs Botanic Blanc Gin 70 cl. 40%"},"content":{"rendered":"<p>Helt nytt ginm\u00e4rke p\u00e5 marknaden, med ambitioner att er\u00f6vra hela v\u00e4rlden! Big-stakes Trend Spirits fr\u00e5n Polen st\u00e4ller fr\u00e5gan om klassgin beh\u00f6ver vara s\u00e5 dyrt, och ger till och med svaret med deras 24 Herbs-serie. Vi \u00e4r ganska imponerade av deras niv\u00e5 och f\u00f6r priset \u00e4r de om\u00f6jliga att f\u00f6rbise. De \u00e4gs av en av v\u00e4rldens st\u00f6rsta glastillverkare, och ja; det ger vissa f\u00f6rdelar med tillg\u00e5ng till l\u00e4ckra flaskor till l\u00e5ga priser. Speciellt i dessa tider n\u00e4r m\u00e5nga andra ser sina flaskpriser f\u00f6rdubblas g\u00f6r det skillnad.<\/p>\n<p>Under 2022 har de tagit hemmamarknaden i Polen med storm och nu \u00e4r de redo att leverera till den st\u00e4ndigt v\u00e4xande ginmarknaden globalt. I Polen har de vunnit ett hav av guldmedaljer och utm\u00e4rkelser, men har \u00e4nnu inte varit s\u00e5 synliga vid globala evenemang. Men det kommer nog.<\/p>\n<p>Inneh\u00e5llet, designen och priserna \u00e4r absolut skarpa, s\u00e5 vi hoppas och tror att de kommer att bli mycket framg\u00e5ngsrika.<\/p>\n<p>Som namnet antyder anv\u00e4nds totalt 24 smaker, inklusive: citronfrukt, citronskal, kamomillblomma, s\u00f6tkl\u00f6ver, timjan, bitter apelsin, angelicarot, kardemumma, mulleinblomma, kininbark, romersk kamomillblomma, pepparmynta och kanel bark. Alla naturliga ingredienser och inga konstgjorda tillsatser eller socker har anv\u00e4nts.<\/p>\n<p>\u0141ukasz Golebiewski, som bl.a. f\u00f6rfattare till flera b\u00f6cker om sprit, oenolog och domare i internationella t\u00e4vlingar och mycket mer, 24 Herbs ger f\u00f6ljande ord i sin recension:<\/p>\n<p>\u201cUppfriskande, behaglig n\u00e4sa med en hint av gurka, melon och barrtr\u00e4d. Begr\u00e4nsad doft av sprit \u2013 bakgrundsnoter av enb\u00e4r och citrusfrukter.<\/p>\n<p>Subtil s\u00f6t ton av angelicarot, citron, en l\u00e4tt touch av r\u00f6tt grapefruktskal, Provence-\u00f6rter och timjan.<\/p>\n<p>Sofistikerad och rik smak av s\u00f6t citron eller till och med apelsin. Till en b\u00f6rjan smakar ginen uppfriskande med behagliga toner av gurka &#038; melon, som senare utvecklas till en mer kryddig smak med enb\u00e4r, peppar och barrtr\u00e4d. Elegant finish, subtil och blommig (iris), med pudertoner och gurka. Utm\u00e4rkt i en gin &#038; tonic.<\/p>\n<p>Mycket uppfriskande; som en blommande v\u00e5r, f\u00f6ljt av undertoner av gul frukt och senare mer kryddig\u201d.<\/p>\n<p>Den tillverkas i sm\u00e5 omg\u00e5ngar och kommer i vackra individuellt numrerade flaskor med tr\u00e4proppar.<\/p>\n<p>Priset med: Gin of the Year London 2022<\/p>\n<p>Kvalitetsprodukt genomg\u00e5ende, men till ett rent rabatterat pris.<\/p>\n","protected":false},"excerpt":{"rendered":"<p>Polish Botanical Premium Gin<\/p>\n","protected":false},"featured_media":36260,"template":"","meta":{"_acf_changed":false,"rs_blank_template":"","rs_page_bg_color":"","slide_template_v7":""},"product_brand":[],"product_cat":[2404,9290,9479],"product_tag":[],"class_list":{"0":"post-36209","1":"product","2":"type-product","3":"status-publish","4":"has-post-thumbnail","6":"product_cat-gin-sv","7":"product_cat-distilled-gin","8":"product_cat-gintyper","9":"pa_land-polen-sv","10":"pa_procent-40-sv-2","11":"pa_producent-24-herbs-sv","12":"pa_volume-70-sv-2","14":"first","15":"instock","16":"sale","17":"taxable","18":"shipping-taxable","19":"purchasable","20":"product-type-simple"},"bundled_by":[],"bundle_stock_status":"instock","bundle_stock_quantity":null,"bundle_virtual":false,"bundle_layout":"","bundle_add_to_cart_form_location":"","bundle_editable_in_cart":false,"bundle_sold_individually_context":"","bundle_item_grouping":"","bundle_min_size":"","bundle_max_size":"","bundle_price":[],"bundled_items":[],"bundle_sell_ids":[],"acf":[],"_links":{"self":[{"href":"https:\/\/www.raschvin.com\/sv\/wp-json\/wp\/v2\/product\/36209","targetHints":{"allow":["GET"]}}],"collection":[{"href":"https:\/\/www.raschvin.com\/sv\/wp-json\/wp\/v2\/product"}],"about":[{"href":"https:\/\/www.raschvin.com\/sv\/wp-json\/wp\/v2\/types\/product"}],"wp:featuredmedia":[{"embeddable":true,"href":"https:\/\/www.raschvin.com\/sv\/wp-json\/wp\/v2\/media\/36260"}],"wp:attachment":[{"href":"https:\/\/www.raschvin.com\/sv\/wp-json\/wp\/v2\/media?parent=36209"}],"wp:term":[{"taxonomy":"product_brand","embeddable":true,"href":"https:\/\/www.raschvin.com\/sv\/wp-json\/wp\/v2\/product_brand?post=36209"},{"taxonomy":"product_cat","embeddable":true,"href":"https:\/\/www.raschvin.com\/sv\/wp-json\/wp\/v2\/product_cat?post=36209"},{"taxonomy":"product_tag","embeddable":true,"href":"https:\/\/www.raschvin.com\/sv\/wp-json\/wp\/v2\/product_tag?post=36209"}],"curies":[{"name":"wp","href":"https:\/\/api.w.org\/{rel}","templated":true}]}}