{"id":35831,"date":"2025-01-14T17:33:37","date_gmt":"2025-01-14T16:33:37","guid":{"rendered":"https:\/\/www.raschvin.com\/produkt\/minttu-twist-polka-50-cl-16\/"},"modified":"2023-04-26T13:53:37","modified_gmt":"2023-04-26T11:53:37","slug":"minttu-twist-polka-50-cl-16","status":"publish","type":"product","link":"https:\/\/www.raschvin.com\/sv\/produkt\/minttu-twist-polka-50-cl-16\/","title":{"rendered":"Minttu TWIST &#8211; Polka 50 cl. 16%"},"content":{"rendered":"<p>K\u00e4nn dig ovanligt glad och bekv\u00e4m medan du njuter av MINTTU TWIST POLKA-lik\u00f6ren, som kommer att s\u00f6ta varje \u00f6gonblick och ge den en ovanlig mintig fr\u00e4sch\u00f6r.<\/p>\n<p>Detta \u00e4r en serie festlik\u00f6rer av h\u00f6g kvalitet. Nyckeln till dess uppfriskande vinterfriskhet \u00e4r rent finskt vatten i kombination med doften av \u00e4kta myntav\u00e4xter. S\u00f6t polka finns i m\u00e5nga former och storlekar fr\u00e5n godisdroppar till julpinnar. Nu \u00e4r det dags att njuta av denna klassiska smak utan att anstr\u00e4nga k\u00e4ken! Vi rekommenderar att du anv\u00e4nder den i sin rena form, med is i ett trevligt s\u00e4llskap.<\/p>\n<p>Minttu skapar h\u00f6gkvalitativa lik\u00f6rer som s\u00e4tter ig\u00e5ng festen. Nyckeln till den energigivande vinterfriskheten \u00e4r det rena finska grundvattnet i kombination med smaken av \u00e4kta pepparmyntav\u00e4xter (Mentha Piperita). Givetvis serverad i den ikoniska iskubsformade flaskan.<br \/>\nPolkapepparmynta finns i m\u00e5nga former och storlekar fr\u00e5n godis till julpinnar. Nu \u00e4r det dags att njuta av denna klassiska smak i Minttu Twist Polka.<\/p>\n","protected":false},"excerpt":{"rendered":"<p>The Legendary Mint Shot From Finland<\/p>\n","protected":false},"featured_media":35842,"template":"","meta":{"_acf_changed":false,"rs_blank_template":"","rs_page_bg_color":"","slide_template_v7":""},"product_brand":[],"product_cat":[2390,2402,2407,4716,9392,9395,9398,9404],"product_tag":[],"class_list":{"0":"post-35831","1":"product","2":"type-product","3":"status-publish","4":"has-post-thumbnail","6":"product_cat-sprit","7":"product_cat-sprit-sv","8":"product_cat-shots-sv","9":"product_cat-andra-likorer","10":"product_cat-likor-och-ol","11":"product_cat-likortyper","12":"product_cat-likor-efter-bas","13":"product_cat-vodkalikor","14":"pa_land-finland-sv","15":"pa_procent-16-sv","16":"pa_producent-pernod-ricard-2-sv","17":"pa_region-turku-sv","18":"pa_serveringstemperatur-8-10-sv","19":"pa_volume-50-sv","21":"first","22":"outofstock","23":"taxable","24":"shipping-taxable","25":"purchasable","26":"product-type-simple"},"bundled_by":[],"bundle_stock_status":"outofstock","bundle_stock_quantity":null,"bundle_virtual":false,"bundle_layout":"","bundle_add_to_cart_form_location":"","bundle_editable_in_cart":false,"bundle_sold_individually_context":"","bundle_item_grouping":"","bundle_min_size":"","bundle_max_size":"","bundle_price":[],"bundled_items":[],"bundle_sell_ids":[],"acf":[],"_links":{"self":[{"href":"https:\/\/www.raschvin.com\/sv\/wp-json\/wp\/v2\/product\/35831","targetHints":{"allow":["GET"]}}],"collection":[{"href":"https:\/\/www.raschvin.com\/sv\/wp-json\/wp\/v2\/product"}],"about":[{"href":"https:\/\/www.raschvin.com\/sv\/wp-json\/wp\/v2\/types\/product"}],"wp:featuredmedia":[{"embeddable":true,"href":"https:\/\/www.raschvin.com\/sv\/wp-json\/wp\/v2\/media\/35842"}],"wp:attachment":[{"href":"https:\/\/www.raschvin.com\/sv\/wp-json\/wp\/v2\/media?parent=35831"}],"wp:term":[{"taxonomy":"product_brand","embeddable":true,"href":"https:\/\/www.raschvin.com\/sv\/wp-json\/wp\/v2\/product_brand?post=35831"},{"taxonomy":"product_cat","embeddable":true,"href":"https:\/\/www.raschvin.com\/sv\/wp-json\/wp\/v2\/product_cat?post=35831"},{"taxonomy":"product_tag","embeddable":true,"href":"https:\/\/www.raschvin.com\/sv\/wp-json\/wp\/v2\/product_tag?post=35831"}],"curies":[{"name":"wp","href":"https:\/\/api.w.org\/{rel}","templated":true}]}}