{"id":35827,"date":"2023-04-26T13:41:02","date_gmt":"2023-04-26T11:41:02","guid":{"rendered":"https:\/\/www.raschvin.com\/produkt\/minttu-twist-toffy-popcorn-50-cl-16\/"},"modified":"2023-04-26T13:41:02","modified_gmt":"2023-04-26T11:41:02","slug":"minttu-twist-toffy-popcorn-50-cl-16","status":"publish","type":"product","link":"https:\/\/www.raschvin.com\/sv\/produkt\/minttu-twist-toffy-popcorn-50-cl-16\/","title":{"rendered":"Minttu TWIST &#8211; Toffy Popcorn 50 cl. 16%"},"content":{"rendered":"<p>Minttu Twist Toffy Popcorn kombinerar toner av salta popcorn, s\u00f6t kola och f\u00e4rsk pepparmynta. H\u00e4r skapas en helt ny smakupplevelse! Avnjuts b\u00e4st som en kyld shot, men ocks\u00e5 utm\u00e4rkt i en varm vinterdrink. Vegansk och glutenfri. Inneh\u00e5ller inga konstgjorda tillsatser &#8211; varken f\u00e4rg, allergener eller konserveringsmedel.<\/p>\n<p>Minttu skapar h\u00f6gkvalitativa lik\u00f6rer som s\u00e4tter ig\u00e5ng festen. Nyckeln till den energigivande vinterfriskheten \u00e4r det rena finska grundvattnet i kombination med smaken av \u00e4kta pepparmyntav\u00e4xter (Mentha Piperita). Givetvis serverad i den ikoniska iskubsformade flaskan.<br \/>\nPolkapepparmynta finns i m\u00e5nga former och storlekar fr\u00e5n godis till julpinnar. Nu \u00e4r det dags att njuta av denna klassiska smak i Minttu Twist Polka.<\/p>\n","protected":false},"excerpt":{"rendered":"<p>The Legendary Mint Shot From Finland<\/p>\n","protected":false},"featured_media":35866,"template":"","meta":{"_acf_changed":false,"rs_blank_template":"","rs_page_bg_color":"","slide_template_v7":""},"product_brand":[],"product_cat":[4716,2387,2407,2390,2402],"product_tag":[],"class_list":{"0":"post-35827","1":"product","2":"type-product","3":"status-publish","4":"has-post-thumbnail","6":"product_cat-andra-likorer","7":"product_cat-avec-sv","8":"product_cat-shots-sv","9":"product_cat-sprit","10":"product_cat-sprit-sv","11":"pa_land-finland-sv","12":"pa_procent-16-sv","13":"pa_producent-pernod-ricard-2-sv","14":"pa_region-turku-sv","15":"pa_serveringstemperatur-8-10-sv","16":"pa_volume-50-sv","18":"first","19":"instock","20":"taxable","21":"shipping-taxable","22":"purchasable","23":"product-type-simple"},"bundled_by":[],"bundle_stock_status":"instock","bundle_stock_quantity":null,"bundle_virtual":false,"bundle_layout":"","bundle_add_to_cart_form_location":"","bundle_editable_in_cart":false,"bundle_sold_individually_context":"","bundle_item_grouping":"","bundle_min_size":"","bundle_max_size":"","bundle_price":[],"bundled_items":[],"bundle_sell_ids":[],"acf":[],"_links":{"self":[{"href":"https:\/\/www.raschvin.com\/sv\/wp-json\/wp\/v2\/product\/35827","targetHints":{"allow":["GET"]}}],"collection":[{"href":"https:\/\/www.raschvin.com\/sv\/wp-json\/wp\/v2\/product"}],"about":[{"href":"https:\/\/www.raschvin.com\/sv\/wp-json\/wp\/v2\/types\/product"}],"wp:featuredmedia":[{"embeddable":true,"href":"https:\/\/www.raschvin.com\/sv\/wp-json\/wp\/v2\/media\/35866"}],"wp:attachment":[{"href":"https:\/\/www.raschvin.com\/sv\/wp-json\/wp\/v2\/media?parent=35827"}],"wp:term":[{"taxonomy":"product_brand","embeddable":true,"href":"https:\/\/www.raschvin.com\/sv\/wp-json\/wp\/v2\/product_brand?post=35827"},{"taxonomy":"product_cat","embeddable":true,"href":"https:\/\/www.raschvin.com\/sv\/wp-json\/wp\/v2\/product_cat?post=35827"},{"taxonomy":"product_tag","embeddable":true,"href":"https:\/\/www.raschvin.com\/sv\/wp-json\/wp\/v2\/product_tag?post=35827"}],"curies":[{"name":"wp","href":"https:\/\/api.w.org\/{rel}","templated":true}]}}