{"id":35821,"date":"2023-04-26T13:21:38","date_gmt":"2023-04-26T11:21:38","guid":{"rendered":"https:\/\/www.raschvin.com\/produkt\/glen-grant-74-years-1947-private-collection-gordon-macphail-70-cl-504\/"},"modified":"2023-04-26T20:11:27","modified_gmt":"2023-04-26T18:11:27","slug":"glen-grant-74-years-1947-private-collection-gordon-macphail-70-cl-504","status":"publish","type":"product","link":"https:\/\/www.raschvin.com\/sv\/produkt\/glen-grant-74-years-1947-private-collection-gordon-macphail-70-cl-504\/","title":{"rendered":"Glen Grant 74 Years &#8211; 1948 Private Collection Gordon &#038; MacPhail 70 cl. 50,4%"},"content":{"rendered":"<p>INTRODUCERA DET<br \/>\nPRIVAT SAMLING 1948<br \/>\nFR\u00c5N GLEN GRANT DISTILLERY<br \/>\nF\u00d6R ATT FILA DEN<br \/>\nK\u00d6NING AV KUNGEN KARL III<\/p>\n<p>Den privata samlingen 1948 fr\u00e5n Glen Grant Distillery fylldes p\u00e5 ett sherryfat den 10 april 1948, \u00e5ret f\u00f6r den nya monarkens f\u00f6delse. Endast 281 flaskor kommer att finnas tillg\u00e4ngliga av denna unika, extremt s\u00e4llsynta whisky, buteljerad den 15 december, 74 \u00e5r till dagen efter Hans Majest\u00e4ts dop.<br \/>\nEfter mer \u00e4n sju decennier av mognad beh\u00e5ller denna whisky en anm\u00e4rkningsv\u00e4rd fatstyrka p\u00e5 50,4 %. Det \u00e4r en levande och doftande singelmalt fylld med festliga kryddor, gl\u00f6ggb\u00e4r, en hint av russin och citronskal.<\/p>\n<p>F\u00f6r att fira releasen \u00e4r en donation p\u00e5 \u00a325 000<br \/>\ntillverkas av Gordon &#038; MacPhail till Prince&#8217;s<br \/>\nFundament. V\u00e4lg\u00f6renhetsorganisationen driver ett m\u00e5ngsidigt program<br \/>\nutbildning och tr\u00e4ning f\u00f6r alla \u00e5ldrar och<br \/>\nbakgrund, inklusive traditionell konst och arv<br \/>\nhantverksskicklighet, tr\u00e4dg\u00e5rdsodling, v\u00e4lbefinnande och g\u00e4stfrihet,<br \/>\noch f\u00f6rnyelseprojekt f\u00f6r att st\u00f6dja samh\u00e4llen.<\/p>\n","protected":false},"excerpt":{"rendered":"<p>Scotch Single Malt Whisky<\/p>\n","protected":false},"featured_media":35857,"template":"","meta":{"_acf_changed":false,"rs_blank_template":"","rs_page_bg_color":"","slide_template_v7":""},"product_brand":[],"product_cat":[2387,7137,4651,2392],"product_tag":[],"class_list":{"0":"post-35821","1":"product","2":"type-product","3":"status-publish","4":"has-post-thumbnail","6":"product_cat-avec-sv","7":"product_cat-gordon-macphail-sv","8":"product_cat-single-malt-sv","9":"product_cat-whisky-sv","10":"pa_champagne-type-single-cask-sv","11":"pa_land-skottland","12":"pa_procent-50-4-sv","13":"pa_producent-gordon-macphail-sv","14":"pa_region-speyside-sv","15":"pa_vintage-1948-sv","16":"pa_volume-70-sv-2","18":"first","19":"instock","20":"taxable","21":"shipping-taxable","22":"purchasable","23":"product-type-simple"},"bundled_by":[],"bundle_stock_status":"instock","bundle_stock_quantity":1,"bundle_virtual":false,"bundle_layout":"","bundle_add_to_cart_form_location":"","bundle_editable_in_cart":false,"bundle_sold_individually_context":"","bundle_item_grouping":"","bundle_min_size":"","bundle_max_size":"","bundle_price":[],"bundled_items":[],"bundle_sell_ids":[],"acf":[],"_links":{"self":[{"href":"https:\/\/www.raschvin.com\/sv\/wp-json\/wp\/v2\/product\/35821","targetHints":{"allow":["GET"]}}],"collection":[{"href":"https:\/\/www.raschvin.com\/sv\/wp-json\/wp\/v2\/product"}],"about":[{"href":"https:\/\/www.raschvin.com\/sv\/wp-json\/wp\/v2\/types\/product"}],"wp:featuredmedia":[{"embeddable":true,"href":"https:\/\/www.raschvin.com\/sv\/wp-json\/wp\/v2\/media\/35857"}],"wp:attachment":[{"href":"https:\/\/www.raschvin.com\/sv\/wp-json\/wp\/v2\/media?parent=35821"}],"wp:term":[{"taxonomy":"product_brand","embeddable":true,"href":"https:\/\/www.raschvin.com\/sv\/wp-json\/wp\/v2\/product_brand?post=35821"},{"taxonomy":"product_cat","embeddable":true,"href":"https:\/\/www.raschvin.com\/sv\/wp-json\/wp\/v2\/product_cat?post=35821"},{"taxonomy":"product_tag","embeddable":true,"href":"https:\/\/www.raschvin.com\/sv\/wp-json\/wp\/v2\/product_tag?post=35821"}],"curies":[{"name":"wp","href":"https:\/\/api.w.org\/{rel}","templated":true}]}}