{"id":35703,"date":"2023-04-24T20:11:37","date_gmt":"2023-04-24T18:11:37","guid":{"rendered":"https:\/\/www.raschvin.com\/produkt\/leitz-berg-schlossberg-ruedesheim-riesling-trocken-gg-ehrenfels-75-cl\/"},"modified":"2023-04-24T20:11:37","modified_gmt":"2023-04-24T18:11:37","slug":"leitz-berg-schlossberg-ruedesheim-riesling-trocken-gg-ehrenfels-75-cl","status":"publish","type":"product","link":"https:\/\/www.raschvin.com\/sv\/produkt\/leitz-berg-schlossberg-ruedesheim-riesling-trocken-gg-ehrenfels-75-cl\/","title":{"rendered":"Leitz Berg Schlossberg &#8211; R\u00fcdesheim Riesling Trocken GG &#8221;Ehrenfels&#8221; 75 cl."},"content":{"rendered":"<p>Den l\u00e5nga j\u00e4stlagringen m\u00e4rks \u00e4ven i denna GG fr\u00e5n BERG SCHLOSSBERG och fascinerar oss fr\u00e5n f\u00f6rsta andetag med en kryddig skifferdoft och ljusa nyanser av citrusfrukter. Ut\u00f6ver dessa f\u00f6rsta intryck finns \u00e4ven en kryddig-kr\u00e4mig hint av l\u00e4tt j\u00e4st, som mycket charmigt bidrar till att \u00f6ka lusten till f\u00f6rsta klunken. Den underbart integrerade syran st\u00f6djer denna stora, kraftfulla Bergsvin mycket elegant och ber\u00e4ttar om dess \u00e4dla ursprung. En mycket komplex Riesling med en \u00f6verd\u00e5dig textur och stram mineralitet fr\u00e5n r\u00f6d skiffer och kvartsit.<\/p>\n<p>Stort &#8221;Grand Cru&#8221;-vin fr\u00e5n f\u00e4ltet Berg Schlossberg, d\u00e4r jorden fr\u00e4mst best\u00e5r av r\u00f6d skiffer och kvartsit. Den steniga jorden h\u00e5ller inte vatten s\u00e4rskilt bra och i kombination med de m\u00e5nga soltimmar som den branta, s\u00f6derl\u00e4ge sluttningen f\u00e5r g\u00f6r det att vinstockarna ofta lider av vattenbrist tidigt p\u00e5 \u00e5ret. Resultatet \u00e4r att de producerar ganska m\u00e5nga och ganska sm\u00e5 druvor, men som \u00e5 andra sidan \u00e4r koncentrerade och otroligt aromatiska.<\/p>\n<p>F\u00e4rg: halmgul.<br \/>\nN\u00e4sa: Charmig och inbjudande, med bivax och nektarin men ocks\u00e5 mer tropiska frukter och en tydlig mineralitet.<br \/>\nSmaknoter: Mirabelle och grapefrukt, limeliknande syra och en touch av salt. Intensiv men med finess och balans.<\/p>\n<p>Serveringsf\u00f6rslag: L\u00e4ttare fiskr\u00e4tter, musslor och skaldjur<\/p>\n<p>Johannes Leitz tog \u00f6ver familjens ving\u00e5rd fr\u00e5n sin far 1999, efter att ha varit ansvarig f\u00f6r vinframst\u00e4llningen sedan 1985. Under Johannes \u00e4gande har Leitz bara g\u00e5tt en v\u00e4g &#8211; upp\u00e5t! Kvaliteten har \u00f6kat fr\u00e5n bra till v\u00e4rldsklass och de har lyckats ut\u00f6ka f\u00e4lten med n\u00e5gra av de b\u00e4sta paketen runt staden R\u00fcdesheim.<\/p>\n<p>Bergssluttningen v\u00e4ster om och omedelbart runt R\u00fcdesheim \u00e4r en av de mest magiska terroirerna i hela v\u00e4rlden f\u00f6r framst\u00e4llning av viner fr\u00e5n rieslingdruvan \u2013 och d\u00e4rmed en av de mest magiska terroirerna i hela v\u00e4rlden f\u00f6r framst\u00e4llning av vitt vin!<\/p>\n<p>Det \u00e4r h\u00e4r vi hittar bland annat paketen Berg Schlo\u00dfberg, Berg Rottland, Berg Roseneck och Berg Kaisersteinfels, som alla fyra \u00e5tnjuter h\u00f6gsta m\u00f6jliga klassificering och erk\u00e4nnande i Tysklands hierarki.<\/p>\n","protected":false},"excerpt":{"rendered":"<p>Weingut Leitz \u2013 Germany<\/p>\n","protected":false},"featured_media":35766,"template":"","meta":{"_acf_changed":false,"rs_blank_template":"","rs_page_bg_color":"","slide_template_v7":""},"product_brand":[],"product_cat":[2788,2792],"product_tag":[],"class_list":{"0":"post-35703","1":"product","2":"type-product","3":"status-publish","4":"has-post-thumbnail","6":"product_cat-vin-sv","7":"product_cat-vitt-vin","8":"pa_drue-riesling-sv","9":"pa_land-tyskland-sv","10":"pa_procent-12-5-sv","11":"pa_producent-leitz-sv","12":"pa_region-rheingau-sv","13":"pa_serveringstemperatur-8-10-sv","14":"pa_volume-75-sv","16":"first","17":"instock","18":"taxable","19":"shipping-taxable","20":"purchasable","21":"product-type-simple"},"bundled_by":[],"bundle_stock_status":"instock","bundle_stock_quantity":null,"bundle_virtual":false,"bundle_layout":"","bundle_add_to_cart_form_location":"","bundle_editable_in_cart":false,"bundle_sold_individually_context":"","bundle_item_grouping":"","bundle_min_size":"","bundle_max_size":"","bundle_price":[],"bundled_items":[],"bundle_sell_ids":[],"acf":[],"_links":{"self":[{"href":"https:\/\/www.raschvin.com\/sv\/wp-json\/wp\/v2\/product\/35703","targetHints":{"allow":["GET"]}}],"collection":[{"href":"https:\/\/www.raschvin.com\/sv\/wp-json\/wp\/v2\/product"}],"about":[{"href":"https:\/\/www.raschvin.com\/sv\/wp-json\/wp\/v2\/types\/product"}],"wp:featuredmedia":[{"embeddable":true,"href":"https:\/\/www.raschvin.com\/sv\/wp-json\/wp\/v2\/media\/35766"}],"wp:attachment":[{"href":"https:\/\/www.raschvin.com\/sv\/wp-json\/wp\/v2\/media?parent=35703"}],"wp:term":[{"taxonomy":"product_brand","embeddable":true,"href":"https:\/\/www.raschvin.com\/sv\/wp-json\/wp\/v2\/product_brand?post=35703"},{"taxonomy":"product_cat","embeddable":true,"href":"https:\/\/www.raschvin.com\/sv\/wp-json\/wp\/v2\/product_cat?post=35703"},{"taxonomy":"product_tag","embeddable":true,"href":"https:\/\/www.raschvin.com\/sv\/wp-json\/wp\/v2\/product_tag?post=35703"}],"curies":[{"name":"wp","href":"https:\/\/api.w.org\/{rel}","templated":true}]}}