{"id":35698,"date":"2023-04-24T19:59:18","date_gmt":"2023-04-24T17:59:18","guid":{"rendered":"https:\/\/www.raschvin.com\/produkt\/leitz-ruedesheim-riesling-trocken-75-cl\/"},"modified":"2023-04-24T19:59:18","modified_gmt":"2023-04-24T17:59:18","slug":"leitz-ruedesheim-riesling-trocken-75-cl","status":"publish","type":"product","link":"https:\/\/www.raschvin.com\/sv\/produkt\/leitz-ruedesheim-riesling-trocken-75-cl\/","title":{"rendered":"Leitz R\u00fcdesheim \u2013 Riesling Trocken 75 cl."},"content":{"rendered":"<p>Weingut Leitz R\u00fcdesheimer Trocken \u00e4r ett tyskt vitt vin gjort p\u00e5 100 % Riesling. Druvorna odlas p\u00e5 \u00e5krar i R\u00fcdesheim i v\u00e4stra Rheingau \u2013 f\u00f6rmodligen Rheingaus mest k\u00e4nda och erk\u00e4nda vinstad. Omr\u00e5det runt staden domineras av rieslingdruvan och endast cirka 12 % av omr\u00e5det \u00e4r planterad med Pinot Noir. De dramatiska, s\u00f6derv\u00e4nda skifferbackarna, som \u00e5terspeglas i Rhens mjuka fl\u00f6de, producerar slanka mineralviner med mycket liv och mod.<\/p>\n<p>F\u00e4rg: Ljus halmguld.<br \/>\nLukt: Sval, mineralstil i doften. Gr\u00f6na \u00e4pplen samt lite persika och en hint av litchi.<br \/>\nSmaknoter: Crisp och mineral p\u00e5 tungan ocks\u00e5, med \u00e4pplen igen men \u00e4ven mirabella och gr\u00f6na \u00f6rter.<\/p>\n<p>Serveringsf\u00f6rslag: Njut av den l\u00e4tt kyld, t ex till l\u00e4tt k\u00f6tt eller fisk \u2013 g\u00f6s kanske!<\/p>\n<p>Johannes Leitz tog \u00f6ver familjens ving\u00e5rd fr\u00e5n sin far 1999, efter att ha varit ansvarig f\u00f6r vinframst\u00e4llningen sedan 1985. Under Johannes \u00e4gande har Leitz bara g\u00e5tt en v\u00e4g &#8211; upp\u00e5t! Kvaliteten har \u00f6kat fr\u00e5n bra till v\u00e4rldsklass och de har lyckats ut\u00f6ka f\u00e4lten med n\u00e5gra av de b\u00e4sta paketen runt staden R\u00fcdesheim.<\/p>\n<p>Bergssluttningen v\u00e4ster om och omedelbart runt R\u00fcdesheim \u00e4r en av de mest magiska terroirerna i hela v\u00e4rlden f\u00f6r framst\u00e4llning av viner fr\u00e5n rieslingdruvan \u2013 och d\u00e4rmed en av de mest magiska terroirerna i hela v\u00e4rlden f\u00f6r framst\u00e4llning av vitt vin!<\/p>\n<p>Det \u00e4r h\u00e4r vi hittar bland annat paketen Berg Schlo\u00dfberg, Berg Rottland, Berg Roseneck och Berg Kaisersteinfels, som alla fyra \u00e5tnjuter h\u00f6gsta m\u00f6jliga klassificering och erk\u00e4nnande i Tysklands hierarki.<\/p>\n","protected":false},"excerpt":{"rendered":"<p>Weingut Leitz \u2013 Germany<\/p>\n","protected":false},"featured_media":35742,"template":"","meta":{"_acf_changed":false,"rs_blank_template":"","rs_page_bg_color":"","slide_template_v7":""},"product_brand":[],"product_cat":[2788,2792],"product_tag":[],"class_list":{"0":"post-35698","1":"product","2":"type-product","3":"status-publish","4":"has-post-thumbnail","6":"product_cat-vin-sv","7":"product_cat-vitt-vin","8":"pa_drue-riesling-sv","9":"pa_land-tyskland-sv","10":"pa_procent-12-sv","11":"pa_producent-leitz-sv","12":"pa_region-rheingau-sv","13":"pa_serveringstemperatur-8-10-sv","14":"pa_volume-75-sv","16":"first","17":"instock","18":"taxable","19":"shipping-taxable","20":"purchasable","21":"product-type-simple"},"bundled_by":[],"bundle_stock_status":"instock","bundle_stock_quantity":null,"bundle_virtual":false,"bundle_layout":"","bundle_add_to_cart_form_location":"","bundle_editable_in_cart":false,"bundle_sold_individually_context":"","bundle_item_grouping":"","bundle_min_size":"","bundle_max_size":"","bundle_price":[],"bundled_items":[],"bundle_sell_ids":[],"acf":[],"_links":{"self":[{"href":"https:\/\/www.raschvin.com\/sv\/wp-json\/wp\/v2\/product\/35698","targetHints":{"allow":["GET"]}}],"collection":[{"href":"https:\/\/www.raschvin.com\/sv\/wp-json\/wp\/v2\/product"}],"about":[{"href":"https:\/\/www.raschvin.com\/sv\/wp-json\/wp\/v2\/types\/product"}],"wp:featuredmedia":[{"embeddable":true,"href":"https:\/\/www.raschvin.com\/sv\/wp-json\/wp\/v2\/media\/35742"}],"wp:attachment":[{"href":"https:\/\/www.raschvin.com\/sv\/wp-json\/wp\/v2\/media?parent=35698"}],"wp:term":[{"taxonomy":"product_brand","embeddable":true,"href":"https:\/\/www.raschvin.com\/sv\/wp-json\/wp\/v2\/product_brand?post=35698"},{"taxonomy":"product_cat","embeddable":true,"href":"https:\/\/www.raschvin.com\/sv\/wp-json\/wp\/v2\/product_cat?post=35698"},{"taxonomy":"product_tag","embeddable":true,"href":"https:\/\/www.raschvin.com\/sv\/wp-json\/wp\/v2\/product_tag?post=35698"}],"curies":[{"name":"wp","href":"https:\/\/api.w.org\/{rel}","templated":true}]}}