{"id":35686,"date":"2023-04-24T19:27:19","date_gmt":"2023-04-24T17:27:19","guid":{"rendered":"https:\/\/www.raschvin.com\/produkt\/leitz-eins-zwei-dry-organic-riesling-dry-75-cl\/"},"modified":"2023-04-24T19:27:19","modified_gmt":"2023-04-24T17:27:19","slug":"leitz-eins-zwei-dry-organic-riesling-dry-75-cl","status":"publish","type":"product","link":"https:\/\/www.raschvin.com\/sv\/produkt\/leitz-eins-zwei-dry-organic-riesling-dry-75-cl\/","title":{"rendered":"Leitz Eins Zwei Dry \u2013 Organic Riesling Dry 75 cl."},"content":{"rendered":"<p>P\u00e5 n\u00e4san presenterar EINS-ZWEI-DRY ORGANIC sig med en charmig touch av stenfrukt, som starkt p\u00e5minner om mogna mirabelleplommon.I munnen upplever vi en mycket fr\u00e4sch, initial smakmomentum, som \u00e5tf\u00f6ljs av mycket kryddig typiskt nyanser av persika och aprikoser; den fint integrerade, livliga syran \u00e4r \u00e5terigen iscensatt av toner av mogna mirabelleplommon och paprika. P\u00e5 grund av sin fr\u00e4sch\u00f6r och elegans ser denna Riesling v\u00e4ldigt \u00e4del och ungdomlig ut, men den kan ocks\u00e5 ses som en nykomling i v\u00e5r Rieslingv\u00e4rld. EINS-ZWEI-DRY ORGANIC har ett bra extrakt som utg\u00f6r grunden till ett mycket tilltalande vin och \u00f6kar dricksfl\u00f6det.<\/p>\n<p>Johannes Leitz tog \u00f6ver familjens ving\u00e5rd fr\u00e5n sin far 1999, efter att ha varit ansvarig f\u00f6r vinframst\u00e4llningen sedan 1985. Under Johannes \u00e4gande har Leitz bara g\u00e5tt en v\u00e4g &#8211; upp\u00e5t! Kvaliteten har \u00f6kat fr\u00e5n bra till v\u00e4rldsklass och de har lyckats ut\u00f6ka f\u00e4lten med n\u00e5gra av de b\u00e4sta paketen runt staden R\u00fcdesheim.<\/p>\n<p>Bergssluttningen v\u00e4ster om och omedelbart runt R\u00fcdesheim \u00e4r en av de mest magiska terroirerna i hela v\u00e4rlden f\u00f6r framst\u00e4llning av viner fr\u00e5n rieslingdruvan \u2013 och d\u00e4rmed en av de mest magiska terroirerna i hela v\u00e4rlden f\u00f6r framst\u00e4llning av vitt vin!<\/p>\n<p>Det \u00e4r h\u00e4r vi hittar bland annat paketen Berg Schlo\u00dfberg, Berg Rottland, Berg Roseneck och Berg Kaisersteinfels, som alla fyra \u00e5tnjuter h\u00f6gsta m\u00f6jliga klassificering och erk\u00e4nnande i Tysklands hierarki.<\/p>\n","protected":false},"excerpt":{"rendered":"<p>Weingut Leitz \u2013 Germany<\/p>\n","protected":false},"featured_media":35709,"template":"","meta":{"_acf_changed":false,"rs_blank_template":"","rs_page_bg_color":"","slide_template_v7":""},"product_brand":[],"product_cat":[2788,2792],"product_tag":[],"class_list":{"0":"post-35686","1":"product","2":"type-product","3":"status-publish","4":"has-post-thumbnail","6":"product_cat-vin-sv","7":"product_cat-vitt-vin","8":"pa_drue-riesling-sv","9":"pa_land-tyskland-sv","10":"pa_oekologisk-organisk","11":"pa_procent-12-sv","12":"pa_producent-leitz-sv","13":"pa_region-rheingau-sv","14":"pa_serveringstemperatur-8-10-sv","15":"pa_volume-75-sv","17":"first","18":"instock","19":"taxable","20":"shipping-taxable","21":"purchasable","22":"product-type-simple"},"bundled_by":[],"bundle_stock_status":"instock","bundle_stock_quantity":null,"bundle_virtual":false,"bundle_layout":"","bundle_add_to_cart_form_location":"","bundle_editable_in_cart":false,"bundle_sold_individually_context":"","bundle_item_grouping":"","bundle_min_size":"","bundle_max_size":"","bundle_price":[],"bundled_items":[],"bundle_sell_ids":[],"acf":[],"_links":{"self":[{"href":"https:\/\/www.raschvin.com\/sv\/wp-json\/wp\/v2\/product\/35686","targetHints":{"allow":["GET"]}}],"collection":[{"href":"https:\/\/www.raschvin.com\/sv\/wp-json\/wp\/v2\/product"}],"about":[{"href":"https:\/\/www.raschvin.com\/sv\/wp-json\/wp\/v2\/types\/product"}],"wp:featuredmedia":[{"embeddable":true,"href":"https:\/\/www.raschvin.com\/sv\/wp-json\/wp\/v2\/media\/35709"}],"wp:attachment":[{"href":"https:\/\/www.raschvin.com\/sv\/wp-json\/wp\/v2\/media?parent=35686"}],"wp:term":[{"taxonomy":"product_brand","embeddable":true,"href":"https:\/\/www.raschvin.com\/sv\/wp-json\/wp\/v2\/product_brand?post=35686"},{"taxonomy":"product_cat","embeddable":true,"href":"https:\/\/www.raschvin.com\/sv\/wp-json\/wp\/v2\/product_cat?post=35686"},{"taxonomy":"product_tag","embeddable":true,"href":"https:\/\/www.raschvin.com\/sv\/wp-json\/wp\/v2\/product_tag?post=35686"}],"curies":[{"name":"wp","href":"https:\/\/api.w.org\/{rel}","templated":true}]}}