{"id":35574,"date":"2023-04-19T08:25:19","date_gmt":"2023-04-19T06:25:19","guid":{"rendered":"https:\/\/www.raschvin.com\/produkt\/amrut-master-distillers-reserve-70-cl-50\/"},"modified":"2023-04-19T08:25:19","modified_gmt":"2023-04-19T06:25:19","slug":"amrut-master-distillers-reserve-70-cl-50","status":"publish","type":"product","link":"https:\/\/www.raschvin.com\/sv\/produkt\/amrut-master-distillers-reserve-70-cl-50\/","title":{"rendered":"Amrut Master Distiller&#8217;s Reserve 70 cl. 50%"},"content":{"rendered":"<p>Master Distiller&#8217;s Reserve \u00e4r det f\u00f6rsta uttrycket av en \u00e5rlig serie av enstaka fat som valts ut av masterdestilleriet i Amrut. Detta uttryck av ren elegans \u00e4r gjort av whisky lagrad p\u00e5 f\u00f6re detta bourbonfat och sedan p\u00e5 ett gammalt Pedro Ximenez sherryfat. Detta enda fat markerar ocks\u00e5 det f\u00f6rsta torvade uttrycket som lagrats p\u00e5 ett sherryfat f\u00f6r Amrut.<\/p>\n<p>F\u00e4rg: Amber.<br \/>\nN\u00e4sa: Dominerande aromer av torkad frukt, fikon och plommon som utvecklas p\u00e5 kola, choklad och tobak. I bakgrunden finns ocks\u00e5 s\u00f6ta toner av melon och fenoler.<br \/>\nSmak: Angreppet p\u00e5 gommen \u00e4r trogen n\u00e4san: p\u00e5 torkad frukt, kola och honung. Mittsmaken \u00e4r sirapslik med smaker av citron, tobak och en hint av krydda.<br \/>\nFinish: S\u00f6t och torr tillsammans med fenoler.<br \/>\nProfil: Gourmet och torv.<\/p>\n<p>Whisky har skrivit historia i Indien i \u00f6ver 150 \u00e5r. Historien om indisk whisky p\u00e5 skotsk niv\u00e5 b\u00f6rjade dock f\u00f6rst runt millennieskiftet. Och med Amrut.<\/p>\n<p>Indiens flaggskeppsdestilleri var det f\u00f6rsta i landet som fokuserade p\u00e5 produktion av \u00e4kta singelmalt och etablerade sin kvalitetswhisky fr\u00e5n Bangalore runt om i v\u00e4rlden. De ambiti\u00f6sa destillat\u00f6rerna f\u00f6rlitar sig p\u00e5 det sm\u00e5korniga och d\u00e4rf\u00f6r s\u00f6tare indiska kornet fr\u00e5n Himalayas fot. Amrut anv\u00e4nder endast m\u00e4ltat korn fr\u00e5n Skottland f\u00f6r sina torvade buteljeringar.<\/p>\n<p>Detta eleganta enkelfat fr\u00e5n Amrut \u00e4r tillverkat av m\u00e4ltat, torvt korn (torv fr\u00e5n Skottland), dubbeldestillerat i en j\u00e4rndestillat och lagrat p\u00e5 ex-bourbonfat innan det f\u00e4rdigst\u00e4lls p\u00e5 gamla, \u00e5terfyllda Pedro Ximenez sherryfat. Detta singelfat \u00e4r Amruts f\u00f6rsta sherryfatslagrade, torvade uttryck. Upplagan \u00e4r begr\u00e4nsad till endast 510 flaskor v\u00e4rlden \u00f6ver.<\/p>\n","protected":false},"excerpt":{"rendered":"<p>Indian Single Malt Whisky<\/p>\n","protected":false},"featured_media":35593,"template":"","meta":{"_acf_changed":false,"rs_blank_template":"","rs_page_bg_color":"","slide_template_v7":""},"product_brand":[],"product_cat":[2387,2392,4651],"product_tag":[],"class_list":{"0":"post-35574","1":"product","2":"type-product","3":"status-publish","4":"has-post-thumbnail","6":"product_cat-avec-sv","7":"product_cat-whisky-sv","8":"product_cat-single-malt-sv","9":"pa_land-indien-sv","10":"pa_procent-50-sv","11":"pa_producent-amrut-sv","12":"pa_region-bangalore-sv","13":"pa_traefad-pedro-ximenez-px-sv","14":"pa_vintage-2014-sv","15":"pa_volume-70-sv-2","17":"first","18":"instock","19":"taxable","20":"shipping-taxable","21":"purchasable","22":"product-type-simple"},"bundled_by":[],"bundle_stock_status":"instock","bundle_stock_quantity":1,"bundle_virtual":false,"bundle_layout":"","bundle_add_to_cart_form_location":"","bundle_editable_in_cart":false,"bundle_sold_individually_context":"","bundle_item_grouping":"","bundle_min_size":"","bundle_max_size":"","bundle_price":[],"bundled_items":[],"bundle_sell_ids":[],"acf":[],"_links":{"self":[{"href":"https:\/\/www.raschvin.com\/sv\/wp-json\/wp\/v2\/product\/35574","targetHints":{"allow":["GET"]}}],"collection":[{"href":"https:\/\/www.raschvin.com\/sv\/wp-json\/wp\/v2\/product"}],"about":[{"href":"https:\/\/www.raschvin.com\/sv\/wp-json\/wp\/v2\/types\/product"}],"wp:featuredmedia":[{"embeddable":true,"href":"https:\/\/www.raschvin.com\/sv\/wp-json\/wp\/v2\/media\/35593"}],"wp:attachment":[{"href":"https:\/\/www.raschvin.com\/sv\/wp-json\/wp\/v2\/media?parent=35574"}],"wp:term":[{"taxonomy":"product_brand","embeddable":true,"href":"https:\/\/www.raschvin.com\/sv\/wp-json\/wp\/v2\/product_brand?post=35574"},{"taxonomy":"product_cat","embeddable":true,"href":"https:\/\/www.raschvin.com\/sv\/wp-json\/wp\/v2\/product_cat?post=35574"},{"taxonomy":"product_tag","embeddable":true,"href":"https:\/\/www.raschvin.com\/sv\/wp-json\/wp\/v2\/product_tag?post=35574"}],"curies":[{"name":"wp","href":"https:\/\/api.w.org\/{rel}","templated":true}]}}