{"id":35571,"date":"2023-04-19T08:14:00","date_gmt":"2023-04-19T06:14:00","guid":{"rendered":"https:\/\/www.raschvin.com\/produkt\/amrut-fusion-x-70-cl-50\/"},"modified":"2023-04-24T09:05:04","modified_gmt":"2023-04-24T07:05:04","slug":"amrut-fusion-x-70-cl-50","status":"publish","type":"product","link":"https:\/\/www.raschvin.com\/sv\/produkt\/amrut-fusion-x-70-cl-50\/","title":{"rendered":"Amrut Fusion X 70 cl. 50%"},"content":{"rendered":"<p>Med anledning av 11-\u00e5rsdagen av den ber\u00f6mda AMRUT Fusion, avt\u00e4cker det indiska destilleriet Fusion XI. Denna nya begr\u00e4nsade upplaga \u00e4r en kombination av singelmalt i \u00e5ldern 7, 9, 10 och 12 \u00e5r! Lagrad p\u00e5 ex-bourbon- och portfat, det \u00e4r en torv whisky, rik p\u00e5 fruktiga aromer.<\/p>\n<p>Denna release \u00e4r begr\u00e4nsad till 1000 flaskor \u00f6ver hela v\u00e4rlden.<\/p>\n<p>N\u00e4sa: Den f\u00f6rsta n\u00e4san \u00e4r livlig, med aromer av svarta frukter och kokosgr\u00e4dde. Vid luftning blandas \u00f6mt\u00e5liga toner av vanilj, kola och m\u00f6rk choklad med de tr\u00e4iga toner fr\u00e5n mognad p\u00e5 ex-bourbonfat. Slutligen kommer estrarna delikat fram bakom aromerna av tamarind och blommor.<\/p>\n<p>Smak: F\u00f6r det f\u00f6rsta sticker de sirapsliknande torkade svarta frukterna ut, f\u00f6rde med den andra mognaden p\u00e5 ex-portfat. Sedan utvecklas smakerna p\u00e5 vaniljkr\u00e4m och m\u00f6rk choklad. Mitten av gommen \u00e4r silkeslen med toner av berusande blommor. I slutet av gommen blandas esternoterna med kryddor (svartpeppar).<\/p>\n<p>Finish: Torr, med fenoliska och honungstoner.<\/p>\n<p>Profil: Rik, torfig.<\/p>\n","protected":false},"excerpt":{"rendered":"<p>Indian Single Malt Whisky<\/p>\n","protected":false},"featured_media":35748,"template":"","meta":{"_acf_changed":false,"rs_blank_template":"","rs_page_bg_color":"","slide_template_v7":""},"product_brand":[],"product_cat":[2387,2392,4651],"product_tag":[],"class_list":{"0":"post-35571","1":"product","2":"type-product","3":"status-publish","4":"has-post-thumbnail","6":"product_cat-avec-sv","7":"product_cat-whisky-sv","8":"product_cat-single-malt-sv","9":"pa_land-indien-sv","10":"pa_procent-50-sv","11":"pa_producent-amrut-sv","12":"pa_region-bangalore-sv","13":"pa_volume-70-sv-2","15":"first","16":"instock","17":"taxable","18":"shipping-taxable","19":"purchasable","20":"product-type-simple"},"bundled_by":[],"bundle_stock_status":"instock","bundle_stock_quantity":null,"bundle_virtual":false,"bundle_layout":"","bundle_add_to_cart_form_location":"","bundle_editable_in_cart":false,"bundle_sold_individually_context":"","bundle_item_grouping":"","bundle_min_size":"","bundle_max_size":"","bundle_price":[],"bundled_items":[],"bundle_sell_ids":[],"acf":[],"_links":{"self":[{"href":"https:\/\/www.raschvin.com\/sv\/wp-json\/wp\/v2\/product\/35571","targetHints":{"allow":["GET"]}}],"collection":[{"href":"https:\/\/www.raschvin.com\/sv\/wp-json\/wp\/v2\/product"}],"about":[{"href":"https:\/\/www.raschvin.com\/sv\/wp-json\/wp\/v2\/types\/product"}],"wp:featuredmedia":[{"embeddable":true,"href":"https:\/\/www.raschvin.com\/sv\/wp-json\/wp\/v2\/media\/35748"}],"wp:attachment":[{"href":"https:\/\/www.raschvin.com\/sv\/wp-json\/wp\/v2\/media?parent=35571"}],"wp:term":[{"taxonomy":"product_brand","embeddable":true,"href":"https:\/\/www.raschvin.com\/sv\/wp-json\/wp\/v2\/product_brand?post=35571"},{"taxonomy":"product_cat","embeddable":true,"href":"https:\/\/www.raschvin.com\/sv\/wp-json\/wp\/v2\/product_cat?post=35571"},{"taxonomy":"product_tag","embeddable":true,"href":"https:\/\/www.raschvin.com\/sv\/wp-json\/wp\/v2\/product_tag?post=35571"}],"curies":[{"name":"wp","href":"https:\/\/api.w.org\/{rel}","templated":true}]}}