{"id":35453,"date":"2023-04-18T09:31:16","date_gmt":"2023-04-18T07:31:16","guid":{"rendered":"https:\/\/www.raschvin.com\/produkt\/rhum-j-m-atelier-jardin-fruite-rhum-agricole-70-cl-42\/"},"modified":"2023-04-18T10:14:55","modified_gmt":"2023-04-18T08:14:55","slug":"rhum-j-m-atelier-jardin-fruite-rhum-agricole-70-cl-42","status":"publish","type":"product","link":"https:\/\/www.raschvin.com\/sv\/produkt\/rhum-j-m-atelier-jardin-fruite-rhum-agricole-70-cl-42\/","title":{"rendered":"Rhum J.M Atelier Jardin Fruit\u00e9 &#8211; Rhum Agricole 70 cl. 42%"},"content":{"rendered":"<p>Rhum JM L&#8217;Atelier des Rhums Jardin Fruit\u00e9 \u00e4r en rhum agricole fr\u00e5n Martinique. Denna nya release fr\u00e5n JM best\u00e5r av 2 \u00e5r gammal rom lagrad i b\u00e5de amerikansk och fransk ek. Det \u00e4r en av 3 sl\u00e4pp i Atelier-serien, och som namnet antyder pr\u00e4glas den verkligen av fruktiga och exotiska toner. Ett gott glas rom till ett mycket attraktivt pris!<\/p>\n<p>F\u00e4rg: Gyllene.<br \/>\nLukt: Fin doft av ananas, banan, vanilj, sockerr\u00f6rsjuice och ek.<br \/>\nSmaknoter: Elegant och fruktig. Ligger l\u00e4tt och smidigt p\u00e5 tungan, \u00e5terigen med toner av tropisk frukt, vanilj och muskotn\u00f6t.<\/p>\n<p>Serveringsf\u00f6rslag: Kan avnjutas snyggt eller i cocktails.<\/p>\n<p>Plantagen d\u00e4r Rhum JM tillverkas idag var ursprungligen bara ett sockerraffinaderi, men n\u00e4r Jean-Marie Martin k\u00f6pte fastigheten 1845 bytte han fokus fr\u00e5n socker till rom. Jean-Marie hade snabbt uppt\u00e4ckt att de unika f\u00f6rh\u00e5llandena p\u00e5 f\u00e4lten vid foten av Mont Pel\u00e9e skapade sockerr\u00f6r av en o\u00f6vertr\u00e4ffad kvalitet som skulle g\u00f6ra en utm\u00e4rkt rhum agricole. Och \u00e4n i dag odlas fortfarande 100 % av destilleriets sockerr\u00f6r p\u00e5 den m\u00e4ktiga vulkanens branta sluttningar. JM lyfter fram 4 saker som \u00e4r avg\u00f6rande f\u00f6r terroiren: den frodiga, vulkaniska jorden, den tropiska luftfuktigheten fr\u00e5n det l\u00e5ga molnt\u00e4cket, ventilationen fr\u00e5n havsbrisen som bl\u00e5ser in i vulkanen och kyler f\u00e4lten och den goda dr\u00e4neringen i den branta sluttningen. f\u00e4lt. F\u00f6r att bevara sockerr\u00f6rens alla aromer pressas de inom 1 timme efter sk\u00f6rd!<\/p>\n<p>Bredvid destilleriet och \u00e5krarna ligger k\u00e4llarna, d\u00e4r en del av rommen lagras under l\u00e4ngre perioder. Hos JM anv\u00e4nds fr\u00e4mst bourbonfat av amerikansk ek, men d\u00e5 och d\u00e5 syns \u00e4ven nya oanv\u00e4nda fat, armagnacfat, konjakfat och calvadosfat. N\u00e4r faten br\u00e4nns hos JM g\u00f6rs det genom att ant\u00e4nda h\u00f6gh\u00e5llfast rom i fatet \u2013 en imponerande syn!<\/p>\n","protected":false},"excerpt":{"rendered":"<p>Tres Vieux Rhum Agricole \u2013 Martinique<\/p>\n","protected":false},"featured_media":35550,"template":"","meta":{"_acf_changed":false,"rs_blank_template":"","rs_page_bg_color":"","slide_template_v7":""},"product_brand":[],"product_cat":[4645,2387,4634,2391],"product_tag":[],"class_list":{"0":"post-35453","1":"product","2":"type-product","3":"status-publish","4":"has-post-thumbnail","6":"product_cat-agricole-sv","7":"product_cat-avec-sv","8":"product_cat-premium-aged-sv","9":"product_cat-rom-sv","10":"pa_land-martinique-frankrike-sv","11":"pa_procent-42-sv","12":"pa_producent-jm-sv","13":"pa_volume-70-sv-2","15":"first","16":"instock","17":"taxable","18":"shipping-taxable","19":"purchasable","20":"product-type-simple"},"bundled_by":[],"bundle_stock_status":"instock","bundle_stock_quantity":null,"bundle_virtual":false,"bundle_layout":"","bundle_add_to_cart_form_location":"","bundle_editable_in_cart":false,"bundle_sold_individually_context":"","bundle_item_grouping":"","bundle_min_size":"","bundle_max_size":"","bundle_price":[],"bundled_items":[],"bundle_sell_ids":[],"acf":[],"_links":{"self":[{"href":"https:\/\/www.raschvin.com\/sv\/wp-json\/wp\/v2\/product\/35453","targetHints":{"allow":["GET"]}}],"collection":[{"href":"https:\/\/www.raschvin.com\/sv\/wp-json\/wp\/v2\/product"}],"about":[{"href":"https:\/\/www.raschvin.com\/sv\/wp-json\/wp\/v2\/types\/product"}],"wp:featuredmedia":[{"embeddable":true,"href":"https:\/\/www.raschvin.com\/sv\/wp-json\/wp\/v2\/media\/35550"}],"wp:attachment":[{"href":"https:\/\/www.raschvin.com\/sv\/wp-json\/wp\/v2\/media?parent=35453"}],"wp:term":[{"taxonomy":"product_brand","embeddable":true,"href":"https:\/\/www.raschvin.com\/sv\/wp-json\/wp\/v2\/product_brand?post=35453"},{"taxonomy":"product_cat","embeddable":true,"href":"https:\/\/www.raschvin.com\/sv\/wp-json\/wp\/v2\/product_cat?post=35453"},{"taxonomy":"product_tag","embeddable":true,"href":"https:\/\/www.raschvin.com\/sv\/wp-json\/wp\/v2\/product_tag?post=35453"}],"curies":[{"name":"wp","href":"https:\/\/api.w.org\/{rel}","templated":true}]}}