{"id":35303,"date":"2023-04-17T09:46:25","date_gmt":"2023-04-17T07:46:25","guid":{"rendered":"https:\/\/www.raschvin.com\/produkt\/lynx-chardonnay-75-cl\/"},"modified":"2023-04-17T09:46:25","modified_gmt":"2023-04-17T07:46:25","slug":"lynx-chardonnay-75-cl","status":"publish","type":"product","link":"https:\/\/www.raschvin.com\/sv\/produkt\/lynx-chardonnay-75-cl\/","title":{"rendered":"Lynx Chardonnay 75 cl."},"content":{"rendered":"<p>Om du gillar fyllig, kr\u00e4mig kalifornisk chardonnay, \u00e4r h\u00e4r ett praktexempel som helt klart har dragit nytta av solskensstatens vinv\u00e4nliga klimat.<br \/>\nH\u00e4r \u00e4r rej\u00e4l valuta f\u00f6r pengarna, som annars ofta \u00e4r kaliforniska viners akillesh\u00e4l.<\/p>\n<p>Lynx Barrel Fermented Chardonnay j\u00e4ses p\u00e5 ekfat och lagras sedan ytterligare sex m\u00e5nader p\u00e5 ek, s\u00e5 att vinet framtr\u00e4der i typisk kalifornisk stil med tryck p\u00e5 aromsidan, h\u00e4rledda aromer fr\u00e5n faten och en fruktprofil med ananas och melon , som tillsammans med f\u00e4rsk citrus ger en l\u00e4ttflytande , lyckad helhet.<\/p>\n<p>Det h\u00e4r \u00e4r ett behagligt torrt vitt vin som passar till fisk och skaldjur, till en pastar\u00e4tt med gr\u00e4ddbaserad s\u00e5s samt till de l\u00e4tta f\u00e5gelr\u00e4tterna.<\/p>\n<p>Njut av kyld vid ca. 8-10\u00b0.<\/p>\n","protected":false},"excerpt":{"rendered":"<p>Barrel Fermented &#8211; California White &#8211; USA<\/p>\n","protected":false},"featured_media":35340,"template":"","meta":{"_acf_changed":false,"rs_blank_template":"","rs_page_bg_color":"","slide_template_v7":""},"product_brand":[],"product_cat":[2788,2792],"product_tag":[],"class_list":{"0":"post-35303","1":"product","2":"type-product","3":"status-publish","4":"has-post-thumbnail","6":"product_cat-vin-sv","7":"product_cat-vitt-vin","8":"pa_drue-chardonnay-sv","9":"pa_land-usa-sv","10":"pa_procent-13-5-sv","11":"pa_producent-house-of-big-wines-sv","12":"pa_region-californien-sv","13":"pa_serveringstemperatur-8-10-sv","14":"pa_volume-75-sv","16":"first","17":"instock","18":"taxable","19":"shipping-taxable","20":"purchasable","21":"product-type-simple"},"bundled_by":[],"bundle_stock_status":"instock","bundle_stock_quantity":null,"bundle_virtual":false,"bundle_layout":"","bundle_add_to_cart_form_location":"","bundle_editable_in_cart":false,"bundle_sold_individually_context":"","bundle_item_grouping":"","bundle_min_size":"","bundle_max_size":"","bundle_price":[],"bundled_items":[],"bundle_sell_ids":[],"acf":[],"_links":{"self":[{"href":"https:\/\/www.raschvin.com\/sv\/wp-json\/wp\/v2\/product\/35303","targetHints":{"allow":["GET"]}}],"collection":[{"href":"https:\/\/www.raschvin.com\/sv\/wp-json\/wp\/v2\/product"}],"about":[{"href":"https:\/\/www.raschvin.com\/sv\/wp-json\/wp\/v2\/types\/product"}],"wp:featuredmedia":[{"embeddable":true,"href":"https:\/\/www.raschvin.com\/sv\/wp-json\/wp\/v2\/media\/35340"}],"wp:attachment":[{"href":"https:\/\/www.raschvin.com\/sv\/wp-json\/wp\/v2\/media?parent=35303"}],"wp:term":[{"taxonomy":"product_brand","embeddable":true,"href":"https:\/\/www.raschvin.com\/sv\/wp-json\/wp\/v2\/product_brand?post=35303"},{"taxonomy":"product_cat","embeddable":true,"href":"https:\/\/www.raschvin.com\/sv\/wp-json\/wp\/v2\/product_cat?post=35303"},{"taxonomy":"product_tag","embeddable":true,"href":"https:\/\/www.raschvin.com\/sv\/wp-json\/wp\/v2\/product_tag?post=35303"}],"curies":[{"name":"wp","href":"https:\/\/api.w.org\/{rel}","templated":true}]}}