{"id":35300,"date":"2023-04-17T09:25:51","date_gmt":"2023-04-17T07:25:51","guid":{"rendered":"https:\/\/www.raschvin.com\/produkt\/bacardi-carta-blanca-70-cl-375\/"},"modified":"2023-04-17T09:25:51","modified_gmt":"2023-04-17T07:25:51","slug":"bacardi-carta-blanca-70-cl-375","status":"publish","type":"product","link":"https:\/\/www.raschvin.com\/sv\/produkt\/bacardi-carta-blanca-70-cl-375\/","title":{"rendered":"Bacardi Carta Blanca 70 cl. 37,5%"},"content":{"rendered":"<p>Bacardi Carta Blanca Rom \u00e4r den ursprungliga, mycket klassiska vita rommen som anv\u00e4nds i en m\u00e4ngd olika drycker. Den \u00e4r kristallklar, mjuk och kvaliteten \u00e4r konstant.<\/p>\n<p>Njut av det, till exempel, i en Derby Daquiri:<br \/>\n4 cl ljus rom<br \/>\nEventuellt. 1 cl trippelsek<br \/>\n5 cl apelsinjuice<br \/>\n1 cl limejuice<br \/>\n5 isbitar<br \/>\nMixa alla ingredienser i en mixer och servera i ett cocktailglas.<\/p>\n<p>I februari 1862 k\u00f6per familjen Bacard\u00ed, ledd av Don Facundo Bacard\u00ed Masso, ett destilleri i Santiago de Cuba. H\u00e4r gjorde de sina egna unika blandningar och utvecklade en revolutionerande romtillverkningsmetod som f\u00f6r alltid f\u00f6r\u00e4ndrade s\u00e4ttet som rom tillverkades p\u00e5.<br \/>\nFladdermusen anses, p\u00e5 Kuba, vara en symbol f\u00f6r lycka och man tror fortfarande att den lilla lyckliga figuren p\u00e5 var och en av flaskorna hj\u00e4lper destilleriets framg\u00e5ng och lika g\u00e4rna hj\u00e4lper dem genom sv\u00e5ra tider.<br \/>\nP\u00e5 1960-talet kom revolutionen till Kuba och Bacard\u00eds tillg\u00e5ngar beslagtogs. Familjen \u00e5kte till USA, d\u00e4r varum\u00e4rket \u00e5teruppstod och frodas \u00e4n i dag.<\/p>\n","protected":false},"excerpt":{"rendered":"<p>Superior White Rum<\/p>\n","protected":false},"featured_media":35361,"template":"","meta":{"_acf_changed":false,"rs_blank_template":"","rs_page_bg_color":"","slide_template_v7":""},"product_brand":[],"product_cat":[2387,2391,4621],"product_tag":[],"class_list":{"0":"post-35300","1":"product","2":"type-product","3":"status-publish","4":"has-post-thumbnail","6":"product_cat-avec-sv","7":"product_cat-rom-sv","8":"product_cat-white-sv","9":"pa_land-cuba-sv","10":"pa_procent-37-5-sv","11":"pa_producent-bacardi-martini-production-sv","12":"pa_volume-70-sv-2","14":"first","15":"instock","16":"sale","17":"taxable","18":"shipping-taxable","19":"purchasable","20":"product-type-simple"},"bundled_by":[],"bundle_stock_status":"instock","bundle_stock_quantity":null,"bundle_virtual":false,"bundle_layout":"","bundle_add_to_cart_form_location":"","bundle_editable_in_cart":false,"bundle_sold_individually_context":"","bundle_item_grouping":"","bundle_min_size":"","bundle_max_size":"","bundle_price":[],"bundled_items":[],"bundle_sell_ids":[],"acf":[],"_links":{"self":[{"href":"https:\/\/www.raschvin.com\/sv\/wp-json\/wp\/v2\/product\/35300","targetHints":{"allow":["GET"]}}],"collection":[{"href":"https:\/\/www.raschvin.com\/sv\/wp-json\/wp\/v2\/product"}],"about":[{"href":"https:\/\/www.raschvin.com\/sv\/wp-json\/wp\/v2\/types\/product"}],"wp:featuredmedia":[{"embeddable":true,"href":"https:\/\/www.raschvin.com\/sv\/wp-json\/wp\/v2\/media\/35361"}],"wp:attachment":[{"href":"https:\/\/www.raschvin.com\/sv\/wp-json\/wp\/v2\/media?parent=35300"}],"wp:term":[{"taxonomy":"product_brand","embeddable":true,"href":"https:\/\/www.raschvin.com\/sv\/wp-json\/wp\/v2\/product_brand?post=35300"},{"taxonomy":"product_cat","embeddable":true,"href":"https:\/\/www.raschvin.com\/sv\/wp-json\/wp\/v2\/product_cat?post=35300"},{"taxonomy":"product_tag","embeddable":true,"href":"https:\/\/www.raschvin.com\/sv\/wp-json\/wp\/v2\/product_tag?post=35300"}],"curies":[{"name":"wp","href":"https:\/\/api.w.org\/{rel}","templated":true}]}}