{"id":35297,"date":"2023-04-17T09:14:47","date_gmt":"2023-04-17T07:14:47","guid":{"rendered":"https:\/\/www.raschvin.com\/produkt\/bacardi-coconut-70-cl-32\/"},"modified":"2023-04-17T09:14:47","modified_gmt":"2023-04-17T07:14:47","slug":"bacardi-coconut-70-cl-32","status":"publish","type":"product","link":"https:\/\/www.raschvin.com\/sv\/produkt\/bacardi-coconut-70-cl-32\/","title":{"rendered":"Bacardi Coconut 70 cl. 32%"},"content":{"rendered":"<p>Bacard\u00ed rom och kokos. Vad smakar mer av sommarsol och sandstr\u00e4nder \u00e4n den kombinationen? Den perfekta blandningen av vit rom och essensen av \u00e4kta kokosn\u00f6t tar dig till ett tropiskt paradis \u00e4ven n\u00e4r det regnar ute.<br \/>\nBacard\u00ed Coconut \u00e4r perfekt i exotiska drinkar och cocktails.<\/p>\n<p>I februari 1862 k\u00f6per familjen Bacard\u00ed, ledd av Don Facundo Bacard\u00ed Masso, ett destilleri i Santiago de Cuba. H\u00e4r skapade de sina egna unika blandningar och utvecklade en revolutionerande romtillverkningsmetod som f\u00f6r alltid f\u00f6r\u00e4ndrade hur rom tillverkades.<br \/>\nFladdermusen anses vara en symbol f\u00f6r lycka p\u00e5 Kuba, och man tror fortfarande att den lilla lyckliga figuren p\u00e5 varje flaska hj\u00e4lper destilleriets framg\u00e5ng och lika g\u00e4rna hj\u00e4lper dem genom sv\u00e5ra tider.<br \/>\nP\u00e5 1960-talet kom revolutionen till Kuba och Bacardis tillg\u00e5ngar beslagtogs. Familjen \u00e5kte till USA, d\u00e4r varum\u00e4rket \u00e5teruppstod och frodas \u00e4n i dag.<\/p>\n","protected":false},"excerpt":{"rendered":"<p>Coconut Flavour Spirit Drink<\/p>\n","protected":false},"featured_media":35364,"template":"","meta":{"_acf_changed":false,"rs_blank_template":"","rs_page_bg_color":"","slide_template_v7":""},"product_brand":[],"product_cat":[2387,4642,2391],"product_tag":[],"class_list":{"0":"post-35297","1":"product","2":"type-product","3":"status-publish","4":"has-post-thumbnail","6":"product_cat-avec-sv","7":"product_cat-flavoured-rom-sv","8":"product_cat-rom-sv","9":"pa_land-puerto-rico-sv","10":"pa_procent-32-sv","11":"pa_producent-bacardi-martini-production-sv","12":"pa_volume-70-sv-2","14":"first","15":"instock","16":"sale","17":"taxable","18":"shipping-taxable","19":"purchasable","20":"product-type-simple"},"bundled_by":[],"bundle_stock_status":"instock","bundle_stock_quantity":null,"bundle_virtual":false,"bundle_layout":"","bundle_add_to_cart_form_location":"","bundle_editable_in_cart":false,"bundle_sold_individually_context":"","bundle_item_grouping":"","bundle_min_size":"","bundle_max_size":"","bundle_price":[],"bundled_items":[],"bundle_sell_ids":[],"acf":[],"_links":{"self":[{"href":"https:\/\/www.raschvin.com\/sv\/wp-json\/wp\/v2\/product\/35297","targetHints":{"allow":["GET"]}}],"collection":[{"href":"https:\/\/www.raschvin.com\/sv\/wp-json\/wp\/v2\/product"}],"about":[{"href":"https:\/\/www.raschvin.com\/sv\/wp-json\/wp\/v2\/types\/product"}],"wp:featuredmedia":[{"embeddable":true,"href":"https:\/\/www.raschvin.com\/sv\/wp-json\/wp\/v2\/media\/35364"}],"wp:attachment":[{"href":"https:\/\/www.raschvin.com\/sv\/wp-json\/wp\/v2\/media?parent=35297"}],"wp:term":[{"taxonomy":"product_brand","embeddable":true,"href":"https:\/\/www.raschvin.com\/sv\/wp-json\/wp\/v2\/product_brand?post=35297"},{"taxonomy":"product_cat","embeddable":true,"href":"https:\/\/www.raschvin.com\/sv\/wp-json\/wp\/v2\/product_cat?post=35297"},{"taxonomy":"product_tag","embeddable":true,"href":"https:\/\/www.raschvin.com\/sv\/wp-json\/wp\/v2\/product_tag?post=35297"}],"curies":[{"name":"wp","href":"https:\/\/api.w.org\/{rel}","templated":true}]}}