{"id":35155,"date":"2023-04-14T09:26:36","date_gmt":"2023-04-14T07:26:36","guid":{"rendered":"https:\/\/www.raschvin.com\/produkt\/bols-genever-21-70-cl-38\/"},"modified":"2023-04-14T09:26:36","modified_gmt":"2023-04-14T07:26:36","slug":"bols-genever-21-70-cl-38","status":"publish","type":"product","link":"https:\/\/www.raschvin.com\/sv\/produkt\/bols-genever-21-70-cl-38\/","title":{"rendered":"Bols Genever 21 70 cl. 38%"},"content":{"rendered":"<p>Detta genverrecept fr\u00e5n 2000-talet har skapats i samarbete mellan Lucas Bols Master Distiller och cocktailgurun Casper Reinders, en ikon f\u00f6r Amsterdams barscen. Ginen har en subtil smak av blommor och malt med en mjuk finish och \u00e4r d\u00e4rf\u00f6r perfekt att b\u00e5de sippa eller blanda i en cocktail.<\/p>\n<p>Gin tillverkades ursprungligen som ett l\u00e4kemedel mot tropiska sjukdomar och blev k\u00e4nt n\u00e4r engelska sj\u00f6m\u00e4n tog hem det fr\u00e5n sina sj\u00f6f\u00e4rder \u2013 d\u00e5 utvecklades en imitation \u2013 k\u00e4nd som London Gin.<\/p>\n<p>adams\u00e4pple<br \/>\nIngredienser<br \/>\n45 ml Bols Genever 21<br \/>\n15 ml Bols surt \u00e4pple<br \/>\n10 ml Bols Grenadine sirap<br \/>\n60 ml \u00e4ppeljuice<br \/>\n10 ml f\u00e4rsk limejuice<br \/>\nHur man g\u00f6r ett adams\u00e4pple<br \/>\nSkaka alla ingredienser, utom grenadin, och sila \u00f6ver i ett kylt martiniglas. Tills\u00e4tt grenadin och garnera med en \u00e4ppelskiva.<\/p>\n","protected":false},"excerpt":{"rendered":"<p>Product of Holland Amsterdam Since 1575<\/p>\n","protected":false},"featured_media":35206,"template":"","meta":{"_acf_changed":false,"rs_blank_template":"","rs_page_bg_color":"","slide_template_v7":""},"product_brand":[],"product_cat":[4587,2402],"product_tag":[],"class_list":{"0":"post-35155","1":"product","2":"type-product","3":"status-publish","4":"has-post-thumbnail","6":"product_cat-genever-sv","7":"product_cat-sprit-sv","8":"pa_land-nederlaenderna","9":"pa_procent-38-sv","10":"pa_producent-lucas-bols-b-v-sv","11":"pa_volume-70-sv-2","13":"first","14":"instock","15":"sale","16":"taxable","17":"shipping-taxable","18":"purchasable","19":"product-type-simple"},"bundled_by":[],"bundle_stock_status":"instock","bundle_stock_quantity":null,"bundle_virtual":false,"bundle_layout":"","bundle_add_to_cart_form_location":"","bundle_editable_in_cart":false,"bundle_sold_individually_context":"","bundle_item_grouping":"","bundle_min_size":"","bundle_max_size":"","bundle_price":[],"bundled_items":[],"bundle_sell_ids":[],"acf":[],"_links":{"self":[{"href":"https:\/\/www.raschvin.com\/sv\/wp-json\/wp\/v2\/product\/35155","targetHints":{"allow":["GET"]}}],"collection":[{"href":"https:\/\/www.raschvin.com\/sv\/wp-json\/wp\/v2\/product"}],"about":[{"href":"https:\/\/www.raschvin.com\/sv\/wp-json\/wp\/v2\/types\/product"}],"wp:featuredmedia":[{"embeddable":true,"href":"https:\/\/www.raschvin.com\/sv\/wp-json\/wp\/v2\/media\/35206"}],"wp:attachment":[{"href":"https:\/\/www.raschvin.com\/sv\/wp-json\/wp\/v2\/media?parent=35155"}],"wp:term":[{"taxonomy":"product_brand","embeddable":true,"href":"https:\/\/www.raschvin.com\/sv\/wp-json\/wp\/v2\/product_brand?post=35155"},{"taxonomy":"product_cat","embeddable":true,"href":"https:\/\/www.raschvin.com\/sv\/wp-json\/wp\/v2\/product_cat?post=35155"},{"taxonomy":"product_tag","embeddable":true,"href":"https:\/\/www.raschvin.com\/sv\/wp-json\/wp\/v2\/product_tag?post=35155"}],"curies":[{"name":"wp","href":"https:\/\/api.w.org\/{rel}","templated":true}]}}