{"id":35151,"date":"2023-04-14T09:17:57","date_gmt":"2023-04-14T07:17:57","guid":{"rendered":"https:\/\/www.raschvin.com\/produkt\/bols-genever-original-70-cl-42-2\/"},"modified":"2023-04-14T09:30:49","modified_gmt":"2023-04-14T07:30:49","slug":"bols-genever-original-70-cl-42-2","status":"publish","type":"product","link":"https:\/\/www.raschvin.com\/sv\/produkt\/bols-genever-original-70-cl-42-2\/","title":{"rendered":"Bols Genever Original 70 cl. 42%"},"content":{"rendered":"<p>Lucas Bols producerade sin f\u00f6rsta Gen\u00e8ve 1664. Ursprungligen drack man i Gen\u00e8ve oblandad \u2013 dramen fick smeknamnet &#8221;Dutch courage&#8221; \u2013 men Gen\u00e8ve blev senare drivkraften bakom cocktailens popularitet i USA p\u00e5 1800-talet. H\u00e4r gjordes en av fyra cocktails med genever, som var s\u00e4rskilt popul\u00e4r p\u00e5 grund av sin mjuka, maltiga smak. Idag \u00e4r Lucas Bols det ledande geneverhuset i v\u00e4rlden med b\u00e5de Bols Genever Original, Bols Genever Barrel-Aged och Bols Genever 21. Bols Genever Original produceras enligt originalreceptet fr\u00e5n 1820 med en maltung och rik smak som \u00e4r helt perfekt i b\u00e5de klassiska som moderna cocktails.<\/p>\n<p>Gin tillverkades ursprungligen som ett l\u00e4kemedel mot tropiska sjukdomar och blev k\u00e4nt n\u00e4r engelska sj\u00f6m\u00e4n tog hem det fr\u00e5n sina sj\u00f6f\u00e4rder \u2013 d\u00e5 utvecklades en imitation \u2013 k\u00e4nd som London Gin.<\/p>\n<p>R\u00f6dljus Negroni<br \/>\nIngredienser<br \/>\n30ml Bols Genever Original<br \/>\n30 ml Galliano L&#8217;Aperitvo<br \/>\n30 ml s\u00f6t vermouth<br \/>\nHur man g\u00f6r en Red Light Negroni<br \/>\nH\u00e4ll alla ingredienser med is i ett mixerglas och r\u00f6r om v\u00e4l. Sila upp i ett stenglas och garnera med en apelsin twist.<br \/>\nMaster bartender tips: Tills\u00e4tt 10 ml Bols Dry Orange lik\u00f6r f\u00f6r mer citrusdjup.<\/p>\n","protected":false},"excerpt":{"rendered":"<p>Product of Holland Amsterdam Since 1575<\/p>\n","protected":false},"featured_media":35164,"template":"","meta":{"_acf_changed":false,"rs_blank_template":"","rs_page_bg_color":"","slide_template_v7":""},"product_brand":[],"product_cat":[4587,2402],"product_tag":[],"class_list":{"0":"post-35151","1":"product","2":"type-product","3":"status-publish","4":"has-post-thumbnail","6":"product_cat-genever-sv","7":"product_cat-sprit-sv","8":"pa_land-nederlaenderna","9":"pa_procent-42-sv","10":"pa_producent-lucas-bols-b-v-sv","11":"pa_volume-70-sv-2","13":"first","14":"instock","15":"sale","16":"taxable","17":"shipping-taxable","18":"purchasable","19":"product-type-simple"},"bundled_by":[],"bundle_stock_status":"instock","bundle_stock_quantity":null,"bundle_virtual":false,"bundle_layout":"","bundle_add_to_cart_form_location":"","bundle_editable_in_cart":false,"bundle_sold_individually_context":"","bundle_item_grouping":"","bundle_min_size":"","bundle_max_size":"","bundle_price":[],"bundled_items":[],"bundle_sell_ids":[],"acf":[],"_links":{"self":[{"href":"https:\/\/www.raschvin.com\/sv\/wp-json\/wp\/v2\/product\/35151","targetHints":{"allow":["GET"]}}],"collection":[{"href":"https:\/\/www.raschvin.com\/sv\/wp-json\/wp\/v2\/product"}],"about":[{"href":"https:\/\/www.raschvin.com\/sv\/wp-json\/wp\/v2\/types\/product"}],"wp:featuredmedia":[{"embeddable":true,"href":"https:\/\/www.raschvin.com\/sv\/wp-json\/wp\/v2\/media\/35164"}],"wp:attachment":[{"href":"https:\/\/www.raschvin.com\/sv\/wp-json\/wp\/v2\/media?parent=35151"}],"wp:term":[{"taxonomy":"product_brand","embeddable":true,"href":"https:\/\/www.raschvin.com\/sv\/wp-json\/wp\/v2\/product_brand?post=35151"},{"taxonomy":"product_cat","embeddable":true,"href":"https:\/\/www.raschvin.com\/sv\/wp-json\/wp\/v2\/product_cat?post=35151"},{"taxonomy":"product_tag","embeddable":true,"href":"https:\/\/www.raschvin.com\/sv\/wp-json\/wp\/v2\/product_tag?post=35151"}],"curies":[{"name":"wp","href":"https:\/\/api.w.org\/{rel}","templated":true}]}}