{"id":35020,"date":"2022-06-28T09:23:51","date_gmt":"2022-06-28T07:23:51","guid":{"rendered":"https:\/\/www.raschvin.com\/produkt\/standard-gift-case-2-flasker\/"},"modified":"2022-06-28T09:23:51","modified_gmt":"2022-06-28T07:23:51","slug":"standard-gift-case-2-flasker","status":"publish","type":"product","link":"https:\/\/www.raschvin.com\/sv\/produkt\/standard-gift-case-2-flasker\/","title":{"rendered":"Standard Wine Gift Case &#8211; 2 Bottles 2&#215;75 cl."},"content":{"rendered":"<p>Detta vinpaket inneh\u00e5ller ett noggrant utvalt vin av h\u00f6g kvalitet, f\u00f6rpackat i en flexibel, modern presentf\u00f6rpackning. Perfekt som present till en kollega eller v\u00e4n, till n\u00e5gon som uppskattar det och f\u00f6rtj\u00e4nar goda drinkar i livet.<\/p>\n<p>Inneh\u00e5llet kan variera beroende p\u00e5 erbjudande och s\u00e4song. Vill du ha annat inneh\u00e5ll eller en prisbild, v\u00e4nligen kontakta oss.<\/p>\n","protected":false},"excerpt":{"rendered":"<p>Detta vinpaket inneh\u00e5ller ett noggrant utvalt vin av h\u00f6g kvalitet, f\u00f6rpackat i en flexibel, modern presentf\u00f6rpackning. Perfekt som present till en kollega eller v\u00e4n, till n\u00e5gon som uppskattar det och&#8230;<\/p>\n","protected":false},"featured_media":22059,"template":"","meta":{"_acf_changed":false,"rs_blank_template":"","rs_page_bg_color":"","slide_template_v7":""},"product_brand":[],"product_cat":[2754,2753,2762],"product_tag":[],"class_list":{"0":"post-35020","1":"product","2":"type-product","3":"status-publish","4":"has-post-thumbnail","6":"product_cat-foeretagspresenter","7":"product_cat-gaavor","8":"product_cat-vingaver-sv","9":"pa_volume-150-sv","11":"first","12":"instock","13":"taxable","14":"shipping-taxable","15":"purchasable","16":"product-type-simple"},"bundled_by":[],"bundle_stock_status":"instock","bundle_stock_quantity":null,"bundle_virtual":false,"bundle_layout":"","bundle_add_to_cart_form_location":"","bundle_editable_in_cart":false,"bundle_sold_individually_context":"","bundle_item_grouping":"","bundle_min_size":"","bundle_max_size":"","bundle_price":[],"bundled_items":[],"bundle_sell_ids":[],"acf":[],"_links":{"self":[{"href":"https:\/\/www.raschvin.com\/sv\/wp-json\/wp\/v2\/product\/35020","targetHints":{"allow":["GET"]}}],"collection":[{"href":"https:\/\/www.raschvin.com\/sv\/wp-json\/wp\/v2\/product"}],"about":[{"href":"https:\/\/www.raschvin.com\/sv\/wp-json\/wp\/v2\/types\/product"}],"wp:featuredmedia":[{"embeddable":true,"href":"https:\/\/www.raschvin.com\/sv\/wp-json\/wp\/v2\/media\/22059"}],"wp:attachment":[{"href":"https:\/\/www.raschvin.com\/sv\/wp-json\/wp\/v2\/media?parent=35020"}],"wp:term":[{"taxonomy":"product_brand","embeddable":true,"href":"https:\/\/www.raschvin.com\/sv\/wp-json\/wp\/v2\/product_brand?post=35020"},{"taxonomy":"product_cat","embeddable":true,"href":"https:\/\/www.raschvin.com\/sv\/wp-json\/wp\/v2\/product_cat?post=35020"},{"taxonomy":"product_tag","embeddable":true,"href":"https:\/\/www.raschvin.com\/sv\/wp-json\/wp\/v2\/product_tag?post=35020"}],"curies":[{"name":"wp","href":"https:\/\/api.w.org\/{rel}","templated":true}]}}